{"id":931,"date":"2018-11-27T08:01:28","date_gmt":"2018-11-27T08:01:28","guid":{"rendered":"http:\/\/itsource.us\/csucsu\/?page_id=931"},"modified":"2019-06-23T16:10:12","modified_gmt":"2019-06-23T16:10:12","slug":"tf-forum-2018-11-24","status":"publish","type":"page","link":"https:\/\/itsource.us\/csucsu\/tf-forum-2018-11-24\/","title":{"rendered":"TF F\u00f3rum 2018.11.24."},"content":{"rendered":"<p>1. Felt\u00e9teles parancsok<br \/>\n&#8211; Az elhelyez\u00e9s\u00fcket lehetne rendszerezni (jelenleg \u00f6mlesztve vannak, sz\u00e9t lehetne szedni FKT, FL stb csop\u0151ortokra, hogy \u00e1tl\u00e1that\u00f3 legyen) -&gt; Mikl\u00f3s erre r\u00e1b\u00f3lintott, esetleg ha van elk\u00e9pzel\u00e9s\u00fcnk, k\u00fcldhet\u00fcnk neki mint\u00e1t.<br \/>\n&#8211; Fel\u00e9teles v\u00e1s\u00e1rl\u00e1s -&gt; Mikl\u00f3s nem volt boldog, de nem az\u00e9rt, mert neh\u00e9z megval\u00f3s\u00edtani, vagy mert megint egy k\u00e9nyelmi funkci\u00f3, hanem mert ez tov\u00e1bbi forr\u00e1sa lehet az ostoba reklam\u00e1ci\u00f3knak (lev\u00e9l a JV-nek mi\u00e9rt NEM vett a karakterem XY-t&#8230;. jah, nem volt p\u00e9nzed. vagy jah azt nem ebben a boltban lehet kapni). Lehet, hogy megval\u00f3sul, de nem \u00edg\u00e9rte 100%-ra.<\/p>\n<p>2. IN parancsok t\u00f6meges \u00e1tad\u00e1sa az &#8222;A&#8221; parancshoz hasonl\u00f3an -&gt; OK.<\/p>\n<p>2.5 Itt j\u00f6tt egy kis ArgumCity rekl\u00e1m, Mikl\u00f3s h\u00e1l\u00e1s lenne, ha \u00edrn\u00e1nk p\u00e1r j\u00f3 sz\u00f3t r\u00f3la a hivatalos f\u00f3rumon (a TF talin Mikl\u00f3s tartott r\u00f3la egy bemutat\u00f3t\/ prezent\u00e1ci\u00f3t).<\/p>\n<p>3. Honlapon a fordul\u00f3k t\u00f6meges let\u00f6lt\u00e9se -&gt; \u00dagy t\u0171nt erre sokaknak lenne r\u00e1 ig\u00e9nye (\u00e9s nem Ery programj\u00e1n kereszt\u00fcl, hanem a honlapr\u00f3l), a t\u00e9m\u00e1t K.Zolihoz passzolj\u00e1k, ha \u0150 megoldja, akkor lesz.<\/p>\n<p>4. \u00cdr\u00f3djon ki a kar.lapra, mely m\u00e1sznival\u00f3kn\u00e1l kapcsoltuk KI a +1 sz\u00f6rnyet -&gt; OK.<\/p>\n<p>5. Felt\u00e9teles M\u00e1sz\u00e1sn\u00e1l \u00e1ll\u00edthat\u00f3 legyen, hogy minimum mely terept\u00e1rgyba m\u00e1szok fel (a FAS mint\u00e1j\u00e1ra) -&gt; OK.<\/p>\n<p>6. IngyenFordul\u00f3<br \/>\nA javaslat, hogy legyen \u00e1rny\u00e9kzseton nem tetszett Mikl\u00f3snak.<br \/>\nHossz\u00fa vitatkoz\u00e1s ut\u00e1n abban \u00e1llapodtunk meg Mikl\u00f3ssal:<br \/>\n&#8211; Ha egy fordul\u00f3 min. 31 zsetonba ker\u00fcl akkor IF lesz<br \/>\n&#8211; Ha nincs el\u00e9g zsetonja l\u00e9pni valakinek, de van IF-e, akkor mindenk\u00e9pp IF-b\u0151l l\u00e9p, akkor is, ha 10 zsetonos fordul\u00f3 lenne.<\/p>\n<p>7. sz\u00f6rnyidom\u00edt\u00e1s<br \/>\n&#8211; nyugatra legyen alternat\u00edva az \u00e9l\u0151holtakkal szemben -&gt; kateg\u00f3rikus NEM. Aki t\u00e1polni akar megveszi Martianb\u00f3l a halotth\u00edv\u00e1st, akkor is ha Raia h\u00edv\u0151 \u00e9s id\u00e9z \u00e9l\u0151holtat. Aki nem akar t\u00e1polni \u00e9rje be azzal, ami van.<br \/>\n&#8211; keletre (a s\u00edkokra?) lesznek majd \u00faj, idom\u00edthat\u00f3 l\u00e9nyek<\/p>\n<p>8. Aritma g\u00f6mbje ne jelezzen azokn\u00e1l, amik nem elfoghat\u00f3ak -&gt; Erre is NEM volt v\u00e1lasz, de Ery valamit magyar\u00e1zott Mikl\u00f3snak, amire a &#8222;te meg honnan tudod mi van a programk\u00f3dban&#8221; volt a v\u00e1lasz \ud83d\ude00 A l\u00e9nyeg, hogy tal\u00e1n m\u00e9gis lesz jav\u00edtva.<\/p>\n<p>9. A befogott sz\u00f6rnyek list\u00e1j\u00e1nak b\u0151v\u00edt\u00e9se 10-r\u0151l feljebb -&gt; nem lesz.<\/p>\n<p>10. Online fel\u00fcleten \u00e1ll\u00edthat\u00f3 felt\u00e9teles parancsok, HU stb \u00e1ll\u00edt\u00e1s. Mikl\u00f3s azt mondja, ha ilyet tudn\u00e1nak, az m\u00e1r = lenne az Online TF-el. Ami nincs. \u00c9s am\u00edg nincs r\u00e1 programoz\u00f3, nem is lesz.<\/p>\n<p>11. A tolvajszem ne \u00e9rz\u00e9kelje a lophatatlan t\u00e1rgyakat -&gt; nem lesz. nem \u00e9ri meg a befejlesztett id\u0151 a hozz\u00e1adott \u00e9rt\u00e9ket.<\/p>\n<p>12. Inv\u00e1zi\u00f3s gy\u0171jt\u0151re (9089) m\u0171k\u00f6dj\u00f6n az FTV. Mikl\u00f3s szerint m\u00e1r k\u00e9sz van, de persze nincs. Megn\u00e9zik, de nem priorit\u00e1s, mivel az \u00e9l\u0151holtasnak mindj\u00e1rt v\u00e9ge.<\/p>\n<p>13. Felt\u00e9teles \u00fasz\u00e1s -&gt; ez m\u00e9g ny\u00e1r \u00f3ta rajta van Mikl\u00f3s list\u00e1j\u00e1n. Egyel\u0151re rajta is marad.<\/p>\n<p>14. Hasznos isteni \u0151si gy\u00f3gy\u00edt\u00f3 vari -&gt; ez az ami v\u00e9letlen\u00fcl ki is der\u00fclt, t\u0171z s\u00edkj\u00e1n lesz el\u00e9rhet\u0151 (k\u00e9nytelen leszek elk\u00fcldeni a terveimet &#8211; Spunk)<\/p>\n<p>15. FTV lista b\u0151v\u00edt\u00e9s 119-r\u0151l feljebb -&gt; csakis adatb\u00e1zis b\u0151v\u00edt\u00e9ssel megoldhat\u00f3, amit a k\u00f6zelj\u00f6v\u0151ben (1-2 \u00e9v) nem terveznek. -&gt; nem lesz.<\/p>\n<p>16+17 IN parancs<br \/>\n&#8211; azonnal menjen \u00e1t az inf\u00f3, hogy ha a m\u00e1sik f\u00e9l BUL-t l\u00e9p, tudjon FTV-t kiadni<br \/>\n&#8211; \u00edr\u00f3djon ki, hogy kit\u0151l j\u00f6tt az inf\u00f3<\/p>\n<p>Az eg\u00e9sz IN mechanizmust \u00e1t kellene dolgozni, hogy \u00fagy m\u0171k\u00f6dj\u00f6n, mint az A \/ FA parancsok. Mikl\u00f3s megn\u00e9zi, hogy lehetne megoldani.<\/p>\n<p>18. pr\u00f3ba elemz\u00e9se m\u0171k\u00f6dj\u00f6n rendesen -&gt; impossible. Sosem fog m\u0171k\u00f6dni.<\/p>\n<p>19. A fordul\u00f3 \u00e1r\u00e1nak cs\u00f6kkent\u00e9s &#8230; -&gt; NO<\/p>\n<p>20. Fejleszt\u00e9sek \u00fcteme -&gt; nem lesz gyorsabb, ezt az \u00fctemet tartj\u00e1k (1 \u00e9v 1 s\u00edk)<\/p>\n<p>21. Eventek<br \/>\nItt Mikl\u00f3s javasolta, hogy szeretne ink\u00e1bb t\u00f6bb, visszat\u00e9r\u0151 r\u00f6vid eventeket, mint hosszabbakat. A koncepci\u00f3 az lenne, hogy egyik event v\u00e1ltan\u00e1 a m\u00e1sikat, 2-3 h\u00f3napig tartana, azt\u00e1n v\u00e1lt\u00e1s. Lenne rot\u00e1ci\u00f3 k\u00f6z\u00f6tt\u00fck.<\/p>\n<p>22. T\u0171z s\u00edkja<br \/>\nGy\u0171r\u0171kb\u0151l fog \u00e1llni, 3 terept\u00edpus lesz.<br \/>\n&#8211; minden terept\u00edpuson egyedi sz\u00f6rnyek, azaz amelyik sz\u00f6rny j\u00f6n az egyik terept\u00edpuson az nem j\u00f6n a m\u00e1sik kett\u0151n<br \/>\n&#8211; k\u00edv\u00fclr\u0151l befel\u00e9 haladva er\u0151s\u00f6dnek a sz\u00f6rnyek<br \/>\n&#8211; Thoron-Laure \u00e9s Morphose voltak a tesztalanyok, az 1-2 k\u00f6r\u00f6n j\u00f3l haladtak, a harmadikhoz er\u0151sebb tesztkari kellett<\/p>\n<p>2 db k\u00fcldiad\u00f3 \u00e9p\u00fclet lesz a s\u00edkon, az egyik a j\u00f3knak, a m\u00e1sik a gonoszaknak. A semlegesek eld\u00f6nthetik melyik k\u00fcldisort csin\u00e1lj\u00e1k.<br \/>\nA szerepj\u00e1t\u00e9kos k\u00f6r\u00edt\u00e9s az egyetlen k\u00fcl\u00f6nbs\u00e9g, egy\u00e9bk\u00e9nt a k\u00e9t k\u00fcldisor ugyanaz.<\/p>\n<p>23. A referencia fordul\u00f3ban ki\u00edr\u00f3dna, hogy a Kih\u00edv\u00e1s Tornyaib\u00f3l mely szinteket teljes\u00edtett\u00fck -&gt; OK<\/p>\n<p>24. Honlapon megvehet\u0151 lemarad\u00e1s 1800-ig kitol\u00e1sa. \u00d3ri\u00e1si vita, a legnagyobb probl\u00e9ma, hogy mi alapj\u00e1n kapjon X karakter 300 lemarad\u00e1st, Y meg semmit. \u00c9rdemi d\u00f6nt\u00e9s nem sz\u00fcletett, visszat\u00e9r\u0151 t\u00e9ma lesz, illetve val\u00f3sz\u00edn\u0171leg ha most nem is, de k\u00e9s\u0151bb ki lesz tolva a v\u00e1s\u00e1rl\u00e1s lehet\u0151s\u00e9ge.<\/p>\n<p>25. K\u00fcl\u00f6n TF-vil\u00e1g, ahol lehetne egym\u00e1ssal versenyezni, a T\u00fal\u00e9l\u0151k KT inspir\u00e1ci\u00f3ja alapj\u00e1n -&gt;az \u00f6tlet tetszik Mikl\u00f3snak \u00e9s a T\u00fal\u00e9l\u0151k KT h\u00e1zi versenye j\u00f3l mutatta van r\u00e1 ig\u00e9ny -&gt; lehet bel\u0151le valamit<\/p>\n<p>26. Dr\u00e1ga a Reinkarn\u00e1ci\u00f3 &#8211; fel\u00fclvizsg\u00e1lt\u00e1k<br \/>\n&#8211; Azokat a b\u00f3nuszb\u00f3l megvehet\u0151 dolgokat, amiket am\u00fagy is mindenk\u00e9pp megvenne kb mindenki a karakter\u00e9nek (kr\u00f3nik\u00e1k, AK-s labik, leviat\u00e1nh\u00f3lyag stb) automatikusan vissza\u00edrj\u00e1k a reinkarn\u00e1lt kariknak (akinek reinkarn\u00e1l\u00e1s EL\u0150TT volt ilyen)<br \/>\n&#8211; ha reinkarn\u00e1l\u00e1s el\u0151tt nem volt, \u00e9rtelemszer\u0171en reinkarn\u00e1l\u00e1s ut\u00e1n sem lesz<br \/>\n&#8211; ha reinkarn\u00e1l\u00e1s el\u0151tt volt, ut\u00e1na mindenk\u00e9pp megkapja (nem lehet r\u00f3la lemondani)<br \/>\n&#8211; aki m\u00e1r kor\u00e1bban reinkarn\u00e1lt \u00e9s megvette, annak j\u00f3v\u00e1\u00edrj\u00e1k a zsetonokat<\/p>\n<p>A reinkarn\u00e1l\u00e1s 200 zsetonos k\u00f6lts\u00e9ge nem v\u00e1ltozik.<\/p>\n<p>27. volt javaslat, hogy a m\u00ednoszk\u00fapokra \u00faj t\u00e9rk\u00e9p, \u00faj labik -&gt; nem lesz<\/p>\n<p>28. s\u00e1fr\u00e1ny esszencia &#8211; vegyes fogadtat\u00e1s<br \/>\nVal\u00f3sz\u00edn\u0171 meg fog val\u00f3sulni, k\u00e9t f\u00e9le verzi\u00f3ban:<br \/>\n&#8211; kisebb v\u00e1ltozat: permanensen +100 TVP-vel n\u00f6veli az elk\u00f6lthet\u0151 TVP keretet, immuniss\u00e1 v\u00e1lsz a s\u00e1fr\u00e1nyporra, b\u00f3nuszb\u00f3l megvehet\u0151, minimum fordul\u00f3 1000<br \/>\n&#8211; nagyobb v\u00e1ltozat: permanensen +200 TVP-vel n\u00f6veli az elk\u00f6lthet\u0151 TVP keretet (nem ad\u00f3dik \u00f6ssze a kisebbel), immunis\u00e1 v\u00e1lsz a s\u00e1fr\u00e1nyporra, a t\u0171z s\u00edkj\u00e1ra beker\u00fclhetne mint \u00e9p\u00fcletes kincs (terveznek m\u00e9g egy harmadik \u00e9p\u00fcletet), minimum fordul\u00f3 2000<\/p>\n<p>29. Elakadt karakterek, lad\u00e1k probl\u00e9m\u00e1ja<br \/>\nHa valaki elakadt valahol valamivel a j\u00e1t\u00e9kban (pl. F\u00f6ld s\u00edkj\u00e1n \u00fcl \u00e9s t\u00fal gyenge, hogy \u00e1tmenjen a Leveg\u0151 s\u00edkj\u00e1ra) \u00edrjon a JV-nek, ink\u00e1bb keresnek egyedi megold\u00e1st<\/p>\n<p>30. A b\u00f3nuszb\u00f3l megv\u00e1s\u00e1rolhat\u00f3 Keg gomba mennyis\u00e9g 10-r\u0151l 20-ra lesz emelve.<\/p>\n","protected":false},"excerpt":{"rendered":"<p>1. Felt\u00e9teles parancsok &#8211; Az elhelyez\u00e9s\u00fcket lehetne rendszerezni (jelenleg \u00f6mlesztve vannak, sz\u00e9t lehetne szedni FKT, FL stb csop\u0151ortokra, hogy \u00e1tl\u00e1that\u00f3 legyen) -&gt; Mikl\u00f3s erre r\u00e1b\u00f3lintott, esetleg ha van elk\u00e9pzel\u00e9s\u00fcnk, k\u00fcldhet\u00fcnk neki mint\u00e1t. &#8211; Fel\u00e9teles v\u00e1s\u00e1rl\u00e1s -&gt; Mikl\u00f3s nem volt boldog, de nem az\u00e9rt, mert neh\u00e9z megval\u00f3s\u00edtani, vagy mert megint egy k\u00e9nyelmi funkci\u00f3, hanem mert ez &hellip; <a href=\"https:\/\/itsource.us\/csucsu\/tf-forum-2018-11-24\/\" class=\"more-link\"><span class=\"screen-reader-text\">TF F\u00f3rum 2018.11.24.<\/span> b\u0151vebben&#8230; <span class=\"meta-nav\">&rarr;<\/span><\/a><\/p>\n","protected":false},"author":1,"featured_media":0,"parent":0,"menu_order":0,"comment_status":"closed","ping_status":"closed","template":"","meta":{"_lmt_disableupdate":"","_lmt_disable":"","footnotes":""},"class_list":["post-931","page","type-page","status-publish","hentry"],"_links":{"self":[{"href":"https:\/\/itsource.us\/csucsu\/wp-json\/wp\/v2\/pages\/931","targetHints":{"allow":["GET"]}}],"collection":[{"href":"https:\/\/itsource.us\/csucsu\/wp-json\/wp\/v2\/pages"}],"about":[{"href":"https:\/\/itsource.us\/csucsu\/wp-json\/wp\/v2\/types\/page"}],"author":[{"embeddable":true,"href":"https:\/\/itsource.us\/csucsu\/wp-json\/wp\/v2\/users\/1"}],"replies":[{"embeddable":true,"href":"https:\/\/itsource.us\/csucsu\/wp-json\/wp\/v2\/comments?post=931"}],"version-history":[{"count":2,"href":"https:\/\/itsource.us\/csucsu\/wp-json\/wp\/v2\/pages\/931\/revisions"}],"predecessor-version":[{"id":977,"href":"https:\/\/itsource.us\/csucsu\/wp-json\/wp\/v2\/pages\/931\/revisions\/977"}],"wp:attachment":[{"href":"https:\/\/itsource.us\/csucsu\/wp-json\/wp\/v2\/media?parent=931"}],"curies":[{"name":"wp","href":"https:\/\/api.w.org\/{rel}","templated":true}]}}