{"id":902,"date":"2018-09-04T20:57:42","date_gmt":"2018-09-04T20:57:42","guid":{"rendered":"http:\/\/itsource.us\/csucsu\/?page_id=902"},"modified":"2020-11-05T21:48:08","modified_gmt":"2020-11-05T21:48:08","slug":"szelvihar-project","status":"publish","type":"page","link":"https:\/\/itsource.us\/csucsu\/szelvihar-project\/","title":{"rendered":"Sz\u00e9lvihar-project"},"content":{"rendered":"Last Updated on 2020-11-05 by <a href=\"\" target=\"_blank\" class=\"last-modified-author\">sp<\/a>\n<h2 style=\"text-align: center;\"><strong>Sz\u00e9lvihar Kalandjai<\/strong><\/h2>\n<h3><strong>El\u0151sz\u00f3<\/strong><\/h3>\n<p>R\u00e9g\u00f3ta \u00e9rlel\u0151dik bennem, hogy akarok egy k\u00fcl\u00f6nleges karaktert. Akinek az lesz a k\u00fcl\u00f6nlegess\u00e9ge, hogy nem teszem k\u00fcl\u00f6nlegess\u00e9. Nem fog kit\u0171nni a sz\u00fcrke t\u00f6megb\u0151l, egy lesz k\u00f6z\u00fcl\u00fck. Sokan azt gondoln\u00e1k, hogy ebben nincs semmi k\u00fcl\u00f6nleges, de az igazs\u00e1g az, ha valaki a kezdetek \u00f3ta TF-ezik, ha 20+ \u00e9ve akt\u00edvan r\u00e9szese a j\u00e1t\u00e9knak, t\u00f6bb karakterrel, aki a j\u00e1t\u00e9k majdnem minden aspektus\u00e1t megismerte &#8230; na j\u00f3 ilyen ember nincs \ud83d\ude42<\/p>\n<p>De a l\u00e9nyeg, hogy hossz\u00fa id\u0151 ut\u00e1n az ember akarva-akaratlanul is felszed n\u00e9mi tud\u00e1st. Innent\u0151l pedig (\u00e1ltal\u00e1ban) t\u00f6rekszik a fejl\u0151d\u00e9sre, a jobbra, hogy m\u00e9g t\u00f6bbet hozzon ki. \u00d6nmag\u00e1b\u00f3l, a karakter\u00e9b\u0151l, mindenb\u0151l. Na most pont ennek akarok r\u00e9szben ellene szeg\u00fclni. R\u00e9g\u00f3ta tervezgetem egy olyan karakter j\u00f6v\u0151j\u00e9t, \u00e9let\u00e9t, aki egyed\u00fcl \u00e9l, amolyan mag\u00e1nyos farkask\u00e9nt. Nomeg azt\u00e1n kicsit a realit\u00e1s talaj\u00e1n maradva &#8230; mi\u00e9rt is akarja seg\u00edteni egy Tharr h\u00edv\u0151 kobudera (akiknek mindene a becs\u00fclet, a tisztess\u00e9g) egy Dornodon h\u00edv\u0151 \u00e1rnyman\u00f3 g\u00e1tl\u00e1stralan f\u00e9reg \u00e9let\u00e9t? Nem re\u00e1lis, nem val\u00f3s\u00e1gh\u0171, a &#8222;deh\u00e1t saj\u00e1t karakterem&#8221; elv sokszor szembek\u00f6pi a szerepj\u00e1t\u00e9kot \u00e9s minden tiszteletem azok\u00e9, akik ezeket a hat\u00e1rokat nem l\u00e9pik \u00e1t. Akik k\u00e9pesek azt mondani, hogy m\u00e1rpedig ez a karakterem nem kap seg\u00edts\u00e9get.<\/p>\n<p>Pr\u00f3b\u00e1ltam magamat azzal gy\u0151zk\u00f6dni, hogy deh\u00e1t ez az XY karakterem is t\u00f6k \u00e1tlagos, de r\u00e1 kellett j\u00f6jjek egyik sem az. A legt\u00f6bbsz\u00f6r egym\u00e1st seg\u00edtve fejl\u0151dgettek, m\u00e9g ha ez neh\u00e9z is beismerni, pedig sokszor a seg\u00edt\u0151 karakter is igen sok seg\u00edts\u00e9get kap, tal\u00e1n van aki ezt nem \u00e9rti most, \u00e9s van, aki igen&#8230; amikor egy TK-t \u00fagy oldok meg, hogy a seg\u00edt\u0151 handicap-es, de tudom, hogy bef\u00e9r a csapatba, mert &#8222;a m\u00e1sik&#8221; karakter(i)m ellens\u00falyozz\u00e1k majd. A l\u00e9nyeg, hogy akartam r\u00e9g\u00f3ta egy sz\u00fcrke kisegeret, aki csak \u00fagy van.<\/p>\n<h3><strong>A karakter alapja,indul\u00e1sa, j\u00f6v\u0151je<\/strong><\/h3>\n<p>A karakter, Sz\u00e9lvihar (#4443) egy reinkarn\u00e1lt karakter. Van n\u00e9h\u00e1ny gyeng\u00e9bb (nem top-fokozat\u00fa) eventes kit\u0171z\u0151je, meg minden, amit b\u00f3nuszb\u00f3l meg lehet venni, azaz b\u00e1rki sz\u00e1m\u00e1ra hozz\u00e1f\u00e9rhet\u0151, bele\u00e9rtve a mindenkori (max-1)-es \u00f6r\u00f6kk\u00e9va&#8230;mindens\u00e9g k\u00f6vet.\u00a0 Nem \u00fajsz\u00fcl\u00f6tt karakter, \u00e9s nem rendelkezik csilli\u00f3nyi enciklop\u00e9di\u00e1val, nagyon sok mindent mag\u00e1nak kell majd felfedeznie. Ebb\u0151l a szempontb\u00f3l teh\u00e1t &#8222;alap&#8221; karakter.<\/p>\n<p>A karakter a napokban elindult (2018. Augusztus v\u00e9g\u00e9n), fordul\u00f3i nyilv\u00e1nosak, azok is maradnak. Minden fordul\u00f3ja. A karakterrel &#8222;rendesen&#8221; fogok j\u00e1tszani. Nem lesz bel\u0151le gyapotszed\u0151, nem lesz k\u00e9s\u0151bbiekben p\u00e9nztermel\u0151 rabszolga, illetve amit megtermel, azt saj\u00e1t mag\u00e1nak k\u00f6lti el. A karakter rendes \u00e9letutat fog bej\u00e1rni, \u00e1t\u00fasz\u00e1s, 220, ryuku, kf, l\u00e9ts\u00edkok, miegym\u00e1s. Norm\u00e1lis KT-ba fog l\u00e9pni stb stb. Elenios h\u00edv\u0151 lesz, ami tal\u00e1n az egyik legnehezebb isten a TF-en (a k\u00fcldet\u00e9sei miatt), ezen fel\u00fcl pedig v\u00e1g\u00f3- \u00e9s l\u0151fegyveres, mert jelenleg ez a k\u00e9t fegyverszaki van a legnagyobb h\u00e1tr\u00e1nyban a TF-en. Csak hogy ne \u00e9rjen v\u00e1d, hogy &#8222;persze, mert \u00e9n a k\u00f6nnyebb utat v\u00e1lasztottam&#8221;. \ud83d\ude42<\/p>\n<p>Pr\u00f3b\u00e1lok majd teljes eg\u00e9sz\u00e9ben a saj\u00e1t le\u00edr\u00e1saimhoz igazodni, azaz ugyanazokat a &#8222;j\u00f3tan\u00e1csokat&#8221; fogom megsz\u00edvlelni vele, amiket saj\u00e1t magam \u00edrtam le a &#8222;Kalandozzunk&#8221; rovatokban. Ez \u00e1ltal ak\u00e1r ki is bukhat p\u00e1r olyan dolog menet k\u00f6zben, amit t\u00e9vesen, vagy helytelen\u00fcl \u00edrtam le, rem\u00e9lem nem lesz ilyen \ud83d\ude42<\/p>\n<h3><strong>A karaker szemily\u00e9s\u00e9gr\u0151l<\/strong><\/h3>\n<p>Sz\u00e9lvihar egy, a vil\u00e1gb\u00f3l ki\u00e1br\u00e1ndult gn\u00f3m tud\u00f3s. Mindig is az a fajta k\u00fcl\u00f6nc szerzet volt, akit jobban lek\u00f6t\u00f6tt a vil\u00e1g sz\u00e9ps\u00e9ge, mint a gn\u00f3m szerkezetek bonyolults\u00e1ga. Soha nem volt faj\u00e1nak semmilyen szempontb\u00f3l kiemelked\u0151 tulajdons\u00e1gokkal rendelkez\u0151 p\u00e9ld\u00e1nya, m\u00e1r ha a m\u00e1zlit nem tekintj\u00fck annak. Amennyire rossz di\u00e1k volt, annyira szerencs\u00e9s volt mindig is a gn\u00f3m l\u00e1nyk\u00e1kkal. Azt\u00e1n ne feledj\u00fck azt sem, hogy a kl\u00e1nj\u00e1b\u00f3l mindenki meghalt m\u00e9g a t\u0171zviharban (legal\u00e1bbis \u00edgy tudja&#8230; de az igazs\u00e1g sokkal f\u00e1j\u00f3bb). Az \u00faj vil\u00e1g pedig teljesen kifordult \u00f6nmag\u00e1b\u00f3l. Mindenki csak mag\u00e1val foglalkozik, a t\u00fal\u00e9l\u00e9s megkem\u00e9ny\u00edtette a kalandoz\u00f3k sz\u00edv\u00e9t, \u00edgy elhat\u00e1rozta, hogy arra teszi fel \u00e9let\u00e9t, hogy \u00fajra melegs\u00e9ggel t\u00f6ltse fel a lelkeket. M\u00e9g nem ismeri Eleniost, de amint megismeri r\u00e1 fog \u00e9bredni, hogy csakis \u0150 lehet az az igaz isten, akit teljes sz\u00edv\u00e9b\u0151l teljes odaad\u00e1ssal tud k\u00f6vetni. \ud83d\ude42<\/p>\n<h3><strong>Felszerel\u00e9s<\/strong><\/h3>\n<p>A felszerel\u00e9st majd igyekszem saj\u00e1t kez\u0171leg megoldani. Ez al\u00f3l 2 kiv\u00e9telt tartottam fontosnak megl\u00e9pni, amit ma val\u00f3sz\u00edn\u0171leg minden \u00faj karakter el tud mag\u00e1nak int\u00e9zni, illetve tud mag\u00e1nak hozz\u00e1 seg\u00edts\u00e9get k\u00e9rni.<\/p>\n<ol>\n<li>Kezd\u0151 felszerel\u00e9s. Szint\u00e9n a saj\u00e1t tan\u00e1csaimnak megfelel\u0151en szereztem be alapfelszerel\u00e9st, annyi k\u00fcl\u00f6nbs\u00e9ggel, hogy nem licitr\u0151l, hanem direkt k\u00e9zbe (vagy \u00e9pp fut\u00e1rral) juttattam el hozz\u00e1. Erre az\u00e9rt volt sz\u00fcks\u00e9g, mert szor\u00edtott az id\u0151, szerettem volna a JB miatt m\u00e9g Aug. v\u00e9g\u00e9n lel\u00e9pni a 2+2-t, ami v\u00e9g\u00fcl \u00e9pphogy siker\u00fclt. Minden amit vettem neki BOLTB\u00d3L lett v\u00e1s\u00e1rolva, vagyis semmi olyan dolgot nem kapott, amit nem lehetett boltban megv\u00e1s\u00e1rolni. Kiv\u00e9tel 3 f\u00e9le t\u00e1rgy: varkaudar szimb\u00f3lum (liciten az\u00e9rt gyakran van), sav\u00e1l\u00f3 f\u00fclbeval\u00f3 (szint\u00e9n) \u00e9s 4 db vortexvessz\u0151.<\/li>\n<li>\u00c1t\u00fasz\u00e1s ut\u00e1n. Itt nem teljes felszerel\u00e9st fogok r\u00e1adni, hanem 200.000 ap-t. Ezzel az indul\u00f3 t\u0151k\u00e9vel \u00e1ll\u00edt\u00e1som szerint el lehet m\u00e1r indulni (keleti cikk), megl\u00e1tjuk t\u00e9nyleg el\u00e9g-e \u00e9s mire el\u00e9g. Mindent ebb\u0151l fogok bev\u00e1s\u00e1rolni, mindent saj\u00e1t magamnak. L\u00e1dik\u00e1z\u00e1s &#8211; ha lesz is &#8211; minim\u00e1lis, hiszen ez egy \u00e1tlagkarakter fenti k\u00f6lts\u00e9gvet\u00e9s\u00e9be val\u00f3sz\u00edn\u0171leg nem f\u00e9r bele.<\/li>\n<\/ol>\n<h3><strong>Elvek<\/strong><\/h3>\n<p>A fenti elvekhez nagyon k\u00f6zel\u00e1ll\u00f3nak t\u0171nik a T\u00fal\u00e9l\u0151k KT, sok\u00e1ig gondolkodtam is rajtuk, de sok \u00e9s hossz\u00fa m\u00e9rlegel\u00e9s ut\u00e1n <span style=\"text-decoration: underline;\"><strong>sz\u00e1momra<\/strong><\/span> t\u00falz\u00f3ak, merevek a szab\u00e1lyaik, amiket \u00fagy \u00e9rzem se nem tudn\u00e1m, se nem akarn\u00e1m betartani. Minden tiszteletem az \u00f6v\u00e9k, hogy az oldschool TF hangulat\u00e1t viszik, nekem ehhez az\u00e9rt nem lenne lelki er\u0151m, sz\u00f3val bocsi sr\u00e1cok, de az a KT nem j\u00f6het sz\u00f3ba. A legnagyobb kih\u00edv\u00e1s val\u00f3sz\u00edn\u0171leg a pszi fejleszt\u00e9s lesz, mert azt m\u00e1r KF-re \u00e9rve logikus, hogy az ember pszi k\u00f6veket nyel tonna sz\u00e1mra, csak \u00e9pp nem lesz el\u00e9g pszi k\u00f6vem, meg h\u00e1t \u00f6ner\u0151b\u0151l az\u00e9rt kicsit dr\u00e1ga&#8230; sz\u00f3val val\u00f3sz\u00edn\u0171 KF-ig\u00a0 minden p\u00e9nzt f\u00e9lreteszek majd erre, a l\u00e9nyeg, hogy ezt (is) \u00f6ner\u0151b\u0151l akarom megoldani.<\/p>\n<h3><strong>M\u00e9rf\u00f6ldk\u00f6vek<\/strong><\/h3>\n<p>Term\u00e9szetesen vannak c\u00e9lkit\u0171z\u00e9sek, \u00e9s m\u00e9rf\u00f6ldk\u00f6vek, hogy ezek el\u00e9r\u00e9se mennyire fog siker\u00fclni, az megint nagyon j\u00f3 k\u00e9rd\u00e9s. Sok fog m\u00falni azon is, hogy mennyi \u00e9s milyen event fogja \u00e9rinteni a karaktert fejl\u0151d\u00e9se sor\u00e1n \u00e9s hogy mennyit fogok b\u00e9n\u00e1zni. Kicsi Spunkmeyert (#3762) 2 \u00e9ve reinkarn\u00e1ltam, \u0150 most (ma) l\u00e9pi a 410. fordul\u00f3j\u00e1t, sz\u00f3val mondhatni frissek az \u00e9lm\u00e9nyek. Na vele teljesen m\u00e1sk\u00e9pp j\u00e1tszom, de tal\u00e1n valamennyire hason\u00edlthatom majd hozz\u00e1 &#8230; megl\u00e1tjuk.<\/p>\n<h3><strong>Tervek<\/strong><\/h3>\n<p>\u00e1t\u00fasz\u00e1s &#8211; 15. fordul\u00f3<\/p>\n<p>tiltott teleport &#8211; 50. fordul\u00f3<\/p>\n<p>ryukura haj\u00f3z\u00e1s &#8211; 150. fordul\u00f3<\/p>\n<p>cs\u00e1sz\u00e1rv\u00e1rosba bejut\u00e1s &#8211; 250. fordul\u00f3<\/p>\n<p>KF-re \u00e9rkez\u00e9s &#8211; 350. fordul\u00f3<\/p>\n<p>100. tapasztalati szint el\u00e9r\u00e9se &#8211; 550. fordul\u00f3<\/p>\n<p>Els\u0151 f\u00fcrk\u00e9sz meg\u00f6l\u00e9se (249. labirintus) &#8211; 700. fordul\u00f3<\/p>\n<p>V\u00edz s\u00edkj\u00e1ra meg\u00e9rkez\u00e9s &#8211; 900. fordul\u00f3<\/p>\n<p>A fentiek, ahogy sorra val\u00f3sulnak majd meg, majd sz\u00e9pen updatelem, ugyanitt.<\/p>\n<p>Ezen fel\u00fcl szerintem fogok egy m\u00e1sik lapon egy &#8222;napl\u00f3-szer\u0171s\u00e9get&#8221; vezetni a karakter \u00e9let\u00e9r\u0151l, t\u00f6rt\u00e9n\u00e9seir\u0151l, j\u00e1t\u00e9kos szemmel. Mit n\u00e9ztem be, mit sz\u00fartam el, mi siker\u00fclt, mi az amin \u00e9pp bosszankodok mert nem j\u00f6n \u00f6ssze, minek \u00f6r\u00fcl\u00f6k stb. Egyel\u0151re ennyi.<\/p>\n","protected":false},"excerpt":{"rendered":"<p>Sz\u00e9lvihar Kalandjai El\u0151sz\u00f3 R\u00e9g\u00f3ta \u00e9rlel\u0151dik bennem, hogy akarok egy k\u00fcl\u00f6nleges karaktert. Akinek az lesz a k\u00fcl\u00f6nlegess\u00e9ge, hogy nem teszem k\u00fcl\u00f6nlegess\u00e9. Nem fog kit\u0171nni a sz\u00fcrke t\u00f6megb\u0151l, egy lesz k\u00f6z\u00fcl\u00fck. Sokan azt gondoln\u00e1k, hogy ebben nincs semmi k\u00fcl\u00f6nleges, de az igazs\u00e1g az, ha valaki a kezdetek \u00f3ta TF-ezik, ha 20+ \u00e9ve akt\u00edvan r\u00e9szese a j\u00e1t\u00e9knak, t\u00f6bb &hellip; <a href=\"https:\/\/itsource.us\/csucsu\/szelvihar-project\/\" class=\"more-link\"><span class=\"screen-reader-text\">Sz\u00e9lvihar-project<\/span> b\u0151vebben&#8230; <span class=\"meta-nav\">&rarr;<\/span><\/a><\/p>\n","protected":false},"author":1,"featured_media":0,"parent":0,"menu_order":0,"comment_status":"closed","ping_status":"closed","template":"","meta":{"_lmt_disableupdate":"no","_lmt_disable":"","footnotes":""},"class_list":["post-902","page","type-page","status-publish","hentry"],"_links":{"self":[{"href":"https:\/\/itsource.us\/csucsu\/wp-json\/wp\/v2\/pages\/902","targetHints":{"allow":["GET"]}}],"collection":[{"href":"https:\/\/itsource.us\/csucsu\/wp-json\/wp\/v2\/pages"}],"about":[{"href":"https:\/\/itsource.us\/csucsu\/wp-json\/wp\/v2\/types\/page"}],"author":[{"embeddable":true,"href":"https:\/\/itsource.us\/csucsu\/wp-json\/wp\/v2\/users\/1"}],"replies":[{"embeddable":true,"href":"https:\/\/itsource.us\/csucsu\/wp-json\/wp\/v2\/comments?post=902"}],"version-history":[{"count":6,"href":"https:\/\/itsource.us\/csucsu\/wp-json\/wp\/v2\/pages\/902\/revisions"}],"predecessor-version":[{"id":1057,"href":"https:\/\/itsource.us\/csucsu\/wp-json\/wp\/v2\/pages\/902\/revisions\/1057"}],"wp:attachment":[{"href":"https:\/\/itsource.us\/csucsu\/wp-json\/wp\/v2\/media?parent=902"}],"curies":[{"name":"wp","href":"https:\/\/api.w.org\/{rel}","templated":true}]}}