{"id":898,"date":"2018-09-01T11:54:41","date_gmt":"2018-09-01T11:54:41","guid":{"rendered":"http:\/\/itsource.us\/csucsu\/?page_id=898"},"modified":"2020-11-05T21:53:43","modified_gmt":"2020-11-05T21:53:43","slug":"hogyan-szelences","status":"publish","type":"page","link":"https:\/\/itsource.us\/csucsu\/hogyan-szelences\/","title":{"rendered":"Hogyan csin\u00e1ljam? Szelenc\u00e9s karakter"},"content":{"rendered":"Last Updated on 2020-11-05 by <a href=\"\" target=\"_blank\" class=\"last-modified-author\">sp<\/a>\n<h2><\/h2>\n<p>Mivel ez a k\u00e9rd\u00e9s id\u0151r\u0151l id\u0151re visszat\u00e9r a j\u00e1t\u00e9kosok k\u00f6r\u00e9ben, \u00fagy gondoltam musz\u00e1j err\u0151l is \u00edrnom hosszabban.<\/p>\n<p>A tabukr\u00f3l nem szeretnek az emberek besz\u00e9lni. Bugol\u00e1s, kikskapuk, exploit, de m\u00e9g a j\u00e1t\u00e9k olyan tr\u00fckkjeir\u0151l sem, ami \u00fczleti \u00e9rdekeket s\u00e9rthet. \u00c9n most m\u00e9gis megteszem. Aki tudja, hogy mi ez az eg\u00e9sz, annak sok \u00fajdons\u00e1got nem fogok mondani, aki nem tudja, az meg teljes k\u00e9pet kap.<\/p>\n<h2><strong>1. Mi a szelenc\u00e9z\u00e9s?<\/strong><\/h2>\n<p>Az eg\u00e9szet egy sok \u00e9vvel ezel\u0151tt beker\u00fclt t\u00e1rgy, az <a href=\"https:\/\/hyper.pbm.hu\/webhyper\/targy_enc.php?f=tenc&amp;ssz=1602\">ez\u00fcstszelence<\/a> ind\u00edtotta be.<\/p>\n<p>R\u00f6viden annyi a l\u00e9nyege, hogy beledobunk X db Y t\u00edpus\u00fa var\u00e1zslat-komponenst, cser\u00e9be ugyanilyen \u00e9rt\u00e9kben (bolti elad\u00e1si \u00e1ron) kapunk valamilyen m\u00e1smilyen var\u00e1zslat-komponenst, ami nem lehet azonos a kiindul\u00e1si komponenssel. Egyszer\u0171en hangzik? Az is. Ha profit\u00e1lni akarunk akkor valami dr\u00e1ga cuccot dob\u00e1lunk bele, ami valami sok olcs\u00f3 bolti cuccot termel. 3 TVP \u00e1r\u00e1n j\u00f3 kis rulett lehet, ink\u00e1bb j\u00f3pofa, mint komoly k\u00e9pess\u00e9g. Eg\u00e9szen addig am\u00edg nem \u00e9p\u00edt\u00fcnk r\u00e1 egy \u00fczletet.<\/p>\n<h2><strong>2. Ok\u00e9, ez egyszer\u0171. Erre b\u00e1rki k\u00e9pes. Hogy lesz ebb\u0151l p\u00e9nz?<\/strong><\/h2>\n<p>Nos, nem azonnal. S\u0151t! N\u00e9mi t\u0151ke is kell hozz\u00e1. El\u0151sz\u00f6r is van n\u00e9h\u00e1ny megk\u00f6t\u00e9s, kit\u00e9tel, apr\u00f3bet\u0171 stb, amire oda kell figyelni &#8211; azaz, hogyan legy egy apr\u00f3 feature j\u00f3 kis p\u00e9nztermel\u00e9si lehet\u0151s\u00e9g.<\/p>\n<ul>\n<li>A szelence haszn\u00e1lat\u00e1hoz minim\u00e1lisan 4, k\u00fcl\u00f6nb\u00f6z\u0151 komponens ig\u00e9ny\u0171 var\u00e1zslatot kell ismern\u00fcnk. Ha enn\u00e9l kevesebb f\u00e9l\u00e9t ismer\u00fcnk, nem tudjuk haszn\u00e1lni a szelenc\u00e9t.<\/li>\n<li>Az els\u0151 az <a href=\"https:\/\/hyper.pbm.hu\/webhyper\/targy_enc.php?f=tenc&amp;ssz=529\">angyalok gy\u0171r\u0171je<\/a> lesz, ez lesz az alap komponens, amit belehajig\u00e1lunk, ez a k\u00f6nnyen hozz\u00e1f\u00e9rhet\u0151 <a href=\"https:\/\/hyper.pbm.hu\/webhyper\/vari_enc.php?f=venc&amp;ssz=376\">isteni kegynek<\/a> a komponense. Ennek kell\u0151en magas a bolti elad\u00e1si \u00e1ra (150ap), \u00e9s korl\u00e1tlanul v\u00e1s\u00e1rolhat\u00f3 (SF-en a Thargodan v\u00e1rosokban)<\/li>\n<li>A m\u00e1sodik a <a href=\"https:\/\/hyper.pbm.hu\/webhyper\/targy_enc.php?f=tenc&amp;ssz=211\">s\u00e1fr\u00e1nypor<\/a> lesz, mert sok var\u00e1zslatnak komponense, alacsony a bolti \u00e1ra, viszont a feketepiaci \u00e1ra (licit) meg magas, teh\u00e1t ott j\u00f3l el lehet adni, j\u00f3 haszonkulccsal.<\/li>\n<li>A harmadik sokak szerinte teljesen egy\u00e9rtelm\u0171en a <a href=\"https:\/\/hyper.pbm.hu\/webhyper\/targy_enc.php?f=tenc&amp;ssz=1732\">v\u00e9rkrist\u00e1ly,<\/a> ami az SF-en k\u00f6nnyen beszerezhet\u0151 var\u00e1zslatnak, a\u00a0<a href=\"https:\/\/hyper.pbm.hu\/webhyper\/vari_enc.php?f=venc&amp;ssz=392\">v\u00e9rf\u00fcrd\u0151nek<\/a> a komponense. Az angyalok gy\u0171r\u0171j\u00e9hez hasonl\u00f3an j\u00f3 magas a bolti \u00e1ra. Ha v\u00e9rkrist\u00e1lyt kapunk, akkor majd azt dobjuk vissza (\u00fajrahasznos\u00edt\u00e1s), ilyenkor mondjuk \u00fagy nem vesz\u00edt\u00fcnk p\u00e9nzt &#8211; csak fordul\u00f3t.<\/li>\n<li>A negyedik pedig lehet tetsz\u0151leges, pl a szint\u00e9n k\u00f6nnyen hozz\u00e1f\u00e9rhet\u0151 <a href=\"https:\/\/hyper.pbm.hu\/webhyper\/targy_enc.php?f=tenc&amp;ssz=313\">gy\u00f3gyken\u0151cs<\/a>, ami a <a href=\"https:\/\/hyper.pbm.hu\/webhyper\/vari_enc.php?f=venc&amp;ssz=386\">gy\u00f3gy\u00edt\u00f3 aura<\/a> komponense. A gy\u00f3gyken\u0151cs bolti \u00e1ra t\u00e9nyleg el\u00e9g alacsony, liciten sem nagyon dr\u00e1ga, de az\u00e9rt lehet vele kereskedni, mindig lesz felv\u00e1s\u00e1rl\u00f3 piaca.<\/li>\n<li>Minden m\u00e1s var\u00e1zslatot, amit a karakter\u00fcnk ismer \u00c9S van komponens ig\u00e9nye, el kell felejten\u00fcnk. M\u00e1rmint sz\u00f3 szerint : <a href=\"https:\/\/hyper.pbm.hu\/webhyper\/vari_enc.php?f=venc&amp;ssz=130\">var\u00e1zslatfelejt\u00e9ssel<\/a>.<\/li>\n<li>A bedobhat\u00f3 komponensek mennyis\u00e9ge az \u00e1ltalunk ismert \u00f6sszes teo\/tau\/pszi\/\u0151steo\/\u0151stau var\u00e1zslat mennyis\u00e9g\u00e9nek az 1\/4-e. Ha pl. ismer\u00fcnk 28 tau, 30 tau, 23 pszi k\u00e9pess\u00e9get, \u00e9s 4 \u0151steo meg 3 \u0151stau var\u00e1zslatot az szumma: 28+30+23+4+3= 88. ezt leosztjuk 4-el. Teh\u00e1t max 22 db komponens dobhat\u00f3 egyszerre a szelenc\u00e9be. A szelenc\u00e9t k\u00f6r\u00f6nk\u00e9nt max. 1-szer lehet haszn\u00e1lni.<\/li>\n<li>A kapott t\u00e1rgyak mennyis\u00e9ge megegyezik a bedobott t\u00e1rgyak mennyis\u00e9g\u00e9nek \u00e9s bolti elad\u00e1si \u00e1r\u00e1nak szorzat\u00e1val. P\u00e9ld\u00e1ul, ha bedobunk 22db anygalok gy\u0171r\u0171j\u00e9t, annak az \u00e9rt\u00e9ke 22&#215;150=3300 arany. (de a beruh\u00e1z\u00e1sunk enn\u00e9l t\u00f6bb, hiszen 22db angyalok gy\u0171r\u0171j\u00e9t legolcs\u00f3bban a boltb\u00f3l 205ap\/db \u00e1ron = 4510-\u00e9rt vehet\u00fcnk). Kimentelk\u00e9nt 3300 arany \u00e9rt\u00e9kben kapunk holmit. Tegy\u00fck fel m\u00e1zlink van \u00e9s s\u00e1fr\u00e1nyport kapunk, aminek a bolti \u00e1ra 20 arany. 3300\/20=165 s\u00e1fr\u00e1nypor fogja \u00fctni a markunkat. Ez j\u00f3l hangzik. De erre csak 1\/3 es\u00e9ly\u00fcnk van! Mert hogy szint\u00e9n 1\/3 es\u00e9llyel v\u00e9rkrist\u00e1ly j\u00f6n (11 db) vagy szint\u00e9n 1\/3 es\u00e9llyel gy\u00f3gyken\u0151cs (660db). A v\u00e9rkrist\u00e1lyt nem kuk\u00e1zzuk, az majd \u00fajra felhaszn\u00e1lhat\u00f3. A gy\u00f3gyken\u0151cs meg eladhat\u00f3, \u00e1tlag 11 ap\/db \u00e1ron (e cikk \u00edr\u00e1sakor) szumma 6600 arany\u00e9rt. J\u00f3l l\u00e1that\u00f3, hogy az\u00e9rt puszt\u00e1n erre alapozni egy p\u00e9nztermel\u0151 karaktert el\u00e9g nagy d\u0151res\u00e9g, hiszen 1\/3 es\u00e9llyel lesz a nyeres\u00e9g\u00fcnk jelent\u0151s, 1\/3 es\u00e9llyel NULLA, 1\/3 es\u00e9llyel pedig minim\u00e1lis, p\u00e1rezer arany.<\/li>\n<li>Mindez\u00e9rt szinte kiher\u00e9lj\u00fck a karaktert, mert le kell felejten\u00fcnk vele a legt\u00f6bb hasznos papi var\u00e1zslatot, nagyon sok taumaturgi\u00e1sat \u00e9s \u0151si var\u00e1zslatokb\u00f3l a legt\u00f6bb sz\u00f3ba sem j\u00f6het!<\/li>\n<li>\u0150si var\u00e1zslatok lefelejt\u00e9se ma m\u00e1r csak b\u00f3nuszb\u00f3l lehets\u00e9ges \u00e9s max. 3 \u0151si var\u00e1zslat elfelejt\u00e9s\u00e9re van lehet\u0151s\u00e9g\u00fcnk !<\/li>\n<\/ul>\n<p>&nbsp;<\/p>\n<h2><strong>3. \u00c9s akkor itt j\u00f6n a bibi. Milyen karakter alkalmas szelenc\u00e9z\u00e9sre? Ak\u00e1rmilyen ugyanis nem j\u00f3!<\/strong><\/h2>\n<ul>\n<li>Egyr\u00e9szr\u0151l, a fentieket olvasva, hamar nyilv\u00e1nval\u00f3v\u00e1 v\u00e1lhat, hogy akkor j\u00f3 a szelenc\u00e9s karakter, ha adott fordul\u00f3ban min\u00e9l t\u00f6bb komponenset tud egyszerre bev\u00e1ltani. Ha csak 22 komponenst tudok bedobni, az csak fele olyan hat\u00e9kony, mintha 44-et dobn\u00e9k egyszerre ugyeb\u00e1r.<\/li>\n<li>A m\u00e9rleg m\u00e1sik nyel\u00e9n ugyanakkor ott van az a t\u00e9ny, hogy ha sok var\u00e1zslatot ismer, sok lehet k\u00f6zt\u00fck az \u0151si var\u00e1zslat. A legjobb v\u00e1laszt\u00e1s egy olyan karakter, aki egyetlen olyan \u0151si var\u00e1zslatot sem ismer, aminek anyagi komponens ig\u00e9nye van (kiv\u00e9tel a m\u00e1r ismert isteni kegy).<\/li>\n<li>Gondot okozhat az is, hogy mihez kezdj\u00fcnk a karakterrel? Ugyanis az eg\u00e9sz szelenc\u00e9z\u00e9s 1 parancshely \u00e9s 3 TVP. Nek\u00fcnk meg ma m\u00e1r rendelkez\u00e9s\u00fcnkre \u00e1ll 60 parancshely, meg ak\u00e1r 7-8 makr\u00f3, amivel tov\u00e1bb cifr\u00e1zhat\u00f3 a fordul\u00f3. Ezen fel\u00fcl azt is l\u00e1tjuk, hogy puszt\u00e1n a szelenc\u00e9z\u00e9s az\u00e9rt nem termel annyi p\u00e9nzt, hogy csak e miatt meg\u00e9rje l\u00e9pni &#8222;\u00fcresbe&#8221;, teh\u00e1t ezt ki kell eg\u00e9sz\u00edteni mindenk\u00e9pp valamivel. Ez lehet t\u00f6bb minden, de nem \u00e1rt, ha konkr\u00e9t elk\u00e9pzel\u00e9s\u00fcnk van.<\/li>\n<\/ul>\n<p>Szumm\u00e1ban teh\u00e1t a szelenc\u00e9z\u00e9s egy j\u00f3 kis fun, de a f\u0151 p\u00e9nz termel\u00e9si forr\u00e1s nem ez. Persze s\u00e1fr\u00e1nypor termel\u00e9sre az egyik legjobb m\u00f3dszer.<\/p>\n<h2><strong>4. Mihez kezdjek akkor a karakterrel? Hogyan szerezzek p\u00e9nzt?<\/strong><\/h2>\n<h3><strong>4.1 gan\u00fcidez\u00e9s<\/strong><\/h3>\n<p>Azt mondom, ha m\u00e1r p\u00e9nztermel\u0151t csin\u00e1lunk, akkor vagy j\u00f3l, vagy sehogy. Ehhez a legels\u0151 hozz\u00e1f\u00e9rhet\u0151 hely a gan\u00fcidez\u00e9s. Ez a legkor\u00e1bbi olyan hely a TF-en, ahol m\u00e1r tisztess\u00e9ggel lehet p\u00e9nzhez jutni. A gan\u00fcid masszakapt\u00e1rak v\u00e9gigt\u00far\u00e1sa azonban nem kisp\u00e1ly\u00e1soknak val\u00f3 hely. C\u00e9lszer\u0171en ide m\u00e1r egy CSV-be m\u00e1r bejutott karaktert illik hozni, neki m\u00e1r kell\u0151en j\u00f3k a statjai (max\u00c9P, fegyverszaki, FNO), hogy boldoguljon. Aprop\u00f3 FNO, abb\u00f3l is sok kell a halad\u00f3s, effekt\u00edv gan\u00fcidez\u00e9shez. B\u0151ven err\u0151l most nem \u00edrn\u00e9k, azt m\u00e1r megtettem <a href=\"http:\/\/itsource.us\/csucsu\/sotet-fold\/#part8\">az SF-es cikkben. <\/a> A l\u00e9nyeg, hogy itt m\u00e1r tisztess\u00e9ggel lehet p\u00e9nzt keresni. A t\u00e9rk\u00e9pen van 5 masszakapt\u00e1r, egyet lehet ben\u00e9pes\u00edteni \u00e9s 1 k\u00e1oszport\u00e1lozhat\u00f3, az 7. Dupla f\u0151sz\u00f6rnnyel tolva, magas kincskerrel menve el\u00e9g sz\u00e9pen fog potyogni a Zeki gy\u0171r\u0171 (\u00e9s k\u00f6peny). 40-45 ezer arany itt m\u00e1r kij\u00f6n fordul\u00f3nk\u00e9nt (14 f\u0151sz\u00f6rny, ebb\u0151l \u00e1tlag 4 Zeki, amib\u0151l 2 dob gy\u0171r\u0171t is, az 22K. 7*4=28 gan\u00fcid k\u00f6r\u00f6nk\u00e9nt az 28 <a href=\"https:\/\/hyper.pbm.hu\/webhyper\/targy_enc.php?f=tenc&amp;ssz=1814\">gan\u00fcid sz\u00e1rmaz\u00e9k<\/a>, ami 11K arany, itt m\u00e1r 40K-n\u00e1l j\u00e1runk \u00e9s az\u00e9rt fog potyogni egy\u00e9b kincs is n\u00e9h\u00e1nyezer ap \u00e9rt\u00e9kben. Ezen fel\u00fcl m\u00e9g szabad mozg\u00e1sunk is marad, amivel ak\u00e1r \u00e1tv\u00e1ndorolhatunk KF-re moa romozni is, mert egy gan\u00fcidez\u0151s karakter m\u00e1r alapvet\u0151en el\u00e9g er\u0151s hozz\u00e1.<\/p>\n<h3><strong>4.2 KF<\/strong><\/h3>\n<p>A m\u00e1sik lehet\u0151s\u00e9g, hogy nem \u00e1llunk meg, hanem \u00e1tvissz\u00fck a karaktert KF-re, \u00e9s kb 100-150 k\u00f6r befektet\u00e9se \u00e1r\u00e1n elvissz\u00fck &#8222;KF v\u00e9g\u00e9re&#8221;. Ennek annyi az \u00e9rtelme, hogy KF-en sokkal t\u00f6bb p\u00e9nz szedhet\u0151 \u00f6ssze TF 1 makr\u00f3kkal (\u00e9s s\u00e1fr\u00e1nyk\u00f6vet is tudunk farmolni, ami tov\u00e1bbi TF 1 makr\u00f3kra ad lehet\u0151s\u00e9get). Itt a k\u00f6r\u00f6nk\u00e9nti 50-60K is teljesen re\u00e1lis lehet, f\u0151leg ha \u00f3elf v\u00e1rosban TF-elget\u00fcnk. Az \u00f3elf csontjogarak, Handastye kark\u00f6t\u0151k \u00e9s egy\u00e9b nyal\u00e1nks\u00e1gok, amik a l\u00e1dik\u00f3ban v\u00e9gzik igen j\u00f3 aranyforr\u00e1s. Ha magas a fordul\u00f3sz\u00e1m, akkor sok a TVP, amib\u0151l sokat lehet TF-elni. K\u00f6zben gy\u0171lik az FNO \u00e9s persze semmi nem g\u00e1tol meg minket abban, hogy k\u00f6zben minden fordul\u00f3ban masszakapt\u00e1rba k\u00e1oszport\u00e1lozzunk n\u00e9h\u00e1ny potya Zeki\u00e9rt.<\/p>\n<h3><strong>4.3 lop\u00e1s<\/strong><\/h3>\n<p>A harmadik lehet\u0151s\u00e9g a lop\u00e1s, mint p\u00e9nztermel\u00e9si lehet\u0151s\u00e9g. Ehhez persze kell egy j\u00f3 tolvaj kakater. Ryukun\u00e1l el\u0151bb ez t\u00e9nyleg csak hobbi szinten m\u0171velhet\u0151, ryukut\u00f3l kezdve j\u00f6nnek be a finom fog\u00e1sok. Persze itt most senki ne arra gondoljon, hogy kalandoz\u00f3t\u00e1rsai zseb\u00e9b\u0151l gazdagodik meg, hanem az NJK-k adta lehet\u0151s\u00e9gekre kell gondolni. A GN adatt\u00e1r\u00e1ba t\u00f6lt\u00f6ttem m\u00e1r fel kor\u00e1bban t\u00e1bl\u00e1zatot, hogy mely NJK-n\u00e1l mi van (\u00e9s mi nincs), \u00f6ssze lehet rakni a k\u00e9pet. A legt\u00f6bbet itt is \u00fagy tudjuk kasz\u00e1lni, ha elvissz\u00fck a kis tolvajunkat KF-re. Ehhez persze m\u00e1r nem lehet kisp\u00e1ly\u00e1s tolvajk\u00e9nt m\u0171k\u00f6dni. Nagyban kell nyomni, makr\u00f3zva, nagyj\u00e1b\u00f3l minden l\u00e9tez\u0151 NJK-t megl\u00e1togatva &#8211; na \u00e9s persze mindezt sziklozug raguzval. Ez ut\u00f3bbi az\u00e9rt vit\u00e1lis, hogy dupla olyan gyorsan fejl\u0151djenek a k\u00e9pess\u00e9geink, mint egy\u00e9bk\u00e9nt. Ryukura kb 350-es csapda\u00e9szlel\u00e9s fog kelleni (kiv\u00e9tel WNW), KF-re a 400-440 k\u00f6rny\u00e9ki lesz el\u00e9gs\u00e9ges. Lop\u00e1sb\u00f3l nincs minimum \u00e9rt\u00e9k, mert valamekkora es\u00e9ly\u00fcnk mindig lesz a kudarcra. Egy\u00e9bk\u00e9nt maga a tolvaj karakter ki\u00e9p\u00edt\u00e9se is meg\u00e9r egy k\u00fcl\u00f6n cikket, ha lesz id\u0151m, meg\u00edrom (\u00e9s akkor belinkelem ide). A l\u00e9nyeg, hogy az NJK-kt\u00f3l lopkkodva is k\u00f6r\u00f6nk\u00e9nt egy tisztess\u00e9gesebb \u00f6sszehez juthatunk hozz\u00e1. Ha direkt aranyat lopunk t\u0151l\u00fck, az ugye a legjobb, hiszen az nett\u00f3 bev\u00e9tel, de a lopott holmi nagyobb \u00e9rt\u00e9ket k\u00e9pvisel, csak m\u00e1sk\u00e9pp. Egyr\u00e9szr\u0151l, ha valami kell, azt el tudjuk lopni (teh\u00e1t nem kell r\u00e1 k\u00f6lteni &#8211; passz\u00edv nyeres\u00e9g), valamint ha nem kell, de j\u00f3 a feketepiaci \u00e1ra, azt el tudjuk adni j\u00f3 \u00e1ron. Ennek meg annyi a h\u00e1tr\u00e1nya, hogy a piaci kereslet-k\u00edn\u00e1lat alapj\u00e1n nem biztos, hogy tal\u00e1lunk r\u00e1 vev\u0151t, vagy csak nem annyi\u00e9rt, esetleg m\u00e1s tolvajokkal versengve kell egyre lejjebb verni az \u00e1rat. De ez is egy lehet\u0151s\u00e9g.<\/p>\n<p>A fentieket ak\u00e1r keverni is lehet, teh\u00e1t KF-en TF-elgetve \u00e9s lopkodva is lehet p\u00e9nzt termelni, mik\u00f6zben mondjuk folyamatosan ugr\u00e1lunk SF-re gan\u00fcidezni. Ez olyan j\u00f3l hangzik, hogy verhetetlen a p\u00e9nztermel\u00e9s ter\u00e9n, de ez rengeteg TVP-be is ker\u00fcl, egy kronokrist\u00e1lyokkal \u00e9s pszivel kimaxolt karakterrel az\u00e9rt lehets\u00e9ges.<\/p>\n<h3><strong>4.4 EF-el\u00e9s<\/strong><\/h3>\n<p>Na ez nem fog kimondottan p\u00e9nzt termelni, de kor\u00e1bban ez is alternat\u00edva volt egy szelenc\u00e9s karakternek &#8211; hogy szabad TVP-j\u00e9b\u0151l EF-eljen. Erre ma m\u00e1r tal\u00e1n kev\u00e9sb\u00e9 van sz\u00fcks\u00e9g a k\u00f6nny\u00edt\u00e9snek k\u00f6sz\u00f6nhet\u0151en, ami a kisebb KT-kat z\u00e1rk\u00f3ztatja fel. A legjobb lehet\u0151s\u00e9g erre tal\u00e1n 220-on van, ahol a verg elmeszaggat\u00f3 f\u00e9szekek k\u00f6z\u00f6tt ugr\u00e1lgatva \u00e9s zaf\u00edr s\u00fcs\u00fcket id\u00e9zgetve folyamatosan kontakt\u00e1lunk (a k\u00f6r\u00f6nk\u00e9nti 9 kontakt \u00edgy fixen hozhat\u00f3), k\u00f6r v\u00e9g\u00e9n pedig a kontakt\u00e1lt pszit, EF-eli. Egyszer\u0171.<\/p>\n<p>&nbsp;<\/p>\n<p>\u00cdgy hirtelen ennyi jutott eszembe, ha valakinek b\u00e1rmi v\u00e9lem\u00e9nye van, a GN-en megtal\u00e1l.<\/p>\n<p>\u00dcdv,<br \/>\nSpunk<\/p>\n<p>&nbsp;<\/p>\n","protected":false},"excerpt":{"rendered":"<p>Mivel ez a k\u00e9rd\u00e9s id\u0151r\u0151l id\u0151re visszat\u00e9r a j\u00e1t\u00e9kosok k\u00f6r\u00e9ben, \u00fagy gondoltam musz\u00e1j err\u0151l is \u00edrnom hosszabban. A tabukr\u00f3l nem szeretnek az emberek besz\u00e9lni. Bugol\u00e1s, kikskapuk, exploit, de m\u00e9g a j\u00e1t\u00e9k olyan tr\u00fckkjeir\u0151l sem, ami \u00fczleti \u00e9rdekeket s\u00e9rthet. \u00c9n most m\u00e9gis megteszem. Aki tudja, hogy mi ez az eg\u00e9sz, annak sok \u00fajdons\u00e1got nem fogok mondani, &hellip; <a href=\"https:\/\/itsource.us\/csucsu\/hogyan-szelences\/\" class=\"more-link\"><span class=\"screen-reader-text\">Hogyan csin\u00e1ljam? Szelenc\u00e9s karakter<\/span> b\u0151vebben&#8230; <span class=\"meta-nav\">&rarr;<\/span><\/a><\/p>\n","protected":false},"author":1,"featured_media":0,"parent":0,"menu_order":0,"comment_status":"closed","ping_status":"closed","template":"","meta":{"_lmt_disableupdate":"no","_lmt_disable":"","footnotes":""},"class_list":["post-898","page","type-page","status-publish","hentry"],"_links":{"self":[{"href":"https:\/\/itsource.us\/csucsu\/wp-json\/wp\/v2\/pages\/898","targetHints":{"allow":["GET"]}}],"collection":[{"href":"https:\/\/itsource.us\/csucsu\/wp-json\/wp\/v2\/pages"}],"about":[{"href":"https:\/\/itsource.us\/csucsu\/wp-json\/wp\/v2\/types\/page"}],"author":[{"embeddable":true,"href":"https:\/\/itsource.us\/csucsu\/wp-json\/wp\/v2\/users\/1"}],"replies":[{"embeddable":true,"href":"https:\/\/itsource.us\/csucsu\/wp-json\/wp\/v2\/comments?post=898"}],"version-history":[{"count":7,"href":"https:\/\/itsource.us\/csucsu\/wp-json\/wp\/v2\/pages\/898\/revisions"}],"predecessor-version":[{"id":1065,"href":"https:\/\/itsource.us\/csucsu\/wp-json\/wp\/v2\/pages\/898\/revisions\/1065"}],"wp:attachment":[{"href":"https:\/\/itsource.us\/csucsu\/wp-json\/wp\/v2\/media?parent=898"}],"curies":[{"name":"wp","href":"https:\/\/api.w.org\/{rel}","templated":true}]}}