{"id":835,"date":"2018-07-08T23:24:53","date_gmt":"2018-07-08T23:24:53","guid":{"rendered":"http:\/\/itsource.us\/csucsu\/?page_id=835"},"modified":"2019-06-23T16:09:39","modified_gmt":"2019-06-23T16:09:39","slug":"tf-forum-2018-06-16","status":"publish","type":"page","link":"https:\/\/itsource.us\/csucsu\/tf-forum-2018-06-16\/","title":{"rendered":"TF F\u00f3rum 2018.06.16."},"content":{"rendered":"<p>Arcsokkentes: Miklos nem szeretne mar arat csokkenteni.<br \/>\n&#8211; 0-24 oras UL taplalo: folyamatban van, egyelore Miklosnal a labda, a programot kell sok helyen atirni hozza es a ~70 utility-t is rancbaszedni a ~200 bat file atnezese utan.<br \/>\n&#8211; HU 0 aranyas targyakra: megoldjak.<br \/>\n&#8211; Mikor lesz ujdonsag a jatekban, nem unalmas fejlesztesek: idovel.<br \/>\n&#8211; Szovetsegi rendszer: lesz egy parancs amit ha kiadsz x TU y TVP-ert akkor egy korben mindenkivel egy szovetsegben leszel, barkinek tudsz targyat, infot es TU-t atadni (MXTU-t nem). Megnezik hogy a szovetsegi felvetelnel van-e lehetoseg elfogadni a jelentkezest 51%-os tamogatottsag mellett (ha nem nehez, talan megoldjak).<br \/>\n&#8211; Istenek lettunk, itt a veg: hat erre mar pont nem emlekszem, sorry Morphose:)<br \/>\n&#8211; Kepessegfa 11-15. szint: megszavaztuk hogy minden szint 11. szint utan csak akkor fejlesztheto ki ha a teljes elozo szint ki lett fejlesztve (szoval a 12 csak akkor ha minden 11-es szintu kepesseg ki van), ez Bruti otlete volt, de mar o is &#8211; remelem &#8211; szar otletnek tartja, beszeltem is Miklossal errol, lehet csinalnak egy forumot a valtozasokrol mielott nekiall lekodolni oket es ott at lehet beszelni\/szavazgatni, hogy ha legyen a mostanihoz kepest valtozas akkor mi legyen (ez egy hosszu beszelgetes volt, erdemben sok mas dolog ha jol emlekszem nem hangzott el, kepesseget megszuntetni nem fognak, ha mar leprogramoztak, csak a finomhangolasrol lehet beszelni, vagy valami ilyesmi).<br \/>\n&#8211; A kepessegek fejlesztesi koltseget es idejet megnezik a kapott javaslatok alapjan es ha ugy gondoljak mehet, akkor ebben lehet lesz valtozas (lemarado KT-knak legyen olcsobb es kevesebb ido, ilyesmi).<br \/>\n&#8211; Szuperpszi: lehet, ha valakinek van otlete kuldje be oket, ha erdemben nem csak egy picit erosebb pszi kepessegek turbozott valtozata lesz meg akar meg is valosulhat (ezen mondjuk meglepodtem eddig mindig elojon minden forumon es mindig kategorikus nem volt:D)<br \/>\n&#8211; Parancsok magasabb parameterezese\/szorzoja (ezustmagus kurt, vps, stb): gyujtsuk ossze melyiknel van ilyen problema es ha jol kezelheto (pl csak fordulo vegeig hato dolog, mint a VPS\/VPF, vagy egyszeri dolog, mint a kurt, akkor megoldhato).<br \/>\n&#8211; FM\/FKU mintajara FUSZ (felteteles uszas): kategorikus &#8222;nem lehet megoldani&#8221;, a valtozo tvp miatt, de otletkent, hogy max tvp-vel usszon: &#8222;jah, ugy meg lehet&#8221;:) atnezik, elvben megoldhato.<br \/>\n&#8211; Tobb parameteres SZM\/SZE: megoldjak.<br \/>\n&#8211; Vedokristaly fogyasok leg sikon: mar kesz van a felteteles pajzshasznalat parancs, teszteles alatt es utana elesitik, ez megoldja a tulajdonsagszivo lenyek problemajat, FP {pajzs} {szorny} paranccsal 30 egyedi szornyre allithatsz majd pajzsot, a csata elejen felveszed, ha ilyen szornnyel talalkozol, a csata vegen meg elrakod es visszaveszed azt ami balkezben volt, az FP, mint parancs nem biztos, hasrautottem most:) A masik problemas lenyre ami tvp-t sziv meg van mar megoldas, lehet venni titanitdukatert tvp szorny kepesseg eliminalo targyat ami nem ad tvp-t (a neve most nem ugrik be), igy a ket leggazosabb kepesseghez nem kell majd vedokristaly &#8211; pipa. Oklosoknek kevesebb fogy a benito csapas miatt tema: endgame-ben ugyanugy fogy, ezt is kiveseztuk, ha valaki okloskent benito csapasra koncentral folyamatosan az egy fura jatekstilus, igy erre kulon szabalyt hozni folosleges (lasd pl hitetlenek problemaja, illetve Antim Agika jellegu karik, akinek sose lesz teologiaja, tauja es pszije sem:D).<br \/>\n&#8211; Fordulok kodolasa problema: nincs problema, Spunk gondjat megoldjuk majd hazon kivul.<br \/>\n&#8211; Invazios 9089 lehessen FTV-ben is: megvizsgaljak a kerdest.<br \/>\n&#8211; Ertelmesebb osteo gyogyito spell: lesz, tervben van, bar a teljes gyogyitassal nem lehet versenyezni.<br \/>\n&#8211; Kek golyo\/voros golyo\/lila golyo: ha tokon rugnak minden szinet latni fogod &#8211; nem lesz.<br \/>\n&#8211; Elhasznalodos targyak kombinacioja nem elhasznalodos targyakra: ezeknek pont az az ertelmuk hogy ketyegjenek, nem terveznek ilyet.<br \/>\n&#8211; Jatekegyensuly, regi karik vs uj karik: a kerdeskor nagyon osszetett, az uj karik is szeretnek utolerni az elsoket, mikozben a regi karik azt szeretnek, hogy ne lehessen oket utolerni, igy ezt a paradoxont nem lehet feloldani, mert ha az uj karik nem erhetik utol a regi karikat akkor nincs ertelme uj karit inditani. Volt egy otlet, hogy regi kari kapjon egyedileg valami tapot az ujakhoz kepest, pl. megvizsgalni mikor ment at KF-re es osszevetni a mostani top ustokossel, a ketto kozotti kulonbsegert kapjon EXT-et. Ez hirtelen otlet volt, atgondoljak, valamit majd kitalalnak\/kitalalunk ami mindenkinek jo (vegre:D).<br \/>\n&#8211; KF vagy utani teruleteken a monsterek szinthez generalodjanak: Miklos nem szeretne ilyet, mert rontja a jatekelmenyt.<br \/>\n&#8211; Kategoriaorok latatlanban is csirkeol jelleguek: a mostani olimpian is mar elegge erositett kategoriaorok jottek, igy ez pipa:)<br \/>\n&#8211; Bonusz lemaradas vasarlasnal megerett az ido kitolni 1500-rol 1800-ra: nem jutottunk dulore, hogy meddig kene kitolni, valami kisebb tolas biztos lesz (pl addig hogy en epp ne kapjak, mert az ugy jo:).<br \/>\n&#8211; Licit legyen a jatekban is tobbszoros aron: visszatero kerdes\/keres, ha jol emlekszem nemleges volt a valasz, de persze ezt majd nezzuk meg jutyubon, mert nem emlekszem pontosan.<br \/>\n&#8211; Sikokon mukodjon a szerencsezsele: most is mukodik, szegeny Dana meg csereljen szamlat Nathaval:)<\/p>\n<p>&#8211; a kaja s\u00faly\u00e1t val\u00f3sz\u00edn\u0171leg cs\u00f6kkentik, hogy kev\u00e9sb\u00e9 okozzon probl\u00e9m\u00e1t a kaja \u00e1ltal okozott megterhelts\u00e9g<br \/>\n&#8211; &#8222;Istenek lett\u00fcnt ez a v\u00e9g&#8221; &#8211; nem ker\u00fclt sz\u00f3ba, mindenki \u00e9rzi, hogy az\u00e9rt ott m\u00e9g nem tartunk.<br \/>\n&#8211; A lemarad\u00e1s t\u00e9m\u00e1ban volt egy olyan felvet\u00e9s, hogy megn\u00e9zni \u00e9s valahogy balanszolni a KF-re k\u00e9s\u0151n \u00e9rkez\u0151ket \u00e9s kompenz\u00e1lni \u0151ket EXT-ekkel. Hogy ez pontosan mi meg hogy, most \u00e9n sem eml\u00e9kszem, majd vissza kell n\u00e9zni a videor\u00f3l<br \/>\n&#8211; \u00c9l\u0151holt inv\u00e1zi\u00f3: minden ter\u00fcleten 1 egyedi kincs van, mint eddig is, nyugaton a 14-re fog kiesni, Kf-en minden 4-re esik, a s\u00edkokon minden 3-ra, k\u00f6ztes ter\u00fcleteken meg ennek megfelel\u0151en, k\u00f6ztesen.<br \/>\n&#8211; sz\u00f3ba ker\u00fclt, hogy az FTV list\u00e1t is kellene b\u0151v\u00edteni, mert a s\u00edkokon m\u00e1r a 119 igen sz\u0171k\u00f6s, Mikl\u00f3ssal kell egyeztetni mi f\u00e9r bele, mert a 30-as lista a Felt\u00e9teles Pajzshaszn\u00e1latra is ebb\u0151l a keretb\u0151l mer\u00edt majd.<br \/>\n&#8211; Az \u00c9l\u0151holt inv\u00e1zi\u00f3ban a s\u00edkokon meg fog jelenni Morgan&#8230; Hogy mikor az m\u00e9g a j\u00f6v\u0151 titka. Rettegjenek a s\u00edkj\u00e1r\u00f3k.<\/p>\n<p>&#8211; ezen fel\u00fcl m\u00e9g vit\u00e1ztunk az Olimpi\u00e1r\u00f3l, de \u00e9rdemi d\u00f6nt\u00e9s nem sz\u00fcletett.<\/p>\n<p>A v\u00e9g\u00e9n pedig volt m\u00e9g egy k\u00fcl\u00f6n megbesz\u00e9l\u00e9s a JV-vel, ami csakis a k\u00e9pess\u00e9gfa 11-15. szintj\u00e9r\u0151l sz\u00f3lt. Err\u0151l video sem k\u00e9sz\u00fclt, mert ekkor m\u00e1r er\u0151sen mer\u00fcl\u00f6ben volt az akksi, \u00e9n meg b\u00e1r vittem power bankot, csak nem megfelel\u0151 k\u00e1belt hozz\u00e1&#8230;<br \/>\nEnnek az volt a l\u00e9nyege, hogy elkezdt\u00fck \u00e1tbesz\u00e9lni a JV-vel a k\u00e9pess\u00e9gfa 11-15 szintjeit, l\u00e9nyeg\u00e9ben az \u00e9n javaslataim \u00e9s a kiadott dolgokat \u00f6sszevetve.<br \/>\nAmi a l\u00e9nyeg:<br \/>\n&#8211; Bonyolult m\u00f3dos\u00edt\u00e1sok biztosan nem lesznek<br \/>\n&#8211; Komb\u00f3 k\u00e9pess\u00e9gek biztosan nem lesznek (2in1 azaz k\u00e9t f\u00e9le dolgot csin\u00e1l, akkor sem, ha k\u00e9t gyenge dolog)<br \/>\n&#8211; Ennek megfelel\u0151en az egy\u00e9b \u00e9s a t\u00e1mad\u00f3 \u00e1g biztosan nem fog m\u00f3dosulni<br \/>\n&#8211; Nem akarj\u00e1k elhinni, hogy a v\u00e9d\u0151 \u00e1g meg \u00fagy egy\u00e1ltal\u00e1n a pajzsos harcmodor gyenge. A JV v\u00e9lem\u00e9nye az, hogy senki ne akarjon pajzsal menni a norm\u00e1l fordul\u00f3ban, minden l\u00e9ny k\u00e9t fegyveres harcra van tervezve, kiv\u00e9ve a speck\u00f3kat, akik ellen meg majd most seg\u00edteni fog a FPH. Ezzel gyakorlatilag minden \u00e9rvemet kiher\u00e9lt\u00e9k, sz\u00f3val az sem fog v\u00e1ltozni<br \/>\n&#8211; A pajzsokhoz k\u00f6t\u0151dik, de felmer\u00fclt hogy a v\u00e9delem \u00e9rt\u00e9k sz\u00e1nd\u00e9kosan kuka KF \u00f3ta (Olimpia kiv\u00e9tel), nem akarj\u00e1k v\u00e9letlen\u00fcl sem azt visszahozni, hogy a karaktert ne tal\u00e1lj\u00e1k el. Sosem l\u00e1tunk t\u00f6bb\u00e9 &#8222;z\u00f6ldsoros&#8221; fordul\u00f3kat (by Kasul)<br \/>\n&#8211; A var\u00e1zsl\u00f3ib\u00f3l a meg\u00faj\u00edthat\u00f3 (automatikus) redukci\u00f3 m\u00e9g \u00e1tmehet tal\u00e1n&#8230; azt kell tudni megoldani, hogy az automatikus haszn\u00e1lat ki-be kapcsolhat\u00f3 legyen, azaz aki nem akarja automatikusan elmondhat\u00f3nak (manu\u00e1lisan szeretn\u00e9 szab\u00e1lyozni) annak erre legyen lehet\u0151s\u00e9ge. Ezt megn\u00e9zik.<br \/>\n&#8211; Var\u00e1zsl\u00f3iba biztosan nem ker\u00fcl be a korl\u00e1tlan teleport, mert az b\u00f3nuszban van \u00e9s bonuszt nem akarnak semmilyen m\u00f3don a k\u00e9pess\u00e9gf\u00e1ba rakni<br \/>\n&#8211; a papi \u00e9s a tudati \u00e1gra nem maradt id\u0151, de a l\u00e9nyeg, hogy m\u00e9g futhatunk ezzel 1-2 k\u00f6rt, de gy\u00f6keres v\u00e1ltoz\u00e1s nem lesz, max a sz\u00e1mokon lehet finomhangolni.<br \/>\nPont.<\/p>\n","protected":false},"excerpt":{"rendered":"<p>Arcsokkentes: Miklos nem szeretne mar arat csokkenteni. &#8211; 0-24 oras UL taplalo: folyamatban van, egyelore Miklosnal a labda, a programot kell sok helyen atirni hozza es a ~70 utility-t is rancbaszedni a ~200 bat file atnezese utan. &#8211; HU 0 aranyas targyakra: megoldjak. &#8211; Mikor lesz ujdonsag a jatekban, nem unalmas fejlesztesek: idovel. &#8211; Szovetsegi &hellip; <a href=\"https:\/\/itsource.us\/csucsu\/tf-forum-2018-06-16\/\" class=\"more-link\"><span class=\"screen-reader-text\">TF F\u00f3rum 2018.06.16.<\/span> b\u0151vebben&#8230; <span class=\"meta-nav\">&rarr;<\/span><\/a><\/p>\n","protected":false},"author":1,"featured_media":0,"parent":0,"menu_order":0,"comment_status":"closed","ping_status":"closed","template":"","meta":{"_lmt_disableupdate":"","_lmt_disable":"","footnotes":""},"class_list":["post-835","page","type-page","status-publish","hentry"],"_links":{"self":[{"href":"https:\/\/itsource.us\/csucsu\/wp-json\/wp\/v2\/pages\/835","targetHints":{"allow":["GET"]}}],"collection":[{"href":"https:\/\/itsource.us\/csucsu\/wp-json\/wp\/v2\/pages"}],"about":[{"href":"https:\/\/itsource.us\/csucsu\/wp-json\/wp\/v2\/types\/page"}],"author":[{"embeddable":true,"href":"https:\/\/itsource.us\/csucsu\/wp-json\/wp\/v2\/users\/1"}],"replies":[{"embeddable":true,"href":"https:\/\/itsource.us\/csucsu\/wp-json\/wp\/v2\/comments?post=835"}],"version-history":[{"count":4,"href":"https:\/\/itsource.us\/csucsu\/wp-json\/wp\/v2\/pages\/835\/revisions"}],"predecessor-version":[{"id":976,"href":"https:\/\/itsource.us\/csucsu\/wp-json\/wp\/v2\/pages\/835\/revisions\/976"}],"wp:attachment":[{"href":"https:\/\/itsource.us\/csucsu\/wp-json\/wp\/v2\/media?parent=835"}],"curies":[{"name":"wp","href":"https:\/\/api.w.org\/{rel}","templated":true}]}}