{"id":824,"date":"2018-06-02T09:43:09","date_gmt":"2018-06-02T09:43:09","guid":{"rendered":"http:\/\/itsource.us\/csucsu\/?page_id=824"},"modified":"2019-06-23T16:09:09","modified_gmt":"2019-06-23T16:09:09","slug":"tf-forum-2017-11-25","status":"publish","type":"page","link":"https:\/\/itsource.us\/csucsu\/tf-forum-2017-11-25\/","title":{"rendered":"TF F\u00f3rum 2017.11.25."},"content":{"rendered":"\n<p><\/p>\n\n\n<p><a href=\"https:\/\/youtu.be\/WIBG3IbediQ\">video<\/a><\/p>\n<p><b>1. 00:13 : A pajzsok gyeng\u00e9k<\/b><br>\n&#8211; azok \ud83d\ude42 Mikl\u00f3s meg\u00edg\u00e9rte, hogy v\u00e1rhat\u00f3 revamp, a k\u00e9pess\u00e9gfa v\u00e9dekez\u0151 \u00e1g\u00e1n kereszt\u00fcl.<br>\n<b>2. 03:53 : automatiz\u00e1lt UL let\u00f6lt\u00e9s<\/b><br>\n&#8211; teljesen nyitottak, Ery seg\u00edts\u00e9g\u00e9vel \u00e1t tudn\u00e1k \u00edrni az UL let\u00f6lt\u0151t. Ennek oka az is, hogy az a program, ami az emailb\u0151l UL-t gener\u00e1l sok helyen kifagyhat. Ez igen sok munka (b\u00e1r van minta, a TF-free), de Ery \u00e9s Mikl\u00f3s megbesz\u00e9lik a r\u00e9szleteket.<br>\nAzt besz\u00e9lt\u00fck meg, hogy lenne egy heti keret (heti 21 l\u00e9p\u00e9s), amit a h\u00e9t b\u00e1rmely id\u0151szak\u00e1ban, ak\u00e1r h\u00e9tv\u00e9g\u00e9n egyben is le lehetne l\u00e9pni.<br>\n<b>3. 10:10 : \u00faj tervez\u0151 p\u00e1ly\u00e1zatok<\/b><br>\n&#8211; Lesznek. A t\u0171z s\u00edkra v\u00e1rnak \u00f6tleteket els\u0151sorban. Majd ki lesz \u00edrva.<br>\n<b>4. 11:13 : halhatatlans\u00e1g. <\/b><br>\n&#8211; Jelenleg 95% a hat\u00e1r, ez majd ki lesz tolva 100%-ra. Hogy 100%-rn\u00e1l lesz-e valami az rejt\u00e9ly (nem tervezik), de azt igen, hogy a 100% mindenki sz\u00e1m\u00e1ra el\u00e9rhet\u0151 lesz, azaz a j\u00e1t\u00e9kban megszerezhet\u0151 %-ok \u00f6sszess\u00e9ge, t\u00f6bb mint 100, akinek t\u00f6bb van, el\u0151bb el\u00e9ri.<br>\n<b>5. 14:09 : demoraliz\u00e1l\u00f3 a copy+paste fejleszt\u00e9s<\/b><br>\n&#8211; A j\u00e1t\u00e9kvezet\u0151 kifejti mi\u00e9rt n\u00e9znek ki a s\u00edkok fejleszt\u00e9sei \u00fagy, ahogy.<br>\n<b>6. 21:34 : karakterek k\u00f6zti egyenl\u0151tlens\u00e9gek kezel\u00e9se<\/b><br>\n&#8211; A nerub elix\u00edrbe lehetne egy felz\u00e1rk\u00f3ztat\u00f3 mechanizmust csin\u00e1lni, t\u00f6bb er\u0151ss\u00e9get adna, ha gyeng\u00e9bb a karakter (az adott ter\u00fcleten). Ez megoldan\u00e1 minden karakter probl\u00e9m\u00e1j\u00e1t.<br>\nA JV v\u00e9lem\u00e9nye: az \u00faj fejleszt\u00e9sek Thoron-Laure -ra vannak m\u00e9retezve. Az Olimpiai probl\u00e9m\u00e1kat ne keverj\u00fck \u00f6ssze a norm\u00e1l j\u00e1t\u00e9kban l\u00e9v\u0151 probl\u00e9m\u00e1kkal.<br>\n<b>7. 37:28 : dragnitok \u00f6sszevon\u00e1sa<\/b><br>\n&#8211; A metadragnitok eredetileg \u00edgy lettek tervezve. Egyel\u0151re nem terveznek ilyet.<br>\n<b>8. 38:22 : Az olimpia ut\u00e1n, az olimpi\u00e1n r\u00e9sztvev\u0151 karakterek vehessenek aucki\u00f3s t\u00e9telt<\/b><br>\n&#8211; Nem szeretn\u00e9nek ilyet, DE Danairnak volt \u00f6ltete, hogy titanitduk\u00e1tb\u00f3l lehessen pl X \u00e1tv\u00e1lt\u00e1si ar\u00e1nnyal venni v\u00e9d\u0151krist\u00e1lyt<br>\n<b>9. 42:50 : k\u00f6vetkez\u0151 esem\u00e9nyen<\/b><br>\n&#8211; \u00c9l\u0151holt inv\u00e1zi\u00f3 -&gt; a Varkaudar-Thargodan inv\u00e1zi\u00f3 mint\u00e1j\u00e1ra fog kin\u00e9zni (l\u00e9p\u00e9senk\u00e9nt 2 sz\u00f6rny HA a mez\u0151n nincs kutatni\/m\u00e1sznival\u00f3, a m\u00e1sodik sz\u00f6rny ut\u00e1n kincs; lesznek mini-bossok, DE nem lehet majd oldalt v\u00e1lasztani). A v\u00e9g\u00e9n valami csavar m\u00e9g. Janu\u00e1rban indul (terv szerint, de es\u00e9lyes, hogy ink\u00e1bb M\u00e1rcius\/\u00c1prilis lesz bel\u0151le).<br>\n<b>10. 44:52 : alakv\u00e1lt\u00f3 k\u00e9pess\u00e9gek fel\u00fclvizsg\u00e1lata<\/b><br>\n&#8211; Nem lesz<br>\n<b>11. 46:50 : TF-online<\/b><br>\n&#8211; A fejleszt\u0151je abbahagyta, ez\u00e9rt most fel van f\u00fcggesztve. Jelenleg most m\u00e1sik j\u00e1t\u00e9k fejleszt\u00e9s\u00e9n dolgoznak<br>\nhint by Mikl\u00f3s: &#8222;Minden j\u00e1t\u00e9kunk ugyanabban a vil\u00e1gban j\u00e1tsz\u00f3dik. Na ez nem.&#8221;<br>\n<b>12. 48:10 : A varkaudarok legyenek idom\u00edthat\u00f3ak<\/b><br>\n&#8211; Nem lesznek, mert \u00e9rtelmesek<br>\n<b>13. 48:31 : \u00faj olimpiai event (by Morphose)<\/b><br>\n&#8211; Mikl\u00f3s vette a po\u00e9nt, \u00e9s elk\u00e9pzelhet\u0151, hogy lesz \u00faj sz\u00f6rnyar\u00e9na a s\u00edkokra<br>\n<b>14. 49:14 : t\u00f6bb t\u00e1rgy ker\u00fclhessen a kincst\u00e1rba<\/b><br>\n&#8211; Ez csak adatb\u00e1zis b\u0151v\u00edt\u00e9ssel lehets\u00e9ges<br>\n<b>15. 51:05 : legener\u00e1lt karakterek versenye<\/b><br>\n&#8211; egy elk\u00fcl\u00f6n\u00edtett k\u00f6rnyezetben (k\u00fcl\u00f6n TF vil\u00e1g). Pregener\u00e1lt karakterek versenghetn\u00e9nek egym\u00e1ssal, egy korl\u00e1tozott k\u00f6rnyezetben. Err\u0151l lehetne sz\u00f3, ha van r\u00e1 megfelel\u0151 \u00e9rdekl\u0151d\u00e9s.<br>\n<b>16. 56:02 : VV-be a ryuku ter\u00fcletek el\u0151ttre a f\u00fcst\u00f6l\u0151<\/b><br>\n&#8211; nem fog beker\u00fclni, boltokban kaphat\u00f3<br>\n<b>17. 56:45 : makr\u00f3k<\/b><br>\n&#8211; A html-be be\u00e9p\u00edteni, hogy a makr\u00f3k nehezen olvashat\u00f3ak \u00e9s legyenek kinyithat\u00f3k \/ becsukhat\u00f3k. Ez a megold\u00e1s a J\u00e1t\u00e9kvezet\u0151t is \u00e9rdekeln\u00e9, mert a s\u00edkos karakterek debuggol\u00e1sa nagyon neh\u00e9z a k\u00f6r\u00f6nk\u00e9nti 30-50 makr\u00f3 miatt. Az lenne a megval\u00f3s\u00edthat\u00f3, hogy egy checkboxxal kiv\u00e1laszthatn\u00e1d mely makr\u00f3kra vagy kiv\u00e1ncsi. Fontos, hogy az alap html-be is beker\u00fclj\u00f6n ez a f\u00edcs\u0151r.<br>\nIlletve Mikl\u00f3s javaslata a TF kiny\u00edr\u00e1s\u00e1ra : &#8222;A munkahelyen az ember dolgozzon.&#8221; \ud83d\ude00<br>\n<b>18. 58:56 : \u00f3elf &#8211; tleikan manak\u00f6vek esete<\/b><br>\nMikl\u00f3s nyitotta a megold\u00e1sra. A legjobb megold\u00e1s az lenne, hogy ezut\u00e1n m\u00e1r a v\u00e9d\u0151 var\u00e1zslatn\u00e1l is t\u00f6rhet a karakter k\u00f6vet.<br>\nKorl\u00e1toz\u00e1s nem lesz rajtuk.<br>\n<b>19. 1:03:50 &#8211; megsemmis\u00edt\u0151t lehessen haszn\u00e1lni fordul\u00f3 v\u00e9g\u00e9n<\/b><br>\nMegn\u00e9zik.<br>\n<b>20. 1:04:50 &#8211; KTsz\u00f6vets\u00e9g kezelhetetlen\u00fcl nagy m\u00e1r (\u00dajsz\u00f6vets\u00e9g)<\/b><br>\n&#8211; KT sz\u00f6vets\u00e9g elt\u00f6rl\u00e9se \u00e9s minden sz\u00f6vets\u00e9gi dolog m\u0171k\u00f6dj\u00f6n minden KT-k\u00f6z\u00f6tt.<br>\n<b>21. 1:07:49 &#8211; V\u00e9gzet Verme v\u00e1ltoztat\u00e1s<\/b><br>\n&#8211; dr\u00e1ga a VV, sok TVP -&gt; ez \u00fcgyben m\u00e1r volt ig\u00e9ret, hogy a k\u00f6vetkez\u0151 VV olcs\u00f3bb lesz (TVP-ben). Ezt most is meg\u00edg\u00e9rte Mikl\u00f3s.<br>\nA k\u00f6vetkez\u0151 VV j\u00f6v\u0151 \u0151sszel indulhat el\u0151rel\u00e1that\u00f3lag.<br>\n<b>22. 1:10:33 &#8211; A s\u00edkok ut\u00e1ni \u00e9let<\/b><br>\nJ\u00f3p\u00e1r s\u00edk van m\u00e9g. 9 l\u00e9ts\u00edk van tervezve. tervezett s\u00edkok m\u00e9g : t\u0171z s\u00edkja (Dornodon), \u00e9let f\u00f6ldje (Sheran), negat\u00edv l\u00e9ts\u00edk (Leah), pozit\u00edv l\u00e9ts\u00edk (Raia), m\u00e1gia l\u00e9ts\u00edkja (Fairlight) \u00e9s K\u00e1osz s\u00edkja (Chara-Din)<br>\n<b>23. 1:14:12 &#8211; kincskeres\u00e9s, pszi regn stb<\/b><br>\n&#8211; nem lesz v\u00e1ltoz\u00e1s, nem akarj\u00e1k ezt ut\u00f3lag m\u00e1r bolygatni<br>\n<b>24. 1:14:41 &#8211; NJK lop\u00e1sok fel\u00fclvizsg\u00e1lata<\/b><br>\nVan erre egy bug, kellene debuggolni (m\u00e9g nem t\u00f6rt\u00e9nt meg). Nem \u00e9rzik, hogy sok a lophat\u00f3 cucc, azt kell megakad\u00e1lyozni, hogy egy NJK-t\u00f3l buggal t\u00f6bbsz\u00f6r lopunk, az baj.<\/p>\n<p><b>01.17:45-t\u0151l elfogytak az \u00f6ssze\u00edrt k\u00e9rd\u00e9sek, ut\u00e1na az ad-hoc k\u00e9rd\u00e9sek j\u00f6nnek, semmi komoly t\u00e9ma<\/b><\/p>\n<p>Lesznek majd m\u00e1sznival\u00f3k a k\u00e9s\u0151bbi s\u00edkokon, jelenleg sz\u00e1nd\u00e9kosan nincsenek, nem illik a k\u00e9pbe<br>\nA t\u0171z s\u00edkja\u00e1ra nincs m\u00e9g ETA.<br>\nA nagyobb k\u00edv\u00e1ns\u00e1g probl\u00e9m\u00e1ja sincs megoldva m\u00e9g.<\/p>","protected":false},"excerpt":{"rendered":"<p>video 1. 00:13 : A pajzsok gyeng\u00e9k &#8211; azok \ud83d\ude42 Mikl\u00f3s meg\u00edg\u00e9rte, hogy v\u00e1rhat\u00f3 revamp, a k\u00e9pess\u00e9gfa v\u00e9dekez\u0151 \u00e1g\u00e1n kereszt\u00fcl. 2. 03:53 : automatiz\u00e1lt UL let\u00f6lt\u00e9s &#8211; teljesen nyitottak, Ery seg\u00edts\u00e9g\u00e9vel \u00e1t tudn\u00e1k \u00edrni az UL let\u00f6lt\u0151t. Ennek oka az is, hogy az a program, ami az emailb\u0151l UL-t gener\u00e1l sok helyen kifagyhat. Ez igen &hellip; <a href=\"https:\/\/itsource.us\/csucsu\/tf-forum-2017-11-25\/\" class=\"more-link\"><span class=\"screen-reader-text\">TF F\u00f3rum 2017.11.25.<\/span> b\u0151vebben&#8230; <span class=\"meta-nav\">&rarr;<\/span><\/a><\/p>\n","protected":false},"author":1,"featured_media":0,"parent":0,"menu_order":0,"comment_status":"closed","ping_status":"closed","template":"","meta":{"_lmt_disableupdate":"","_lmt_disable":"","footnotes":""},"class_list":["post-824","page","type-page","status-publish","hentry"],"_links":{"self":[{"href":"https:\/\/itsource.us\/csucsu\/wp-json\/wp\/v2\/pages\/824","targetHints":{"allow":["GET"]}}],"collection":[{"href":"https:\/\/itsource.us\/csucsu\/wp-json\/wp\/v2\/pages"}],"about":[{"href":"https:\/\/itsource.us\/csucsu\/wp-json\/wp\/v2\/types\/page"}],"author":[{"embeddable":true,"href":"https:\/\/itsource.us\/csucsu\/wp-json\/wp\/v2\/users\/1"}],"replies":[{"embeddable":true,"href":"https:\/\/itsource.us\/csucsu\/wp-json\/wp\/v2\/comments?post=824"}],"version-history":[{"count":3,"href":"https:\/\/itsource.us\/csucsu\/wp-json\/wp\/v2\/pages\/824\/revisions"}],"predecessor-version":[{"id":975,"href":"https:\/\/itsource.us\/csucsu\/wp-json\/wp\/v2\/pages\/824\/revisions\/975"}],"wp:attachment":[{"href":"https:\/\/itsource.us\/csucsu\/wp-json\/wp\/v2\/media?parent=824"}],"curies":[{"name":"wp","href":"https:\/\/api.w.org\/{rel}","templated":true}]}}