{"id":804,"date":"2018-02-03T17:42:06","date_gmt":"2018-02-03T17:42:06","guid":{"rendered":"http:\/\/itsource.us\/csucsu\/?page_id=804"},"modified":"2020-11-05T22:00:11","modified_gmt":"2020-11-05T22:00:11","slug":"kontakt","status":"publish","type":"page","link":"https:\/\/itsource.us\/csucsu\/kontakt\/","title":{"rendered":"Kontakt"},"content":{"rendered":"Last Updated on 2020-11-05 by <a href=\"\" target=\"_blank\" class=\"last-modified-author\">sp<\/a>\n<h2><\/h2>\n<p>Ha b\u00e1rmi k\u00e9rd\u00e9sed, k\u00e9r\u00e9sed, \u00e9szrev\u00e9teled van, hib\u00e1t tal\u00e1lsz, vagy csak \u00f6tleted van az oldallal kapcsolatban \u00e9s szeretn\u00e9d velem megosztani<br \/>\n&#8211; \u00edrhatsz priv\u00e1t \u00fczenetet a Ghalla N\u00e9p\u00e9n -> <a href=\"https:\/\/ghalla.pbm.hu\/msgs.php?q=1517679641&#038;action=compose&#038;userid=249\">ide kattintva<\/a>.<br \/>\n&#8211; \u00edrhatsz priv\u00e1t \u00fczenetet a Beholder honlapj\u00e1n -> <a href=\"https:\/\/beholder.hu\/?m=tf&#038;in=uzenetek.php&#038;u_action=kuldes&#038;kinek=Spunk\">ide kattintva<\/a>.<\/p>\n<p>\u00dcdv,<br \/>\nSpunk<\/p>\n","protected":false},"excerpt":{"rendered":"<p>Ha b\u00e1rmi k\u00e9rd\u00e9sed, k\u00e9r\u00e9sed, \u00e9szrev\u00e9teled van, hib\u00e1t tal\u00e1lsz, vagy csak \u00f6tleted van az oldallal kapcsolatban \u00e9s szeretn\u00e9d velem megosztani &#8211; \u00edrhatsz priv\u00e1t \u00fczenetet a Ghalla N\u00e9p\u00e9n -> ide kattintva. &#8211; \u00edrhatsz priv\u00e1t \u00fczenetet a Beholder honlapj\u00e1n -> ide kattintva. \u00dcdv, Spunk<\/p>\n","protected":false},"author":1,"featured_media":0,"parent":0,"menu_order":0,"comment_status":"closed","ping_status":"closed","template":"","meta":{"_lmt_disableupdate":"no","_lmt_disable":"","footnotes":""},"class_list":["post-804","page","type-page","status-publish","hentry"],"_links":{"self":[{"href":"https:\/\/itsource.us\/csucsu\/wp-json\/wp\/v2\/pages\/804","targetHints":{"allow":["GET"]}}],"collection":[{"href":"https:\/\/itsource.us\/csucsu\/wp-json\/wp\/v2\/pages"}],"about":[{"href":"https:\/\/itsource.us\/csucsu\/wp-json\/wp\/v2\/types\/page"}],"author":[{"embeddable":true,"href":"https:\/\/itsource.us\/csucsu\/wp-json\/wp\/v2\/users\/1"}],"replies":[{"embeddable":true,"href":"https:\/\/itsource.us\/csucsu\/wp-json\/wp\/v2\/comments?post=804"}],"version-history":[{"count":3,"href":"https:\/\/itsource.us\/csucsu\/wp-json\/wp\/v2\/pages\/804\/revisions"}],"predecessor-version":[{"id":1078,"href":"https:\/\/itsource.us\/csucsu\/wp-json\/wp\/v2\/pages\/804\/revisions\/1078"}],"wp:attachment":[{"href":"https:\/\/itsource.us\/csucsu\/wp-json\/wp\/v2\/media?parent=804"}],"curies":[{"name":"wp","href":"https:\/\/api.w.org\/{rel}","templated":true}]}}