{"id":653,"date":"2017-06-17T20:38:29","date_gmt":"2017-06-17T20:38:29","guid":{"rendered":"http:\/\/itsource.us\/csucsu\/?page_id=653"},"modified":"2017-06-17T20:55:12","modified_gmt":"2017-06-17T20:55:12","slug":"tf-forum-2017-06-17","status":"publish","type":"page","link":"https:\/\/itsource.us\/csucsu\/tf-forum-2017-06-17\/","title":{"rendered":"TF F\u00f3rum 2017.06.17."},"content":{"rendered":"<p><a href=\"https:\/\/youtu.be\/mSxfq_xQ6Ic\">video<\/a><\/p>\n<p><strong>1. A V\u00e9gzet Verm\u00e9t<\/strong> \u00fagy tervezik, hogy minden \u00e9vben futhat, mint ism\u00e9tl\u0151d\u0151\/visszat\u00e9r\u0151 event. Esetleg lesz olyan kedvezm\u00e9ny, hogy aki teljes\u00edtette az 50. szintet, az kap egy tokent amivel majd minden tov\u00e1bbi V\u00e9gzet Verm\u00e9ben a labirintusmozg\u00e1s 1 TVP-vel olcs\u00f3bb.<br \/>\nA terv hossz\u00fa t\u00e1von az, hogy a V\u00e9gzet Verme ho lvan hol nincs.<\/p>\n<p>1.5 <strong>A k\u00f6vetkez\u0151 eventet<\/strong> m\u00e1r \u0151sszel be szeretn\u00e9 ind\u00edtani Mikl\u00f3s, ami futhatna p\u00e1rhuzamosan a V\u00e9gzet Verm\u00e9vel, \u00e9s a klasszikus &#8222;rajz\u00e1s&#8221; jelleg\u0171 eventet szeretn\u00e9nek&#8230; de m\u00e9gis m\u00e1sf\u00e9l\u00e9t. Az \u00e1tfed\u00e9st mindenk\u00e9pp akarj\u00e1k. \u00d6tletnek mer\u00fclt fel az \u00e9l\u0151holt inv\u00e1zi\u00f3.<\/p>\n<p>2.<strong> TF akci\u00f3.<\/strong> Az alap probl\u00e9ma, hogy 1 j\u00e1t\u00e9kos t\u00f6bb karakterrel is v\u00e1s\u00e1rolna t\u00e9teleket. Azonban ez szembe megy Mikl\u00f3s\u00e9k elk\u00e9pzel\u00e9s\u00e9vel, hogy 1 j\u00e1t\u00e9kos 1 t\u00e9telt v\u00e1s\u00e1rolhasson. M\u00e9gis vannak akik \u00e9lnek a kiskapuval, hogy a karaktereiket sz\u00e9tdobj\u00e1k t\u00f6bb sz\u00e1ml\u00e1ra. Nincs re\u00e1lis megold\u00e1s erre. Ha ilyet v\u00e9l\u00fcnk felfedezni a TF aukci\u00f3n, \u00f3vjuk meg \/ sz\u00f3ljunk, sajnos nincs r\u00e1 re\u00e1lisan megval\u00f3s\u00edthat\u00f3\/elfogadhat\u00f3 sz\u0171r\u0151.<\/p>\n<p>3. <strong>K\u00e9pess\u00e9gfa<\/strong>. Egyel\u0151re nem terveznek \u00faj k\u00e9pess\u00e9geket bevezetni, majd csak akkor, ha t\u00f6bb KT is el\u00e9r arre a szinre, hogy kifejlesztett\u00e9k az \u00f6sszes k\u00e9pess\u00e9get.<\/p>\n<p>4. <strong>Szuperpszi<\/strong>. Nem lesz. Soha. Ne is k\u00e9rdezz\u00fck \ud83d\ude41<\/p>\n<p>5. <strong>K\u00e1b\u00edt\u00f3 nyilak, \u00e1rny\u00e9kvessz\u0151k.<\/strong> Val\u00f3sz\u00edn\u0171 KF-es boltokba beker\u00fclnek korl\u00e1tlanul megv\u00e1s\u00e1rolhat\u00f3nak. A v\u00e9teli \u00e1ruk jelent\u0151sen t\u00f6bb lesz, mint most, az elad\u00e1si \u00e1ruk nem v\u00e1ltozik. Hogy pontosan mikort\u00f3l lesz el\u00e9rhet\u0151 \u00e9s mennyi\u00e9rt az nem der\u00fclt ki.<\/p>\n<p>6. <strong>K\u00f6vetkez\u0151 l\u00e9ts\u00edk :<\/strong> A Leveg\u0151 s\u00edkja lesz.<br \/>\n&#8211; Az \u00e1tvezet\u0151 k\u00fcldisor a F\u00f6ld s\u00edkj\u00e1n k\u00e9szen van, azonban magaa leveg\u0151 s\u00edkja m\u00e9g nincs k\u00e9sz, ez\u00e9rt nem lehet m\u00e9g \u00e1tmenni. P\u00e1r h\u00f3napon bel\u00fcl lesz el\u00e9rhet\u0151, eg\u00e9szen biztosan ny\u00e1r ut\u00e1n, de sz\u00e1nd\u00e9k szerint m\u00e9g a t\u00e9li Olimpia el\u0151tt. Thoron Laure volt a tesztalany \u00e9s \u0151 j\u00f3l vette az akad\u00e1lyokat.<br \/>\n&#8211; A k\u00fcldisorban tal\u00e1lkozunk mag\u00e1val Tharr-al.<br \/>\n&#8211; A leveg\u0151 l\u00e9ts\u00edkj\u00e1n m\u0171k\u00f6dni fog a jokonbia, s\u0151t dupla hat\u00e1sfok\u00fa lesz<br \/>\n&#8211; A leveg\u0151 s\u00edkj\u00e1n k\u00f6telez\u0151 lesz a sz\u00e9lj\u00e1r\u00e1s, a n\u00e9lk\u00fcl nem lehet majd menni<br \/>\n&#8211; A leveg\u0151 s\u00edkj\u00e1n lesz m\u00e1s furcsas\u00e1g is a mozg\u00e1ssal kapcsolatban &#8211; majd megl\u00e1tjuk<\/p>\n<p>7. <strong>Sz\u00f6rnyek spec k\u00e9pess\u00e9gei<\/strong> (huhog\u00e1s, ropogtat\u00e1s stb) Vs. b\u00e9n\u00edt\u00f3 csap\u00e1s \u00e9s annak lutri mivolta. Lesz \u00faj FNO-s k\u00e9pess\u00e9g, mely ezen SPEC k\u00e9pess\u00e9gek sebz\u00e9s\u00e9t fogja cs\u00f6kkenteni.<\/p>\n<p>8.<strong> \u00faj alakv\u00e1lt\u00f3 k\u00e9pess\u00e9gek<\/strong> &#8211; NEM lesznek. De megn\u00e9zik, hogy a r\u00e9gieket lehet-e kicsit boostolni.<\/p>\n<p>9. <strong>Extra \/ fixen 5 k\u00f6r\u00f6s harci k\u00f6r\u00f6k :<\/strong> lesz r\u00e1 \u00faj FNO, mely a hal\u00e1lt\u00e1nc es\u00e9ly\u00e9t fogja szintenk\u00e9nt n\u00f6velni 1 %-kal. 20-as szinten teh\u00e1t 100% lesz \u00faa hal\u00e1lt\u00e1nc es\u00e9lye. Hal\u00e1lt\u00e1nccal rendelkez\u0151knek IJ.<\/p>\n<p>10. <strong>SF-es v\u00e1ros mez\u0151k<\/strong>re k\u00f6tnek be sz\u00f6rnyeket, hogy lehessen pl. SZK-zni.<\/p>\n<p>11. <strong>Terjedelmes t\u00e1rgylista probl\u00e9m\u00e1ja<\/strong>. Javaslatot elfogadnak, hogy hogyan \u00e9s mik\u00e9nt lehetne sz\u00e9tv\u00e1logatni \u0151ket. Ide\u00e1lisan, mind az &#8216;Eszk\u00f6z\u00f6k, haszn\u00e1lati t\u00e1rgyak&#8217; \u00e9s &#8216;Egy\u00e9b bigy\u00f3k \u00e9s gyan\u00fas cs\u00fanyas\u00e1gok&#8217; szekci\u00f3t is tov\u00e1bbi 2-2 vagy 3-2 egys\u00e9gekre lehetne bontani. A sz\u00e9tv\u00e1laszt\u00e1si egys\u00e9gnek azonban teljesen egy\u00e9rtelm\u0171nek kell lennie, hogy mi mi\u00e9rt ker\u00fclt oda. -&gt; Donna v\u00e1llalta, hogy neki\u00e1ll rendszerezni, ha kap Mikl\u00f3s\u00e9kt\u00f3l egy list\u00e1t, hogy mely kateg\u00f3ri\u00e1ban mely t\u00e1rgyak szerepelnek.<\/p>\n<p>12. <strong>Esszenciam\u00e1gnes m\u0171k\u00f6d\u00e9se a l\u00e9ts\u00edkokon<\/strong>. Fontol\u00f3ra veszik, hogy a sikertelen haszn\u00e1lat csak 5 TVP legyen, ne 30. Az viszont biztos, hogy a csatamez\u0151s l\u00e9nyeket nem fogj\u00e1k belerakni a k\u00edn\u00e1latba.<\/p>\n<p>13. <strong>H\u0171s\u00e9gb\u00f3nusz ne karakterre, hanem j\u00e1t\u00e9kosra k\u00f6ss\u00f6n.<\/strong> Nem nagyon hajlanak r\u00e1. N\u00e1tha felvet\u00e9se, hogy csak a jelenl\u00e9tb\u00f3nusz lehessen megszerzhett\u0151 1 karakterrel ak\u00e1r t\u00f6bb m\u00e1sik karakterre tal\u00e1n m\u0171k\u00f6dhet (pl. lel\u00e9p egy karakterrel 20 k\u00f6rt, azzal megszerzi a jelenl\u00e9t b\u00f3nuszt 4 m\u00e1sik karakternek is, a n\u00e9lk\u00fcl, hogy l\u00e9pne vel\u00fck. \u00cdgy nem ker\u00fcl h\u00e1tr\u00e1nyba, ha adott karakterrel csak 2-t l\u00e9p egy h\u00f3napban, de k\u00f6v. h\u00f3napban l\u00e9pne 30-at)<\/p>\n<p>14. <strong>V\u00e9gzet Verme<\/strong> &#8211; Lehessen szab\u00e1lyozni, hogy a kulccsal mely ter\u00fcleten akarunk bemenni -&gt; ha nem azon a ter\u00fcleten vagyunk, a kulcs haszn\u00e1lata sikertelen. \u00cdgy megakad\u00e1lyozhat\u00f3, hogy ak\u00e1r egy f\u00e9lresiker\u00fclt v\u00e1rosi teleport stb miatt rossz ter\u00fcletr\u0151l menj\u00fcnk be.<br \/>\nFel fog ker\u00fclni a kar.lapra, hogy mikor kapott utolj\u00e1ra t\u00e9rk\u00e9pet a karakter (d\u00e1tum szerint), valamint, hogy melyik szintet kapta.<\/p>\n<p>15. <strong>B\u00f3nuszok k\u00f6z\u00e9<\/strong> : 400 TVP-t \u00e1tvinni k\u00f6vetkez\u0151 k\u00f6rre -&gt; nem lesz megval\u00f3s\u00edtva<\/p>\n<p>16. <strong>Nyugatra egyel\u0151re nem ker\u00fcl be tov\u00e1bbi fejleszt\u00e9s<\/strong>. Ezekhez ugyanis programozni kell, ahhoz pedig Mikl\u00f3st kell meggy\u0151zni, \u0150 pedig nem t\u00fal fog\u00e9kony r\u00e1.<\/p>\n<p>17. <strong>Trinigan r\u00fan\u00e1ja<\/strong> ne essen m\u00e1&#8217; le, ha elfogy a t\u00e1rgy. Nem megval\u00f3s\u00edthat\u00f3, nem lesz v\u00e1ltoz\u00e1s.<\/p>\n<p>18. <strong>K\u00e9k goly\u00f3<\/strong>. Tov\u00e1bbi k\u00e9k goly\u00f3k felhaszn\u00e1l\u00e1sa nem lesz bevezetve. A k\u00e9k goly\u00f3k eloszt\u00e1s\u00e1nak rezetel\u00e9si lehet\u0151s\u00e9ge be fog ker\u00fclni b\u00f3nuszba.<\/p>\n<p>19. <strong>Kronokrist\u00e1ly -&gt; Max\u00c9P konverzi\u00f3<\/strong>ra mer\u00fclt fel ig\u00e9ny, de nem lesz ilyen.<\/p>\n<p>20. <strong>Refrug\u00e1tor b\u0151v\u00edt\u00e9se ?<\/strong> Nem tudom mi volt itt a t\u00e9ma, de gyorsan t\u00fall\u00e9pt\u00fcnk rajta \ud83d\ude42<\/p>\n<p>21. <strong>B\u00f3nuszok k\u00f6z\u00e9 betenni a labi rezetet nyugatra<\/strong> -&gt; Ez b\u00f3nusz form\u00e1j\u00e1ban val\u00f3sz\u00edn\u0171 megval\u00f3s\u00edthat\u00f3 lesz. Mindenk\u00e9pp korl\u00e1tozva lesz nyugatra.<\/p>\n<p>22. <strong>Csata elej\u00e9n t<\/strong>\u00e1mad\u00e1s\/v\u00e9delem ki\u00edr\u00e1sa (pl. \u00f6nanal\u00edzis IV). megval\u00f3s\u00edthat\u00f3.<\/p>\n<p>23. <strong>HM tanul\u00e1shoz ne kelljen levetk\u0151zni.<\/strong> Sajnos nem megval\u00f3s\u00edthat\u00f3, hogy sz\u00e9tv\u00e1lassz\u00e1k a szak\u00e9rtelmet, \u00edgy ez nem fog v\u00e1ltozni.<\/p>\n<p>24. <strong>T\u00f6bb param\u00e9teres VTN parancs :<\/strong> megval\u00f3s\u00edthat\u00f3, meg fogj\u00e1k csin\u00e1lni<\/p>\n<p>25. <strong>Meg\u00faj\u00edthat\u00f3 taumaturgia spell<\/strong> -&gt; \u00f6tletet v\u00e1rnak, hogy mit lehetne bevezetni. Mindenk\u00e9pp hi\u00e1nyp\u00f3tl\u00f3, vagy hasznos kell legyen. A l\u00e9nyeg, hogy &#8222;csak az\u00e9rt, hogy legyen&#8221;, az nem el\u00e9g indok. Csin\u00e1ljon is valamit.<\/p>\n<p>26. <strong>Var\u00e1zspont t\u00f6lt\u0151 k\u00f6vek t\u00f6r\u00e9se<\/strong>: megn\u00e9zik mit lehet tenni, hogy el\u0151bb t\u00f6rj\u00f6n a karakter ilyen k\u00f6vet.<\/p>\n<p>27. <strong>Gyenge karik seg\u00edt\u00e9se a s\u00edkokon:<\/strong> A s\u00edkos kaj\u00e1k meg fogj\u00e1k \u0151rizni a jelenlegi mechanizmust, vagyis ann\u00e1l t\u00f6bb b\u00fanuszt adnak, min\u00e9l gyeng\u00e9bb a karakter.<\/p>\n<p>28. <strong>A F\u00f6ld s\u00edkj\u00e1n 2db TK k\u00e9szen van<\/strong>, a jutalom t\u00e1rgyak nincsenek m\u00e9g leprogramozva.<\/p>\n","protected":false},"excerpt":{"rendered":"<p>video 1. A V\u00e9gzet Verm\u00e9t \u00fagy tervezik, hogy minden \u00e9vben futhat, mint ism\u00e9tl\u0151d\u0151\/visszat\u00e9r\u0151 event. Esetleg lesz olyan kedvezm\u00e9ny, hogy aki teljes\u00edtette az 50. szintet, az kap egy tokent amivel majd minden tov\u00e1bbi V\u00e9gzet Verm\u00e9ben a labirintusmozg\u00e1s 1 TVP-vel olcs\u00f3bb. A terv hossz\u00fa t\u00e1von az, hogy a V\u00e9gzet Verme ho lvan hol nincs. 1.5 A k\u00f6vetkez\u0151 &hellip; <a href=\"https:\/\/itsource.us\/csucsu\/tf-forum-2017-06-17\/\" class=\"more-link\"><span class=\"screen-reader-text\">TF F\u00f3rum 2017.06.17.<\/span> b\u0151vebben&#8230; <span class=\"meta-nav\">&rarr;<\/span><\/a><\/p>\n","protected":false},"author":1,"featured_media":0,"parent":0,"menu_order":0,"comment_status":"closed","ping_status":"closed","template":"","meta":{"_lmt_disableupdate":"","_lmt_disable":"","footnotes":""},"class_list":["post-653","page","type-page","status-publish","hentry"],"_links":{"self":[{"href":"https:\/\/itsource.us\/csucsu\/wp-json\/wp\/v2\/pages\/653","targetHints":{"allow":["GET"]}}],"collection":[{"href":"https:\/\/itsource.us\/csucsu\/wp-json\/wp\/v2\/pages"}],"about":[{"href":"https:\/\/itsource.us\/csucsu\/wp-json\/wp\/v2\/types\/page"}],"author":[{"embeddable":true,"href":"https:\/\/itsource.us\/csucsu\/wp-json\/wp\/v2\/users\/1"}],"replies":[{"embeddable":true,"href":"https:\/\/itsource.us\/csucsu\/wp-json\/wp\/v2\/comments?post=653"}],"version-history":[{"count":3,"href":"https:\/\/itsource.us\/csucsu\/wp-json\/wp\/v2\/pages\/653\/revisions"}],"predecessor-version":[{"id":667,"href":"https:\/\/itsource.us\/csucsu\/wp-json\/wp\/v2\/pages\/653\/revisions\/667"}],"wp:attachment":[{"href":"https:\/\/itsource.us\/csucsu\/wp-json\/wp\/v2\/media?parent=653"}],"curies":[{"name":"wp","href":"https:\/\/api.w.org\/{rel}","templated":true}]}}