{"id":644,"date":"2017-06-17T20:30:52","date_gmt":"2017-06-17T20:30:52","guid":{"rendered":"http:\/\/itsource.us\/csucsu\/?page_id=644"},"modified":"2017-06-17T20:55:03","modified_gmt":"2017-06-17T20:55:03","slug":"tf-forum-2015-11-28","status":"publish","type":"page","link":"https:\/\/itsource.us\/csucsu\/tf-forum-2015-11-28\/","title":{"rendered":"TF F\u00f3rum 2015.11.28."},"content":{"rendered":"<p>Kicsit k\u00e9stem, \u00edgy a video most elmarad (hacsak valaki nem csin\u00e1lt m\u00e9gis). Az\u00e9rt megpr\u00f3b\u00e1lom \u00f6sszegezni az elhangzottakat, kijav\u00edtani \u00e9r.<\/p>\n<p>Javar\u00e9szt az <b>\u00faj ter\u00fclet<\/b>r\u0151l volt sz\u00f3:<br \/>\n&#8211; Az \u00faj fejleszt\u00e9s a k\u00fcls\u0151 l\u00e9ts\u00edkok lesznek, ezt tudtuk eddig is.<br \/>\n&#8211; Sorrendben:<br \/>\n1. V\u00edz l\u00e9ts\u00edkja<br \/>\n2. F\u00f6ld l\u00e9ts\u00edkja<br \/>\n3. Leveg\u0151 l\u00e9ts\u00edkja<br \/>\n4. T\u0171z l\u00e9ts\u00edkja<br \/>\n5. \u00c9letenergia \/ pozit\u00edv energia l\u00e9ts\u00edkja<br \/>\n6. Negat\u00edv energia s\u00edkja<br \/>\n7. M\u00e1gia l\u00e9ts\u00edkja<br \/>\n8. K\u00e1osz l\u00e9ts\u00edkja<\/p>\n<p><i>(itt szerintem egyet kihagytam, mert \u00fagy r\u00e9mlik 9-et mondott a JV)<\/i><\/p>\n<p>&#8211; A ter\u00fcletek ebben a sorrendben fognak j\u00f6nni, azaz megcsin\u00e1lni <b>csak ebben a sorrendben<\/b> lehet majd \u0151ket.<br \/>\n&#8211; minden k\u00fcls\u0151 s\u00edkon lesz egy k\u00fcldet\u00e9s sorozat, t\u00f6bb labirintussal, ami v\u00e9g\u00fcl \u00e1tvezet a k\u00f6vetkez\u0151 l\u00e9ts\u00edkra<br \/>\n&#8211; az eg\u00e9sz l\u00e9ts\u00edkv\u00e1ndorl\u00e1s egy NAGY \u00f6sszefog\u00f3 k\u00fcldet\u00e9ssorozat lesz<br \/>\n&#8211; m\u00e1r az els\u0151 l\u00e9ts\u00edkra jut\u00e1s (v\u00edz s\u00edkja) is egy k\u00fcldet\u00e9s sorozat lesz, amiben lesz <b>3 nagyon nagy labirintus<\/b>, sok sz\u00f6rnyel amik k\u00f6zt \u00fajak is lesznek.<\/p>\n<p><b>Amik minden l\u00e9ts\u00edkra jellemz\u0151ek lesznek :<\/b><br \/>\n&#8211; A t\u00e9rk\u00e9pen (X,Y felbont\u00e1sban) KF &#8222;mellett&#8221; fognak elhelyezkedni 40&#215;40 feloszt\u00e1sban, \u00f6sszesen 3*3 feloszt\u00e1sban (ez\u00e9rt is t\u0171nik jogosnak a 9 l\u00e9ts\u00edk).<\/p>\n<p>&#8211; Tiltott teleport \u00e9s v\u00e1rosi teleport m\u0171k\u00f6dni fog a k\u00fcls\u0151 l\u00e9ts\u00edkokr\u00f3l Ghall\u00e1ra, de a pszi teleport \u00e9s a kedvenc t\u00e1borhely nem<br \/>\n&#8211; Mindn l\u00e9ts\u00edk egybef\u00fcgg\u0151an azonos (\u00e9s vadonat\u00faj) terept\u00edpus lesz, azaz a v\u00edz s\u00edkja pl. CSAK v\u00edz (r\u00e9szletesebben a v\u00edz s\u00edkj\u00e1r\u00f3l l\u00e1sd lentebb)<br \/>\n&#8211; E miatt egy csom\u00f3 minden m\u00e1sk\u00e9pp fog m\u0171k\u00f6dni (nem lehet f\u0151zni, b\u00e1ny\u00e1szni csak a f\u00f6ld s\u00edkj\u00e1n stb)<br \/>\n&#8211; s\u00edkonk\u00e9nt 20 f\u00e9le sz\u00f6rny lesz, 2 nevessel<br \/>\n&#8211; egyik k\u00fcls\u0151 s\u00edkon sem lesz v\u00e1ros<br \/>\n&#8211; lesznek az \u00faj s\u00edkokhoz kapcsol\u00f3d\u00f3 \u00faj isteni k\u00fcldik \u00e9s 1-2 TK is<br \/>\n&#8211; minden s\u00edk 10 szinttel er\u0151s\u00f6dik, kezdve a v\u00edz s\u00edkj\u00e1val lvl 170-r\u0151l, azaz a negyedik s\u00edkon pl 210. (alap) szint k\u00f6rny\u00e9ki sz\u00f6rnyek j\u00f6nnek majd.<br \/>\n&#8211; a megl\u00e9v\u0151 cuccokat lehet majd upgradelni, s\u00edkonk\u00e9nt kett\u0151t, terv szerint (pl v\u00edz s\u00edkj\u00e1n egy gy\u0171r\u0171 \u00e9s egy sisak, a f\u00f6ld s\u00edkj\u00e1n egy nyakl\u00e1nc \u00e9s egy keszty\u0171 stb). K\u00e1b\u00e9.<br \/>\n&#8211; Az elfogott \u00e1llatok NEM mennek \u00e1t a k\u00fcld\u0151 l\u00e9ts\u00edkokra, kiv\u00e9ve szilmillek. Lesz majd ellenben egy &#8222;Utaz\u00f3k Gy\u0171r\u0171je&#8221;-szer\u0171 t\u00e1rgy amibe az \u00e1llatok ker\u00fclnek<br \/>\n&#8211; a k\u00fcls\u0151 s\u00edkokon lesznek elfoghat\u00f3 l\u00e9nyek, amik meg csak ott \u00e9lnek meg<br \/>\n&#8211; minden ter\u00fcleten lesznek \u00faj terept\u00e1rgyak, kutatni\/m\u00e1sznival\u00f3k stb, n\u00f6v\u00e9nyek NEM, de m\u00e1s terept\u00e1rgyak igen<br \/>\n&#8211; nem lesz &#8222;kincses\u0151&#8221;, mint KF-en, csak szol\u00eddabb m\u00e9rt\u00e9kben. Azaz s\u00e1fr\u00e1nyk\u0151, tgy\u00f6ngye, Kyeli stb elvileg el\u00e9rhet\u0151 lesz, DE sokkal kisebb lesz a droprate, ellenben sokkal t\u00f6bb TP-t \u00e9rnek majd a sz\u00f6rnyek, \u00edgy a gyorsabb szintl\u00e9p\u00e9s lesz a cs\u00e1b\u00edt\u00f3 er\u0151. <img decoding=\"async\" src=\"https:\/\/ghalla.pbm.hu\/gfx\/smile.gif\" border=\"0\" \/><br \/>\n&#8211; terveznek az \u00faj ter\u00fcletekre random statos t\u00e1rgyakat, amik \u00fagy n\u00e9zn\u00e9nek ki, hogy az adott t\u00e1rgy kapna jelz\u0151ket, ami utalna a k\u00e9pess\u00e9geire. Minden t\u00e1rgynak lenne X pont -nyi statja amib\u0151l Ydb Z \u00e9rt\u00e9k\u0171 (Y*Z=X) k\u00e9pess\u00e9gek lesznek a t\u00e1rgyban.<br \/>\n&#8211; \u00fagy tervezik, hogy egy-egy karakter kb 100-150 fordul\u00f3t t\u00f6lts\u00f6n el minden egyes l\u00e9ts\u00edkon (\u00e9ljen a fejleszt\u00e9s, teend\u0151k list\u00e1ja bet\u00e1bl\u00e1zva 2038-ig).<\/p>\n<p><b>R\u00e9szletesebben a v\u00edz s\u00edkj\u00e1r\u00f3l:<\/b><br \/>\n&#8211; ez lesz az els\u0151 k\u00fcls\u0151 l\u00e9ts\u00edk<br \/>\n&#8211; az ide val\u00f3 jut\u00e1shoz a k\u00fcldisor m\u00e1r k\u00e9szen van<br \/>\n&#8211; kell majd egy gy\u0171r\u0171, amit viselned kell, hogy egy\u00e1ltal\u00e1n l\u00e9tezni tudj a l\u00e9ts\u00edkon ( be kell \u00e1ldozni egy gy\u0171r\u0171 slotot)<br \/>\n&#8211; az alap mozg\u00e1s\/harc sima Mozg\u00e1ssal megy (kelleni fog m\u00e9g a v\u00edzl\u00e9gz\u00e9s \/ gy\u00f6ngyhal\u00e1sz \/ szir\u00e1nusz maszk), viziharc alapb\u00f3l nem lesz, DE lesznek itt is barlangok (mint a t\u00f3m\u00e9lyi barlang) ahol kelleni fog a v\u00edziharc.<br \/>\n&#8211; haj\u00f3t el lehet felejteni, a k\u00fcls\u0151 s\u00edkokra nem fog kelleni, m\u00e9g a v\u00edz s\u00edkj\u00e1ra sem<br \/>\n&#8211; A v\u00edz s\u00edkja az els\u0151, az ide jut\u00e1s felt\u00e9ttele a 160. szint (\u00e9s 170. szint\u0171ek lesznek a sz\u00f6rnyek)<br \/>\n&#8211; m\u00e1r r\u00f6gt\u00f6n a v\u00edz s\u00edkj\u00e1n megszerezhet\u0151 lesaz az \u00d6SSZES egyedi isteni var\u00e1zslat midnenki sz\u00e1m\u00e1ra (425-432)<br \/>\n&#8211; lesz kitart\u00f3 l\u00f3 2, hogy helyettes\u00edtse a h\u00e1tas\u00e1llatot, ami ugye nem megy \u00e1t a k\u00fcls\u0151 s\u00edkokra (l\u00e1sd fentebb)<br \/>\n&#8211; javasoltam, hogy a titanitb\u00e1ny\u00e1szat is legyen el\u00e9rhet\u0151 labirintus, nagyban jav\u00edtan\u00e1 a helyztetet, f\u0151leg, hogy a f\u00f6ld s\u00edkja kiv\u00e9tel\u00e9vel nem lesz b\u00e1ny\u00e1szatra lehet\u0151s\u00e9g<\/p>\n<p><b>Egy\u00e9b inf\u00f3k:<\/b><br \/>\n&#8211; A k\u00f6vetkez\u0151 event \u00fajra a quwarg rajz\u00e1s lesz<br \/>\n&#8211; meg lesz sz\u00fcntetve, hogy KF-en nem esik semmi az \u00f3ri\u00e1s phua-k\u00fapokb\u00f3l (a no-treasure effekt)<br \/>\n&#8211; a csapda\u00e9szel\u00e9s sokkal gyorsabb \u00fctemben fejl\u0151dik most a csapdak\u00e9sz\u00edt\u00e9sn\u00e9l &#8211; ut\u00e1na n\u00e9znek mivel lehetne ezen jav\u00edtani, fejleszteni<br \/>\n&#8211; a lop\u00e1s k\u00e9plete nem v\u00e1ltozik, kiv\u00e9ve ha valaki T\u00c9NYLEG beszerez mindent ami sz\u00e1m\u00edt \u00e9s \u00edgy is meglopj\u00e1k sorozatosan &#8211; ebben az esetben ut\u00e1nan\u00e9znek a dolgoknak, de elvileg 800 k\u00f6r\u00fcli lop\u00e1st lev\u00e9d a MINDEN felrakhat\u00f3 felrak\u00e1sa.<br \/>\n&#8211; Olimpi\u00e1n jelenleg fixen a v\u00e9d\u0151 taktika a nyer\u0151 (a t\u00f6bbi sem rossz, de nyerni nem lehet vel\u00fck) a 7-8 kateg\u00f3ri\u00e1kban (megjegyzem a 6-osban is azzal nyertem, nyilv\u00e1nos), ezt kellene balanszolni, ut\u00e1nan\u00e9znek mi lenne a megold\u00e1s<\/p>\n","protected":false},"excerpt":{"rendered":"<p>Kicsit k\u00e9stem, \u00edgy a video most elmarad (hacsak valaki nem csin\u00e1lt m\u00e9gis). Az\u00e9rt megpr\u00f3b\u00e1lom \u00f6sszegezni az elhangzottakat, kijav\u00edtani \u00e9r. Javar\u00e9szt az \u00faj ter\u00fcletr\u0151l volt sz\u00f3: &#8211; Az \u00faj fejleszt\u00e9s a k\u00fcls\u0151 l\u00e9ts\u00edkok lesznek, ezt tudtuk eddig is. &#8211; Sorrendben: 1. V\u00edz l\u00e9ts\u00edkja 2. F\u00f6ld l\u00e9ts\u00edkja 3. Leveg\u0151 l\u00e9ts\u00edkja 4. T\u0171z l\u00e9ts\u00edkja 5. \u00c9letenergia \/ pozit\u00edv &hellip; <a href=\"https:\/\/itsource.us\/csucsu\/tf-forum-2015-11-28\/\" class=\"more-link\"><span class=\"screen-reader-text\">TF F\u00f3rum 2015.11.28.<\/span> b\u0151vebben&#8230; <span class=\"meta-nav\">&rarr;<\/span><\/a><\/p>\n","protected":false},"author":1,"featured_media":0,"parent":0,"menu_order":0,"comment_status":"closed","ping_status":"closed","template":"","meta":{"_lmt_disableupdate":"","_lmt_disable":"","footnotes":""},"class_list":["post-644","page","type-page","status-publish","hentry"],"_links":{"self":[{"href":"https:\/\/itsource.us\/csucsu\/wp-json\/wp\/v2\/pages\/644","targetHints":{"allow":["GET"]}}],"collection":[{"href":"https:\/\/itsource.us\/csucsu\/wp-json\/wp\/v2\/pages"}],"about":[{"href":"https:\/\/itsource.us\/csucsu\/wp-json\/wp\/v2\/types\/page"}],"author":[{"embeddable":true,"href":"https:\/\/itsource.us\/csucsu\/wp-json\/wp\/v2\/users\/1"}],"replies":[{"embeddable":true,"href":"https:\/\/itsource.us\/csucsu\/wp-json\/wp\/v2\/comments?post=644"}],"version-history":[{"count":2,"href":"https:\/\/itsource.us\/csucsu\/wp-json\/wp\/v2\/pages\/644\/revisions"}],"predecessor-version":[{"id":664,"href":"https:\/\/itsource.us\/csucsu\/wp-json\/wp\/v2\/pages\/644\/revisions\/664"}],"wp:attachment":[{"href":"https:\/\/itsource.us\/csucsu\/wp-json\/wp\/v2\/media?parent=644"}],"curies":[{"name":"wp","href":"https:\/\/api.w.org\/{rel}","templated":true}]}}