{"id":637,"date":"2017-06-17T20:29:19","date_gmt":"2017-06-17T20:29:19","guid":{"rendered":"http:\/\/itsource.us\/csucsu\/?page_id=637"},"modified":"2017-06-17T20:54:53","modified_gmt":"2017-06-17T20:54:53","slug":"tf-forum-2015-06-24","status":"publish","type":"page","link":"https:\/\/itsource.us\/csucsu\/tf-forum-2015-06-24\/","title":{"rendered":"TF F\u00f3rum 2015.06.24."},"content":{"rendered":"<p><a href=\"http:\/\/youtu.be\/11I_WWZLOrQ\">Video, part 1<\/a><br \/>\n<a href=\"http:\/\/youtu.be\/XyqRne8cu0U\">Video, part 2<\/a><\/p>\n<p>Ha a video-val kapcsolatban \u00e9szrev\u00e9tel van, priv\u00e1tban jelezz\u00e9tek.<\/p>\n<p>A hang min\u0151s\u00e9g sokkal jobb nem lesz, telefonnal lett felv\u00e9ve.<br \/>\nA k\u00e9p is az\u00e9rt ilyen, mert elfelejtettem t\u00e1maszt\u00e9kot vinni, \u00edgy jobb h\u00edj\u00e1n egy fogasra pakoltam fel \u00fagy, hogy fenn maradjon \u00e9s lehet\u0151leg ne a plafont vegye fel.<\/p>\n<p>Tartalom, ha valakinek nincs ideje v\u00e9gign\u00e9zni a videot (szum m\u00e1sf\u00e9l \u00f3ra kb) :<\/p>\n<p>1. <strong>Akarunk-e olyan var\u00e1zslatot, ami megakad\u00e1lyozza a krist\u00e1lyg\u00f6mb\u00f6t ?<\/strong> Nem, nem akarunk -&gt; leszavaztuk<\/p>\n<p>2. <strong>B\u0151v\u00edtve legyen-e az igazl\u00e1t\u00e1s<\/strong> azzal, hogy a \u00e1tboroz\u00e1s alatt, ha lopni pr\u00f3b\u00e1nak (sikertelen\u00fcl) akkor ne azt \u00edrja ki, hogy egy l\u00e1thatatlan alak, hanem t\u00e9nylegesen a nev\u00e9t. Sikeres lop\u00e1s eset\u00e9n jelenleg is ki\u00edrja.<\/p>\n<p>3. <strong>KT-k\u00e9pess\u00e9gek teljes \u00fajrapontoz\u00e1sa<\/strong> a k\u00f6vetkez\u0151 k\u00e9pp:<br \/>\n&#8211; \u00fajrapontonak minden nem-f\u00e1s k\u00e9pess\u00e9get<br \/>\n&#8211; nyilv\u00e1nnosg\u00e1ra ker\u00fcl a pont\u00e9rt\u00e9k<br \/>\n&#8211; minden KT ezek ut\u00e1n szabadon \u00e9s ingyen \u00fajraalak\u00edthatja az \u00d6SSZES KT k\u00e9pess\u00e9g\u00e9t &#8222;X hat\u00e1rid\u0151 d\u00e1tumig&#8221;<br \/>\n&#8211; amit nem lehet lecser\u00e9lni (pl. test\u00e9p\u00edt\u00e9s) azt nem lehet ut\u00e1na sem<br \/>\n&#8211; az ingyenes \/ aj\u00e1nd\u00e9k k\u00e9pess\u00e9gek maradn\u00e1nak<\/p>\n<p>4. <strong>Jokonbia \u00e1gat b\u00f3nuszb\u00f3l megvehet\u0151v\u00e9 tenni:<\/strong><br \/>\n&#8211; Nyugatra is el\u00e9rhet\u0151 lenne<br \/>\n&#8211; el\u0151fordulhat, hogy valaki KF-en kifogy bel\u0151le (v\u00e9letlen) \u00e9s meht<br \/>\nvissza \u00e9rte KF-re<br \/>\n&#8211; Minimum szint (csak a b\u00f3nuszb\u00f3l megvehet\u0151) : ~50.szint<br \/>\n&#8211; t\u00f6bb b\u00f3nuszba ker\u00fclne<\/p>\n<p>5. <strong>b\u00e1ny\u00e1szh\u00e1z k\u00fcldisort<\/strong> tervezik betenni nyugatra<\/p>\n<p>6. <strong>l\u00e9lekharang<\/strong> is beker\u00fclhetne nyugatra<\/p>\n<p>7. <strong>+1 Makr\u00f3 b\u00f3nuszb\u00f3l<\/strong> &#8211; JV fel\u00edrta.<\/p>\n<p>8.<strong> Els\u0151 X fordul\u00f3 lehetne olcs\u00f3bb<\/strong> -&gt; ezt elvetett\u00e9k, viszont lehets\u00e9ges, hogy az els\u0151 20 fordul\u00f3 lesz ingyenes<\/p>\n<p>9. <strong>Egy \u00faj opci\u00f3 a honlapon :<\/strong> Meg lehetne n\u00e9zni az Olimpiai nevez\u00e9si \u00e1llapotot a honlapon -&gt; H 1 50-n\u00e9l lement\u0151dne.<\/p>\n<p>10. <strong>boh\u00f3csipka NERF:<\/strong> lvl 204-en maxol (szint \/12 t\u00e1mad\u00e1s \u00e9s v\u00e9dekez\u00e9s cs\u00f6kken\u00e9s az ellenf\u00e9lnek) a hat\u00e1sa.<br \/>\nEgy cs\u00f6kkentett verzi\u00f3ban a Yuin gy\u00f6ngysor megkapja a boh\u00f3csipka k\u00e9pess\u00e9g\u00e9t (szint \/15).<\/p>\n<p>11. <strong>Vill\u00e1mk\u00e9z<\/strong>: KF-en mindenkinek egekben van az \u00d6k\u00f6lv\u00edv\u00e1s, m\u00e9g feljebb a HM. -&gt; Magas szinten le lessz osztva a HM VAGY Maxolva lenne a vill\u00e1mk\u00e9z es\u00e9lye 50%-ban.<\/p>\n<p>12.<strong> Istenek talizm\u00e1nja:<\/strong> ne blokkolja az egyedi isteni varikat<br \/>\n-&gt; nem kapott t\u00e1mogat\u00e1st, nem lesz megval\u00f3s\u00edtva<\/p>\n<p>13. <strong>Aukci\u00f3s v\u00e1ltoztat\u00e1s :<\/strong> kiv\u00e1s\u00e1rl\u00e1si \u00e1r megad\u00e1sa.<br \/>\n&#8211; Ha ezt valaki meg\u00fcti a t\u00e9tel k\u00f6vetkez\u0151 aukci\u00f3s napon kisz\u00e1ll\u00edt\u00e1sra ker\u00fcl a gy\u0151ztesnek. Licit\u00e1lni addig m\u00e9g lehet r\u00e1.<\/p>\n<p>14. <strong>K\u00e9k goly\u00f3 :<\/strong> nem lehet megv\u00e1ltoztatni a b\u00f3nuszait, Iv\u00e1n szerint nincs let\u00e1rolva, hogy mire haszn\u00e1ltad el a k\u00e9k goly\u00f3t, csak azt, hogy mennyit. Ery nem \u00e9rt egyet, de a t\u00e1rgy nem fog v\u00e1ltozni.<\/p>\n<p>15. <strong>NJK-k k\u00e9rd\u00e9se<\/strong>, t\u00e1rgyat nem kaphatnak \u00e9s nem von\u00f3dik le t\u0151l\u00fck. NJK-k minden t\u00e1pl\u00e1l\u00e1sn\u00e1l \u00fajra futtatj\u00e1k parancsaikat (FL, FT stb).<\/p>\n<p>16. <strong>\u00daj ter\u00fclet:<\/strong> L\u00e9ts\u00edkok. kb 160. szint lesz az indul\u00f3 ter\u00fclet, egyre er\u0151s\u00f6dni fognak. Adott l\u00e9ts\u00edkon csak egy fajta terept\u00edpus lesz. Pl. v\u00edz csak tenger mez\u0151, csak \u00fasz\u00e1ssal, haj\u00f3z\u00e1s nem lesz.<br \/>\nMinden s\u00edkon lesznek labik, k\u00fcldet\u00e9sek, k\u00fcl\u00f6nf\u00e9le (~20 f\u00e9le) csak az adott ter\u00fcletre jellemz\u0151 sz\u00f6rnyek, \u00faj t\u00e1rgyak, \u00faj var\u00e1zslatok.<br \/>\nAz \u00faj ter\u00fclete(ke)n labikban meg lehet tanulni az \u00f6sszes egyedi isteni var\u00e1zslatot. Nagyj\u00e1b\u00f3l 9 l\u00e9ts\u00edk, 40&#215;40-es t\u00e9rk\u00e9pekkel.<\/p>\n<p>17. <strong>Olimpia<\/strong> &#8211; hatott a f\u0151z\u00e9s, aminek nem kellett volna. Kivizsg\u00e1lj\u00e1k.<\/p>\n<p>18. <strong>Er\u0151 balanszra kellene megold\u00e1s<\/strong>, hogy Olimpi\u00e1n azonos legyen az \u00f6k\u00f6l sebz\u00e9se a fegyvereshez k\u00e9pest. JV fel\u00edrta.<\/p>\n<p>19. <strong>Moa-massza event:<\/strong> Kb. Okt\u00f3berig tart, ha \u00f6sszej\u00f6n egy bizonyos massza-\u00f6l\u00e9s sz\u00e1m (gyan\u00edthat\u00f3an k\u00e9zzel lesz bebilletnve), akkor lehet majd kiadni a JLK parancsokat \u00e9s akkor lesz v\u00e9ge<\/p>\n<p>20: <strong>\u00faj t\u00e1rgyak<\/strong> (moa antirad \u00e9s stb) beker\u00fclnek a ter\u00fcletf\u00fcgg\u0151 moa k\u00fapokba.<\/p>\n<p>21: <strong>Az \u00faj event j\u00f6v\u0151re a toronyh\u00e1bor\u00fa visszahoz\u00e1sa.<\/strong> V\u00e1ltoz\u00e1sok elk\u00e9pzelhet\u0151ek az el\u0151z\u0151 eventhez k\u00e9pest.<\/p>\n<p>22: <strong>KF-en a loot v\u00e1ltozni fog:<\/strong> Ki lesz szedve a max-ba gy\u00f3gy\u00edt\u00f3 t\u00e1rgyak \u00e9s a moa ravataloz\u00f3, helyett\u00fck beker\u00fclnek a dragnitok.<\/p>\n<p>23: <strong>Licites v\u00e1ltoz\u00e1sok:<\/strong> A +10 fegyverszak\u00e9rtelem t\u00e9tel v\u00e9gleg elt\u0171nt, aki eddig megvette valamely szak\u00e9rtelemre, az nem veheti meg t\u00f6bbet ugyanabb\u00f3l a t\u00edpusb\u00f3l a +3-at.<br \/>\npl:<br \/>\n&#8211; aki megvette a +10-et l\u0151fegyverre az megveheti a +3 k\u00f6zelharcit, de nem veheti meg a +3 l\u0151\/dob\u00f3t)<br \/>\n&#8211; aki megvette a +10-et \u00f6k\u00f6lv\u00edv\u00e1sra, az megveheti +3 l\u0151\/dob\u00f3t, de nem veheti meg a +3 k\u00f6zelharcit<\/p>\n<p>24: <strong>TF-online:<\/strong> in the making&#8230; jelenleg a KT-kkal kapcsolatos dolgok vannak programoz\u00e1s alatt.<\/p>\n<p>25: <strong>Mikl\u00f3s \u00e1ltal beharangozott \u00faj j\u00e1t\u00e9k:<\/strong> nem a TF online \ud83d\ude42<br \/>\nValami l\u00e1nyos j\u00e1t\u00e9k, nem \u00e9rtettem pontosan; b\u00f6ng\u00e9sz\u0151 alap\u00fa, nevelget\u0151s, v\u00e1ros\u00e9p\u00edt\u0151s mittudom\u00e9n.<\/p>\n","protected":false},"excerpt":{"rendered":"<p>Video, part 1 Video, part 2 Ha a video-val kapcsolatban \u00e9szrev\u00e9tel van, priv\u00e1tban jelezz\u00e9tek. A hang min\u0151s\u00e9g sokkal jobb nem lesz, telefonnal lett felv\u00e9ve. A k\u00e9p is az\u00e9rt ilyen, mert elfelejtettem t\u00e1maszt\u00e9kot vinni, \u00edgy jobb h\u00edj\u00e1n egy fogasra pakoltam fel \u00fagy, hogy fenn maradjon \u00e9s lehet\u0151leg ne a plafont vegye fel. Tartalom, ha valakinek nincs &hellip; <a href=\"https:\/\/itsource.us\/csucsu\/tf-forum-2015-06-24\/\" class=\"more-link\"><span class=\"screen-reader-text\">TF F\u00f3rum 2015.06.24.<\/span> b\u0151vebben&#8230; <span class=\"meta-nav\">&rarr;<\/span><\/a><\/p>\n","protected":false},"author":1,"featured_media":0,"parent":0,"menu_order":0,"comment_status":"closed","ping_status":"closed","template":"","meta":{"_lmt_disableupdate":"","_lmt_disable":"","footnotes":""},"class_list":["post-637","page","type-page","status-publish","hentry"],"_links":{"self":[{"href":"https:\/\/itsource.us\/csucsu\/wp-json\/wp\/v2\/pages\/637","targetHints":{"allow":["GET"]}}],"collection":[{"href":"https:\/\/itsource.us\/csucsu\/wp-json\/wp\/v2\/pages"}],"about":[{"href":"https:\/\/itsource.us\/csucsu\/wp-json\/wp\/v2\/types\/page"}],"author":[{"embeddable":true,"href":"https:\/\/itsource.us\/csucsu\/wp-json\/wp\/v2\/users\/1"}],"replies":[{"embeddable":true,"href":"https:\/\/itsource.us\/csucsu\/wp-json\/wp\/v2\/comments?post=637"}],"version-history":[{"count":7,"href":"https:\/\/itsource.us\/csucsu\/wp-json\/wp\/v2\/pages\/637\/revisions"}],"predecessor-version":[{"id":663,"href":"https:\/\/itsource.us\/csucsu\/wp-json\/wp\/v2\/pages\/637\/revisions\/663"}],"wp:attachment":[{"href":"https:\/\/itsource.us\/csucsu\/wp-json\/wp\/v2\/media?parent=637"}],"curies":[{"name":"wp","href":"https:\/\/api.w.org\/{rel}","templated":true}]}}