{"id":634,"date":"2017-06-17T20:26:51","date_gmt":"2017-06-17T20:26:51","guid":{"rendered":"http:\/\/itsource.us\/csucsu\/?page_id=634"},"modified":"2017-06-17T20:54:46","modified_gmt":"2017-06-17T20:54:46","slug":"tf-forum-2014-11-29","status":"publish","type":"page","link":"https:\/\/itsource.us\/csucsu\/tf-forum-2014-11-29\/","title":{"rendered":"TF F\u00f3rum 2014.11.29."},"content":{"rendered":"<p><b>1) A k\u00e9t nyugati v\u00e1ros<\/b> ami <b><i>varkaudar**<\/i><\/b> k\u00e9zre ker\u00fclt m\u00e9g visszafoglalhat\u00f3, ha kell\u0151 intenzit\u00e1ssal ostromolj\u00e1k a kalandoz\u00f3k a varkaudar fellegv\u00e1rakat. Vaskarom (egykori Huertol) menthetetlen, azt nem lehet visszafoglalni.<\/p>\n<p><b>2) Olimpi\u00e1n<\/b> nem fog ezent\u00fal m\u0171k\u00f6dni a butas\u00e1g \u00e1ra a mana\u00e9get\u00e9s miatt<\/p>\n<p><b>3) A t\u0171zk\u00e9z\/vill\u00e1mk\u00e9z<\/b> \u00e9s kl\u00f3njai m\u0171k\u00f6dnek antim\u00e1gikus l\u00e9nyekre. Volt szavaz\u00e1s arr\u00f3l, hogy szeretn\u00e9nk-e , hogy ez megv\u00e1ltozzon (ne m\u0171k\u00f6dj\u00f6n) -&gt; nem lesz m\u00f3dos\u00edtva, marad \u00edgy, vagyis tov\u00e1bbra is lehet antim\u00e1gikus l\u00e9nyekre t\u0171zkezet \/ vill\u00e1mkezet l\u0151ni.<br \/>\n<b><br \/>\n4) TF-talis aukci\u00f3 <\/b>: A +3 fegyverszak\u00e9rtelem t\u00e9telt mostant\u00f3l 1 karakter csak 1x veheti meg (nincs aki t\u00f6bbsz\u00f6r vette, sz\u00f3val senki nem \u00e9r k\u00e1rosod\u00e1s)<\/p>\n<p><b>4.1) A TF-talis aukci\u00f3n<\/b> v\u00e1s\u00e1rolhat\u00f3 &#8222;b\u00e1rmely&#8221; papi var\u00e1zslat valamilyen form\u00e1ban el\u00e9rhet\u0151 lesz az \u00faj ter\u00fcleten (l\u00e9ts\u00edkok). Ez egyel\u0151re m\u00e9g csak fejleszt\u00e9si \u00f6tlet, de be FOG ker\u00fclni&#8230;. majd egyszer<\/p>\n<p><b>5) K\u00f6vetkez\u0151 t\u00f6rt\u00e9nelmi esem\u00e9ny :<\/b> Tavaszra tervezi a j\u00e1t\u00e9kvezet\u00e9s, szivesen fogad b\u00e1rmilyen \u00f6tletet, els\u0151sorban NEM HARC orient\u00e1lt lenne, persze lehet benne az is.<\/p>\n<p><b>6) Fegyverszak\u00e9rtelmek tesztel\u00e9se<\/b> megt\u00f6rt\u00e9nt Neal karakter\u00e9vel az al\u00e1bbi statok minden permut\u00e1ci\u00f3j\u00e1ban, \u00f6k\u00f6l vs \u00f6sszes t\u00f6bbi fegyverszak\u00e9rtelem (Neal harcolt &#8222;\u00f6nmag\u00e1val tesztcsat\u00e1ban m\u00e1s-m\u00e1s be\u00e1ll\u00edt\u00e1sokkal)<br \/>\n* 700-as er\u0151vel \u00e9s 120-as fegyverszak\u00e9rtelemmel<br \/>\n-&gt; 4 k\u00f6r\u00f6s csat\u00e1ban az \u00f6k\u00f6l 2000-el kevesebbet sebzett minden fegyver ellen, kiv\u00e9ve v\u00e1g\u00f3t<br \/>\n* 1200-as er\u0151vel \u00e9s 150-es fegyverszak\u00e9rtelemmel<br \/>\n-&gt; 4 k\u00f6r\u00f6s csat\u00e1ban az \u00f6k\u00f6l kb ugyanannyit sebzett minden fegyver ellen, kiv\u00e9ve v\u00e1g\u00f3t<br \/>\n* Dragnitokat nem sz\u00e1molt (fegyverben)<br \/>\n* Fegyveresnek fixen hal\u00e1los d\u00f6f\u00e9s (ha j\u00f3l eml\u00e9kszem), \u00f6kl\u00f6snek fixen esszencia uralma kattant be<br \/>\n* kider\u00fclt, hogy a v\u00e1g\u00f3 a leggyeng\u00e9bb jelenleg<\/p>\n<p><b>7) szerencse rev\u00edzi\u00f3<\/b> folyamatban, a c\u00e9l egy er\u0151h\u00f6z hasonlatos &#8222;X hat\u00e1r felett ne minden szerencse sz\u00e1m\u00edtson a k\u00e9pletben&#8221; m\u00f3dos\u00edt\u00e1s. Pontos sz\u00e1mol\u00e1s \u00e9s sok tesztel\u00e9s = sok ideig tart tesztelni, hogy lesz j\u00f3&#8230;. folyamatban<\/p>\n<p><b>8) A titanitduk\u00e1t<\/b> val\u00f3ban gyakori kincs a hal\u00e1lk\u00fapokban -&gt; ez m\u00e1r nem fog megv\u00e1ltozni.<br \/>\nAz Elenios f\u00fclbeval\u00f3 250 duk\u00e1t\u00e9rt megv\u00e1s\u00e1rolhat\u00f3 lesz, aki kor\u00e1bban vette azt kompenz\u00e1lj\u00e1k [\u00e1r-250]-el, ami sokakb\u00f3l felh\u00f6rd\u00fcl\u00e9st v\u00e1ltott ki, mert \u00edgy nagyon sok minden m\u00e1s t\u00e1rgyat is lehetne kompenz\u00e1lni ami az\u00f3ta beker\u00fclt a j\u00e1t\u00e9kba m\u00e1s m\u00f3don (pl. csonka f\u00fcles) -&gt; ez \u00fcgyben a JV nem kompenz\u00e1l.<\/p>\n<p><b>9) Kis m\u00e1gneses bigy\u00f3<\/b> KF-en (nem m\u0171k\u00f6dik \u00e9s jav\u00edtj\u00e1k ? &#8211; nem figyeltem el\u00e9gg\u00e9 itt)<\/p>\n<p><b>10) \u00c9hez\u00e9s<\/b> durv\u00e1n elsz\u00e1llt KF-en (referenciak\u00e9nt 1 k\u00f6r alatt a karakter megeszik ak\u00e1r 300 kaj\u00e1t is, ha van n\u00e1la annyi) &#8211; JV kivizsg\u00e1lja<\/p>\n<p><b>11) P\u00e1r TK egyedi t\u00e1rgya<\/b> sehogy nem megszerezhet\u0151, csak adott TK-b\u00f3l, de nem \u00e9ri meg ism\u00e9telni a TK-t (pl. druida k\u00f6nt\u00f6s), ezen t\u00e1rgyak lehet beker\u00fclnek valahova kincsk\u00e9nt<\/p>\n<p><b>12) <\/b>felmer\u00fclt a <b>pre-made karakterek<\/b> \u00f6tlete (nem a JV-t\u0151l) : pl. honlapon \u00faj j\u00e1t\u00e9kos azonnal tud venni 1000. fordul\u00f3s, 250 lemarad\u00e1ssal rendelkez\u0151 karaktert \u00e9s \u00edgy kezdeni a j\u00e1t\u00e9kot -&gt; el\u0151nye, hogy azonnal a v\u00e9gj\u00e1t\u00e9kba cs\u00f6ppen \u00e9s nem kell \u00e9veket kiv\u00e1rnia, m\u00edg odajut. h\u00e1tr\u00e1nya, hogy adott j\u00e1t\u00e9kos nem lesz k\u00e9pben a dolgokkal<\/p>\n<p><b>13) Kis KT-k<\/b> fejleszt\u00e9si seg\u00edts\u00e9get kapnak (10 f\u0151 alattiak miatt mer\u00fclt fel). Ezen kt-kba nem fognak t\u00f6megesen bev\u00e1ndorolni a karakterek, viszont a maroknyi j\u00e1t\u00e9kosnak n\u0151 a j\u00e1t\u00e9k\u00e9lm\u00e9nye<\/p>\n<p><b>14) \u00faj ter\u00fclet<\/b>re egyel\u0151re nincs ig\u00e9rt d\u00e1tum, el\u00f6lj\u00e1r\u00f3ban a l\u00e9ts\u00edkok felfedez\u00e9se lesz. Hogy pontosan milyen l\u00e9ts\u00edkok, hogy ker\u00fcl be a j\u00e1t\u00e9kba stb mind k\u00e9pl\u00e9keny, \u00f6tleteket szivesen fogad a JV.<br \/>\nterv : adott l\u00e9ts\u00edkon minden mez\u0151n ugyanaz a terept\u00edpus, minden l\u00e9ts\u00edk kisebb ter\u00fclet lenne, amiket k\u00fcl\u00f6n-k\u00fcl\u00f6n lehetne bej\u00e1rni<\/p>\n<p><b>15) nemi er\u0151szak<\/b> &#8211; felmer\u00fclt, hogy a top\u00e1z er\u00e9ny\u00f6v noslotos lesz<\/p>\n<p><b>16) TF-online :<\/b> coming soon (no ETA)<\/p>\n","protected":false},"excerpt":{"rendered":"<p>1) A k\u00e9t nyugati v\u00e1ros ami varkaudar** k\u00e9zre ker\u00fclt m\u00e9g visszafoglalhat\u00f3, ha kell\u0151 intenzit\u00e1ssal ostromolj\u00e1k a kalandoz\u00f3k a varkaudar fellegv\u00e1rakat. Vaskarom (egykori Huertol) menthetetlen, azt nem lehet visszafoglalni. 2) Olimpi\u00e1n nem fog ezent\u00fal m\u0171k\u00f6dni a butas\u00e1g \u00e1ra a mana\u00e9get\u00e9s miatt 3) A t\u0171zk\u00e9z\/vill\u00e1mk\u00e9z \u00e9s kl\u00f3njai m\u0171k\u00f6dnek antim\u00e1gikus l\u00e9nyekre. Volt szavaz\u00e1s arr\u00f3l, hogy szeretn\u00e9nk-e , hogy &hellip; <a href=\"https:\/\/itsource.us\/csucsu\/tf-forum-2014-11-29\/\" class=\"more-link\"><span class=\"screen-reader-text\">TF F\u00f3rum 2014.11.29.<\/span> b\u0151vebben&#8230; <span class=\"meta-nav\">&rarr;<\/span><\/a><\/p>\n","protected":false},"author":1,"featured_media":0,"parent":0,"menu_order":0,"comment_status":"closed","ping_status":"closed","template":"","meta":{"_lmt_disableupdate":"","_lmt_disable":"","footnotes":""},"class_list":["post-634","page","type-page","status-publish","hentry"],"_links":{"self":[{"href":"https:\/\/itsource.us\/csucsu\/wp-json\/wp\/v2\/pages\/634","targetHints":{"allow":["GET"]}}],"collection":[{"href":"https:\/\/itsource.us\/csucsu\/wp-json\/wp\/v2\/pages"}],"about":[{"href":"https:\/\/itsource.us\/csucsu\/wp-json\/wp\/v2\/types\/page"}],"author":[{"embeddable":true,"href":"https:\/\/itsource.us\/csucsu\/wp-json\/wp\/v2\/users\/1"}],"replies":[{"embeddable":true,"href":"https:\/\/itsource.us\/csucsu\/wp-json\/wp\/v2\/comments?post=634"}],"version-history":[{"count":3,"href":"https:\/\/itsource.us\/csucsu\/wp-json\/wp\/v2\/pages\/634\/revisions"}],"predecessor-version":[{"id":662,"href":"https:\/\/itsource.us\/csucsu\/wp-json\/wp\/v2\/pages\/634\/revisions\/662"}],"wp:attachment":[{"href":"https:\/\/itsource.us\/csucsu\/wp-json\/wp\/v2\/media?parent=634"}],"curies":[{"name":"wp","href":"https:\/\/api.w.org\/{rel}","templated":true}]}}