{"id":507,"date":"2017-05-08T09:45:00","date_gmt":"2017-05-08T09:45:00","guid":{"rendered":"http:\/\/itsource.us\/csucsu\/?page_id=507"},"modified":"2020-11-05T21:54:24","modified_gmt":"2020-11-05T21:54:24","slug":"vv-labik","status":"publish","type":"page","link":"https:\/\/itsource.us\/csucsu\/vv-labik\/","title":{"rendered":"vv labik"},"content":{"rendered":"Last Updated on 2020-11-05 by <a href=\"\" target=\"_blank\" class=\"last-modified-author\">sp<\/a>\n<h2><\/h2>\n<p>A v\u00e9gzet verme egyetlen nagy, elvben 50 szintes labirintus (a 267-es labirintus). Gyakorlatilag (eddig \u00fagy n\u00e9z ki) 20 szintje van, amik v\u00e9letlenszer\u0171en ism\u00e9tl\u0151dnek.<\/p>\n<p>Azt, hogy melyik szintet kaptuk k\u00e9t f\u00e9le k\u00e9ppen n\u00e9zhetj\u00fck meg :<br \/>\n&#8211; T\u00e1boroz\u00e1sn\u00e1l ki\u00edrja, ha benn t\u00e1borozunk<br \/>\n&#8211; P\u00f6rhem\u00f3r k\u00f6re az akt\u00edv var\u00e1zslatokn\u00e1l mutatja (labi,ref.pont,szint)<\/p>\n<p>Amit \u00e9rdemes tudni :<br \/>\n&#8211; A labirintusokat nem sorban kapjuk, hanem v\u00e9letlenszer\u0171en<br \/>\n&#8211; Ugyanazt a szintet k\u00e9s\u0151bb \u00fajra megkaphatjuk &#8211; ez esetben a labi rezetel<br \/>\n&#8211; Visszat\u00e9rni egy adott szintre nem lehet. Ha elhagyunk egy szintet \u00e9s \u00faj t\u00e9rk\u00e9pet kaptunk, az el\u0151z\u0151re (b\u00e1rmelyik el\u0151z\u0151re) visszat\u00e9rni nem lehet, ha ott nem \u00f6lt\u00fcnk meg minden sz\u00f6rnyet, azoknak a kincslehet\u0151s\u00e9g\u00e9t buktuk<br \/>\n&#8211; A felsz\u00ednre ugr\u00e1s m\u0171k\u00f6dik, a p\u00f6rhem\u00f3r k\u00f6r\u00e9t le tudjuk rakni, de visszaugrani a k\u00f6rre, csak az adott szinten bel\u00fcl lehet, k\u00edv\u00fclr\u0151l beugrani nem. Ha \u00faj szintre megy\u00fcnk, a p\u00f6rhemor k\u00f6re leesik (amennyiben a v\u00e9gzet verm\u00e9ben volt let\u00e9ve).<br \/>\n&#8211; Ha teljes\u00edt\u00fcnk egy szintet, automatikusan kiker\u00fcl\u00fcnk, nincs sz\u00fcks\u00e9g a felsz\u00ednre ugr\u00e1sra. Ellenben, ha mindezt a fordul\u00f3 elej\u00e9re\/k\u00f6zep\u00e9re tervezz\u00fck \u00e9rdemes lehet egy biztons\u00e1gi felsz\u00ednre ugr\u00e1st (VV 109 \/ H 1633) tervezni, nehogy kellemetlen meglepet\u00e9sben legyen r\u00e9sz\u00fcnk, ha net\u00e1n fennakadn\u00e1nk egy morfon.<br \/>\n&#8211; Bejutni a labirintus b\u00e1rmely szintj\u00e9re a V\u00e9gzet kulcs\u00e1val lehets\u00e9ges (H 2320). A kulcsot k\u00f6r\u00f6nk\u00e9nt csak egyszer haszn\u00e1lhatjuk bejut\u00e1sra.<br \/>\n<span style=\"text-decoration: underline;\"><strong>FONTOS !<\/strong><\/span> Ha benn t\u00e1boroztunk az egyik szinten \u00e9s a fordul\u00f3 elej\u00e9n be is fejezz\u00fck a szintet, akkor ugye automatikusan kiker\u00fcl\u00fcnk. Ez esetben <strong>a biztons\u00e1gi kij\u00f6vetelt,<\/strong> b\u00e1r c\u00e9lszer\u0171 megejteni, <strong>DE v\u00e9letlen\u00fcl se a v\u00e9gzet kulcs\u00e1val csin\u00e1ljuk<\/strong>, ugyanis a kulcs azonnal vissza is rep\u00edt minket a k\u00f6vetkez\u0151 labirintusba.<\/p>\n<p><strong>Az ismert szintek<\/strong><\/p>\n<table>\n<tbody>\n<tr>\n<td><strong>V\u00e9gzet Verme &#8211; <a href=\"http:\/\/itsource.us\/csucsu\/labik\/vv\/vv_01.szint.htm\">01. Szint<\/strong><br \/>\n<img decoding=\"async\" src=\"http:\/\/itsource.us\/csucsu\/labik\/vv\/pic\/vv_01.szint.png\" \/><\/a><\/td>\n<td><strong>V\u00e9gzet Verme &#8211; <a href=\"http:\/\/itsource.us\/csucsu\/labik\/vv\/vv_02.szint.htm\">02. Szint<\/strong><br \/>\n<img decoding=\"async\" src=\"http:\/\/itsource.us\/csucsu\/labik\/vv\/pic\/vv_02.szint.png\" \/><\/a><\/td>\n<td><strong>V\u00e9gzet Verme &#8211; <a href=\"http:\/\/itsource.us\/csucsu\/labik\/vv\/vv_03.szint.htm\">03. Szint<\/strong><br \/>\n<img decoding=\"async\" src=\"http:\/\/itsource.us\/csucsu\/labik\/vv\/pic\/vv_03.szint.png\" \/><\/a><\/td>\n<td><strong>V\u00e9gzet Verme &#8211; <a href=\"http:\/\/itsource.us\/csucsu\/labik\/vv\/vv_04.szint.htm\">04. Szint<\/strong><br \/>\n<img decoding=\"async\" src=\"http:\/\/itsource.us\/csucsu\/labik\/vv\/pic\/vv_04.szint.png\" \/><\/a><\/td>\n<td><strong>V\u00e9gzet Verme &#8211; <a href=\"http:\/\/itsource.us\/csucsu\/labik\/vv\/vv_05.szint.htm\">05. Szint<\/strong><br \/>\n<img decoding=\"async\" src=\"http:\/\/itsource.us\/csucsu\/labik\/vv\/pic\/vv_05.szint.png\" \/><\/a><\/td>\n<\/tr>\n<tr>\n<td><strong>V\u00e9gzet Verme &#8211; <a href=\"http:\/\/itsource.us\/csucsu\/labik\/vv\/vv_06.szint.htm\">06. Szint<\/strong><br \/>\n<img decoding=\"async\" src=\"http:\/\/itsource.us\/csucsu\/labik\/vv\/pic\/vv_06.szint.png\" \/><\/a><\/td>\n<td><strong>V\u00e9gzet Verme &#8211; <a href=\"http:\/\/itsource.us\/csucsu\/labik\/vv\/vv_07.szint.htm\">07. Szint<\/strong><br \/>\n<img decoding=\"async\" src=\"http:\/\/itsource.us\/csucsu\/labik\/vv\/pic\/vv_07.szint.png\" \/><\/a><\/td>\n<td><strong>V\u00e9gzet Verme &#8211; <a href=\"http:\/\/itsource.us\/csucsu\/labik\/vv\/vv_08.szint.htm\">08. Szint<\/strong><br \/>\n<img decoding=\"async\" src=\"http:\/\/itsource.us\/csucsu\/labik\/vv\/pic\/vv_08.szint.png\" \/><\/a><\/td>\n<td><strong>V\u00e9gzet Verme &#8211; <a href=\"http:\/\/itsource.us\/csucsu\/labik\/vv\/vv_09.szint.htm\">09. Szint<\/strong><br \/>\n<img decoding=\"async\" src=\"http:\/\/itsource.us\/csucsu\/labik\/vv\/pic\/vv_09.szint.png\" \/><\/a><\/td>\n<td><strong>V\u00e9gzet Verme &#8211; <a href=\"http:\/\/itsource.us\/csucsu\/labik\/vv\/vv_10.szint.htm\">10. Szint<\/strong><br \/>\n<img decoding=\"async\" src=\"http:\/\/itsource.us\/csucsu\/labik\/vv\/pic\/vv_10.szint.png\" \/><\/a><\/td>\n<\/tr>\n<tr>\n<td><strong>V\u00e9gzet Verme &#8211; <a href=\"http:\/\/itsource.us\/csucsu\/labik\/vv\/vv_11.szint.htm\">11. Szint<\/strong><br \/>\n<img decoding=\"async\" src=\"http:\/\/itsource.us\/csucsu\/labik\/vv\/pic\/vv_11.szint.png\" \/><\/a><\/td>\n<td><strong>V\u00e9gzet Verme &#8211; <a href=\"http:\/\/itsource.us\/csucsu\/labik\/vv\/vv_12.szint.htm\">12. Szint<\/strong><br \/>\n<img decoding=\"async\" src=\"http:\/\/itsource.us\/csucsu\/labik\/vv\/pic\/vv_12.szint.png\" \/><\/a><\/td>\n<td><strong>V\u00e9gzet Verme &#8211; <a href=\"http:\/\/itsource.us\/csucsu\/labik\/vv\/vv_13.szint.htm\">13. Szint<\/strong><br \/>\n<img decoding=\"async\" src=\"http:\/\/itsource.us\/csucsu\/labik\/vv\/pic\/vv_13.szint.png\" \/><\/a><\/td>\n<td><strong>V\u00e9gzet Verme &#8211; <a href=\"http:\/\/itsource.us\/csucsu\/labik\/vv\/vv_14.szint.htm\">14. Szint<\/strong><br \/>\n<img decoding=\"async\" src=\"http:\/\/itsource.us\/csucsu\/labik\/vv\/pic\/vv_14.szint.png\" \/><\/a><\/td>\n<td><strong>V\u00e9gzet Verme &#8211; <a href=\"http:\/\/itsource.us\/csucsu\/labik\/vv\/vv_15.szint.htm\">15. Szint<\/strong><br \/>\n<img decoding=\"async\" src=\"http:\/\/itsource.us\/csucsu\/labik\/vv\/pic\/vv_15.szint.png\" \/><\/a><\/td>\n<\/tr>\n<tr>\n<td><strong>V\u00e9gzet Verme &#8211; <a href=\"http:\/\/itsource.us\/csucsu\/labik\/vv\/vv_16.szint.htm\">16. Szint<\/strong><br \/>\n<img decoding=\"async\" src=\"http:\/\/itsource.us\/csucsu\/labik\/vv\/pic\/vv_16.szint.png\" \/><\/a><\/td>\n<td><strong>V\u00e9gzet Verme &#8211; <a href=\"http:\/\/itsource.us\/csucsu\/labik\/vv\/vv_17.szint.htm\">17. Szint<\/strong><br \/>\n<img decoding=\"async\" src=\"http:\/\/itsource.us\/csucsu\/labik\/vv\/pic\/vv_17.szint.png\" \/><\/a><\/td>\n<td><strong>V\u00e9gzet Verme &#8211; <a href=\"http:\/\/itsource.us\/csucsu\/labik\/vv\/vv_18.szint.htm\">18. Szint<\/strong><br \/>\n<img decoding=\"async\" src=\"http:\/\/itsource.us\/csucsu\/labik\/vv\/pic\/vv_18.szint.png\" \/><\/a><\/td>\n<td><strong>V\u00e9gzet Verme &#8211; <a href=\"http:\/\/itsource.us\/csucsu\/labik\/vv\/vv_19.szint.htm\">19. Szint<\/strong><br \/>\n<img decoding=\"async\" src=\"http:\/\/itsource.us\/csucsu\/labik\/vv\/pic\/vv_19.szint.png\" \/><\/a><\/td>\n<td><strong>V\u00e9gzet Verme &#8211; <a href=\"http:\/\/itsource.us\/csucsu\/labik\/vv\/vv_20.szint.htm\">20. Szint<\/strong><br \/>\n<img decoding=\"async\" src=\"http:\/\/itsource.us\/csucsu\/labik\/vv\/pic\/vv_20.szint.png\" \/><\/a><\/td>\n<\/tr>\n<tr>\n<\/tr>\n<tr>\n<td><strong>V\u00e9gzet Verme &#8211; <a href=\"http:\/\/itsource.us\/csucsu\/labik\/vv\/vv_50.szint.htm\">50. Szint<\/strong><br \/>\n<img decoding=\"async\" src=\"http:\/\/itsource.us\/csucsu\/labik\/vv\/pic\/vv_50.szint.png\" \/><\/a><\/td>\n<\/tr>\n<\/tbody>\n<\/table>\n<p>&nbsp;<\/p>\n","protected":false},"excerpt":{"rendered":"<p>A v\u00e9gzet verme egyetlen nagy, elvben 50 szintes labirintus (a 267-es labirintus). Gyakorlatilag (eddig \u00fagy n\u00e9z ki) 20 szintje van, amik v\u00e9letlenszer\u0171en ism\u00e9tl\u0151dnek. Azt, hogy melyik szintet kaptuk k\u00e9t f\u00e9le k\u00e9ppen n\u00e9zhetj\u00fck meg : &#8211; T\u00e1boroz\u00e1sn\u00e1l ki\u00edrja, ha benn t\u00e1borozunk &#8211; P\u00f6rhem\u00f3r k\u00f6re az akt\u00edv var\u00e1zslatokn\u00e1l mutatja (labi,ref.pont,szint) Amit \u00e9rdemes tudni : &#8211; A labirintusokat &hellip; <a href=\"https:\/\/itsource.us\/csucsu\/vv-labik\/\" class=\"more-link\"><span class=\"screen-reader-text\">vv labik<\/span> b\u0151vebben&#8230; <span class=\"meta-nav\">&rarr;<\/span><\/a><\/p>\n","protected":false},"author":1,"featured_media":0,"parent":0,"menu_order":0,"comment_status":"closed","ping_status":"closed","template":"","meta":{"_lmt_disableupdate":"no","_lmt_disable":"","footnotes":""},"class_list":["post-507","page","type-page","status-publish","hentry"],"_links":{"self":[{"href":"https:\/\/itsource.us\/csucsu\/wp-json\/wp\/v2\/pages\/507","targetHints":{"allow":["GET"]}}],"collection":[{"href":"https:\/\/itsource.us\/csucsu\/wp-json\/wp\/v2\/pages"}],"about":[{"href":"https:\/\/itsource.us\/csucsu\/wp-json\/wp\/v2\/types\/page"}],"author":[{"embeddable":true,"href":"https:\/\/itsource.us\/csucsu\/wp-json\/wp\/v2\/users\/1"}],"replies":[{"embeddable":true,"href":"https:\/\/itsource.us\/csucsu\/wp-json\/wp\/v2\/comments?post=507"}],"version-history":[{"count":59,"href":"https:\/\/itsource.us\/csucsu\/wp-json\/wp\/v2\/pages\/507\/revisions"}],"predecessor-version":[{"id":1066,"href":"https:\/\/itsource.us\/csucsu\/wp-json\/wp\/v2\/pages\/507\/revisions\/1066"}],"wp:attachment":[{"href":"https:\/\/itsource.us\/csucsu\/wp-json\/wp\/v2\/media?parent=507"}],"curies":[{"name":"wp","href":"https:\/\/api.w.org\/{rel}","templated":true}]}}