{"id":318,"date":"2017-02-02T17:20:58","date_gmt":"2017-02-02T17:20:58","guid":{"rendered":"http:\/\/itsource.us\/csucsu\/?page_id=318"},"modified":"2020-11-05T21:48:00","modified_gmt":"2020-11-05T21:48:00","slug":"tf-forum","status":"publish","type":"page","link":"https:\/\/itsource.us\/csucsu\/tf-forum\/","title":{"rendered":"TF f\u00f3rum"},"content":{"rendered":"Last Updated on 2020-11-05 by <a href=\"\" target=\"_blank\" class=\"last-modified-author\">sp<\/a>\n<h1 id=\"Talik\" style=\"text-align: center;\"><\/h1>\n<p style=\"text-align: center;\"><strong>TF tal\u00e1lkoz\u00f3k<\/strong><\/p>\n<p><a href=\"..\/other\/Vlagyimir d\u00edjazottak \u00e9s titanitduk\u00e1t.xls\">Vlagyimir d\u00edjazottak \u00e9s titanitduk\u00e1t aukci\u00f3 (xls).<\/a><\/p>\n<p><a href=\"#part1\">A TF tal\u00e1lkoz\u00f3kon lejazlott besz\u00e9lget\u00e9sek<\/a><br \/>\n<a href=\"#part2\">Az eddig lezajlott TF-tal\u00e1lkoz\u00f3k id\u0151pontja<\/a><\/p>\n<h2 id=\"part1\" style=\"text-align: center;\"><strong>A TF tal\u00e1lkoz\u00f3kon lejazlott besz\u00e9lget\u00e9sek<\/strong><\/h2>\n<div align=\"right\"><a href=\"#Talik\">^&#8211;Az oldal tetej\u00e9re<\/a><\/div>\n<p><strong>2019.06.22<\/strong><br \/>\n<a href=\"http:\/\/itsource.us\/csucsu\/tf-forum-2019-06-22\/\">Sz\u00f6veges \u00f6sszefoglal\u00f3<\/a><\/p>\n<p><a href=\"https:\/\/youtu.be\/3eV4yHBblds\">video<\/a><\/p>\n<p><strong>2018.11.24<\/strong><br \/>\n<a href=\"http:\/\/itsource.us\/csucsu\/tf-forum-2018-11-24\/\">Sz\u00f6veges \u00f6sszefoglal\u00f3<\/a><\/p>\n<p><a href=\"https:\/\/youtu.be\/JH9DT-w3V7E\">video<\/a><\/p>\n<p><strong>2018.06.16<\/strong><br \/>\n<a href=\"http:\/\/itsource.us\/csucsu\/tf-forum-2018-06-16\/\">Sz\u00f6veges \u00f6sszefoglal\u00f3<\/a><\/p>\n<p><a href=\"https:\/\/youtu.be\/1fv5HwCsLkM\">video<\/a><\/p>\n<p><strong>2017.11.25<\/strong><br \/>\n<a href=\"http:\/\/itsource.us\/csucsu\/tf-forum-2017-11-25\/\">Sz\u00f6veges \u00f6sszefoglal\u00f3<\/a><\/p>\n<p><a href=\"https:\/\/youtu.be\/WIBG3IbediQ\">video<\/a><\/p>\n<p><strong>2017.06.17<\/strong><br \/>\n<a href=\"http:\/\/itsource.us\/csucsu\/tf-forum-2017-06-17\/\">Sz\u00f6veges \u00f6sszefoglal\u00f3<\/a><\/p>\n<p><a href=\"https:\/\/youtu.be\/mSxfq_xQ6Ic\">video<\/a><\/p>\n<p><strong>2016.11.26<\/strong><br \/>\n<a href=\"http:\/\/itsource.us\/csucsu\/tf-forum-2016-11-26\/\">Sz\u00f6veges \u00f6sszefoglal\u00f3<\/a><\/p>\n<p><a href=\"https:\/\/www.youtube.com\/watch?v=2fiSc872rkg\">video<\/a><\/p>\n<p><strong>2016.05.28<\/strong><br \/>\n<a href=\"http:\/\/itsource.us\/csucsu\/tf-forum-2016-05-28\/\">Sz\u00f6veges \u00f6sszefoglal\u00f3<\/a><\/p>\n<p><a href=\"https:\/\/www.youtube.com\/watch?v=PPIIpy2cXWo&amp;t\">video (helyett csak hanganyag)<\/a><\/p>\n<p><strong>2015.11.28<br \/>\n<\/strong><a href=\"http:\/\/itsource.us\/csucsu\/tf-forum-2015-11-28\/\">Sz\u00f6veges \u00f6sszefoglal\u00f3<\/a><\/p>\n<p><strong>2015.06.24<\/strong><br \/>\n<a href=\"http:\/\/itsource.us\/csucsu\/tf-forum-2015-06-24\/\">Sz\u00f6veges \u00f6sszefoglal\u00f3<\/a><\/p>\n<p><a href=\"https:\/\/www.youtube.com\/watch?v=11I_WWZLOrQ\">video , els\u0151 r\u00e9sz<\/a><br \/>\n<a href=\"https:\/\/www.youtube.com\/watch?v=XyqRne8cu0U\">video, m\u00e1sodik r\u00e9sz<\/a><\/p>\n<p><strong>2014.11.29<\/strong><br \/>\n<a href=\"http:\/\/itsource.us\/csucsu\/tf-forum-2014-11-29\/\">Sz\u00f6veges \u00f6sszefoglal\u00f3<\/a><\/p>\n<hr \/>\n<h2 id=\"part2\" style=\"text-align: center;\"><strong>Az eddig lezajlott TF-tal\u00e1lkoz\u00f3k id\u0151pontjai<\/strong><\/h2>\n<div align=\"right\"><a href=\"#Talik\">^&#8211;Az oldal tetej\u00e9re<\/a><\/div>\n<p>2019.06.22.<br \/>\n2018.11.24.<br \/>\n2018.06.16.<br \/>\n2017.11.25.<br \/>\n2017.06.17.<br \/>\n2016.11.26<br \/>\n2016.05.28<br \/>\n2015.11.28.<br \/>\n2015.06.13<br \/>\n2014.11.29.<br \/>\n2014.06.21.<br \/>\n2013.11.30.<br \/>\n2013.06.22.<br \/>\n2012.11.24.<br \/>\n2012.06.23.<br \/>\n2011.11.26.<br \/>\n2011.06.18.<br \/>\n2010.11.27.<br \/>\n2010.06.19.<br \/>\n2009.11.28.<br \/>\n2009.06.13.<br \/>\n2008.11.29.<br \/>\n2008.06.14.<br \/>\n2007.11.24.<br \/>\n2007.06.16.<br \/>\n2006.11.25.<br \/>\n2006.06.17.<br \/>\n2005.11.26.<br \/>\n2005.06.11.<br \/>\n2004.11.27.<br \/>\n2004.06.19.<br \/>\n2003.11.29.<\/p>\n","protected":false},"excerpt":{"rendered":"<p>TF tal\u00e1lkoz\u00f3k Vlagyimir d\u00edjazottak \u00e9s titanitduk\u00e1t aukci\u00f3 (xls). A TF tal\u00e1lkoz\u00f3kon lejazlott besz\u00e9lget\u00e9sek Az eddig lezajlott TF-tal\u00e1lkoz\u00f3k id\u0151pontja A TF tal\u00e1lkoz\u00f3kon lejazlott besz\u00e9lget\u00e9sek ^&#8211;Az oldal tetej\u00e9re 2019.06.22 Sz\u00f6veges \u00f6sszefoglal\u00f3 video 2018.11.24 Sz\u00f6veges \u00f6sszefoglal\u00f3 video 2018.06.16 Sz\u00f6veges \u00f6sszefoglal\u00f3 video 2017.11.25 Sz\u00f6veges \u00f6sszefoglal\u00f3 video 2017.06.17 Sz\u00f6veges \u00f6sszefoglal\u00f3 video 2016.11.26 Sz\u00f6veges \u00f6sszefoglal\u00f3 video 2016.05.28 Sz\u00f6veges \u00f6sszefoglal\u00f3 video (helyett &hellip; <a href=\"https:\/\/itsource.us\/csucsu\/tf-forum\/\" class=\"more-link\"><span class=\"screen-reader-text\">TF f\u00f3rum<\/span> b\u0151vebben&#8230; <span class=\"meta-nav\">&rarr;<\/span><\/a><\/p>\n","protected":false},"author":1,"featured_media":0,"parent":0,"menu_order":0,"comment_status":"closed","ping_status":"closed","template":"","meta":{"_lmt_disableupdate":"no","_lmt_disable":"","footnotes":""},"class_list":["post-318","page","type-page","status-publish","hentry"],"_links":{"self":[{"href":"https:\/\/itsource.us\/csucsu\/wp-json\/wp\/v2\/pages\/318","targetHints":{"allow":["GET"]}}],"collection":[{"href":"https:\/\/itsource.us\/csucsu\/wp-json\/wp\/v2\/pages"}],"about":[{"href":"https:\/\/itsource.us\/csucsu\/wp-json\/wp\/v2\/types\/page"}],"author":[{"embeddable":true,"href":"https:\/\/itsource.us\/csucsu\/wp-json\/wp\/v2\/users\/1"}],"replies":[{"embeddable":true,"href":"https:\/\/itsource.us\/csucsu\/wp-json\/wp\/v2\/comments?post=318"}],"version-history":[{"count":15,"href":"https:\/\/itsource.us\/csucsu\/wp-json\/wp\/v2\/pages\/318\/revisions"}],"predecessor-version":[{"id":1055,"href":"https:\/\/itsource.us\/csucsu\/wp-json\/wp\/v2\/pages\/318\/revisions\/1055"}],"wp:attachment":[{"href":"https:\/\/itsource.us\/csucsu\/wp-json\/wp\/v2\/media?parent=318"}],"curies":[{"name":"wp","href":"https:\/\/api.w.org\/{rel}","templated":true}]}}