{"id":284,"date":"2016-12-20T19:36:49","date_gmt":"2016-12-20T19:36:49","guid":{"rendered":"http:\/\/itsource.us\/csucsu\/?page_id=284"},"modified":"2020-12-05T12:41:04","modified_gmt":"2020-12-05T12:41:04","slug":"piaci-ajanlat","status":"publish","type":"page","link":"https:\/\/itsource.us\/csucsu\/piaci-ajanlat\/","title":{"rendered":"Piaci aj\u00e1nlat"},"content":{"rendered":"Last Updated on 2020-12-05 by <a href=\"\" target=\"_blank\" class=\"last-modified-author\">sp<\/a>\n<h2><\/h2>\n<p>Sziasztok!<\/p>\n<p>Kor\u00e1bbi, alant is olvashat\u00f3 aj\u00e1nlatom tov\u00e1bbra is \u00e9l, S\u0150T EMELTEM A T\u00c9TET.<br \/>\nSokan \u00e9ltek m\u00e1r a lehet\u0151s\u00e9ggel, ne maradj ki bel\u0151le TE sem. Minden egyes IN parancs\u00e9rt 5.000 arany \u00fcti a markod. 20 IN = 100.000 ap (*).<br \/>\nNem kell kapkodni, oszd be nyugodtan \u00fagy, ahogy NEKED k\u00e9nyelmes. Ha csak 1 szabad parancshelyed is van, mi\u00e9rt hagyn\u00e1d \u00fcresen a parancshelyet, ha fel is t\u00f6ltheted? <img decoding=\"async\" src=\"https:\/\/ghalla.pbm.hu\/gfx\/smile.gif\" border=\"0\" \/><br \/>\nHa \u00e1tk\u00fclted az INf\u00f3t, annyi a dolgot, hogy \u00edrsz \u00fczit priv\u00e1tban, hogy mit k\u00fcldt\u00e9l \u00e1t \u00e9s kinek k\u00e9red a p\u00e9nzt.<br \/>\n\u00dajsz\u00f6vets\u00e9g eset\u00e9n k\u00e9zbe, egy\u00e9bk\u00e9nt bankba utalok.<\/p>\n<p>*** <b>FIGYELEM !<\/b> Ha csak az IN j\u00f6n \u00e1t az nem, hogy kit\u0151l \u00e9s mi, akkor nem tudok fizetni. ***<\/p>\n<p>&#8212;&#8212;&#8212;&#8212;&#8212;&#8212;&#8212;&#8212;&#8212;&#8212;&#8212;&#8212;&#8212;&#8212;&#8212;&#8212;&#8212;&#8212;&#8212;&#8212;&#8212;&#8212;&#8212;&#8212;&#8212;&#8212;-<br \/>\nH\u00f3nap v\u00e9ge van \u00e9s olcs\u00f3n l\u00e9psz? L\u00e9phetn\u00e9l ak\u00e1r 40 soros UL-t is 10 zseton\u00e9rt, de nincs mivel kit\u00f6lteni a parancshelyet ? \u00dajsz\u00f6vets\u00e9gben vagy ?<\/p>\n<p><a href=\"http:\/\/beholder.hu\/?m=tf&amp;in=tf_ismeretekhasonlitasa.php\">Itt a lehet\u0151s\u00e9g egy kis extra p\u00e9nz szerz\u00e9sre<\/a>.<\/p>\n<p><b>Scott Jordo Lee-nek (#4346) k\u00fcld\u00f6tt minden inf\u00f3\u00e9rt (karakterinf\u00f3\u00e9rt is!) 5.000 aranyat fizetek.<\/b><br \/>\n&#8212;&#8212;&#8212;&#8212;&#8212;&#8212;&#8212;&#8212;&#8212;&#8212;&#8212;&#8212;&#8212;&#8212;&#8212;&#8212;&#8212;&#8212;&#8212;&#8212;&#8212;&#8212;&#8212;&#8212;&#8212;&#8212;-<\/p>\n<p>Megoldhat\u00f3 az \u00fajsz\u00f6vets\u00e9gen k\u00edv\u00fcli INf\u00f3 \u00e1ramoltat\u00e1s <del>is, v\u00e1rosi &#8222;\u00e1tad\u00e1ssal&#8221;. Nyugaton 4261-nek, a csatorn\u00e1t\u00f3l keletre 2272-nek ! Ez esetben persze tov\u00e1bbra is 4346-hoz kell m\u00e9rni, hogy mit tudsz adni, illetve ez esetben egyeztet\u00e9s sz\u00fcks\u00e9ges, hogy hol \u00e9s mikor v\u00e1rjak r\u00e1d.<br \/>\n<\/del><b>2018.07.06.<\/b><del><br \/>\n<\/del>&#8211; Az EK 99 parancs hat\u00e1s\u00e1ra 1 TU 10 TVP-\u00e9rt fordul\u00f3 v\u00e9g\u00e9ig b\u00e1rmely m\u00e1s KT-tagnak lehet \u00e1tadni inform\u00e1ci\u00f3t, t\u00e1rgyat \u00e9s TU-t, mintha egy sz\u00f6vets\u00e9gben lenne a k\u00e9t karakter.<del><br \/>\n<\/del><\/p>\n<p>Keress meg \u00e9s megbesz\u00e9lj\u00fck.<\/p>\n","protected":false},"excerpt":{"rendered":"<p>Sziasztok! Kor\u00e1bbi, alant is olvashat\u00f3 aj\u00e1nlatom tov\u00e1bbra is \u00e9l, S\u0150T EMELTEM A T\u00c9TET. Sokan \u00e9ltek m\u00e1r a lehet\u0151s\u00e9ggel, ne maradj ki bel\u0151le TE sem. Minden egyes IN parancs\u00e9rt 5.000 arany \u00fcti a markod. 20 IN = 100.000 ap (*). Nem kell kapkodni, oszd be nyugodtan \u00fagy, ahogy NEKED k\u00e9nyelmes. Ha csak 1 szabad parancshelyed is &hellip; <a href=\"https:\/\/itsource.us\/csucsu\/piaci-ajanlat\/\" class=\"more-link\"><span class=\"screen-reader-text\">Piaci aj\u00e1nlat<\/span> b\u0151vebben&#8230; <span class=\"meta-nav\">&rarr;<\/span><\/a><\/p>\n","protected":false},"author":1,"featured_media":0,"parent":0,"menu_order":0,"comment_status":"closed","ping_status":"closed","template":"","meta":{"_lmt_disableupdate":"no","_lmt_disable":"","footnotes":""},"class_list":["post-284","page","type-page","status-publish","hentry"],"_links":{"self":[{"href":"https:\/\/itsource.us\/csucsu\/wp-json\/wp\/v2\/pages\/284","targetHints":{"allow":["GET"]}}],"collection":[{"href":"https:\/\/itsource.us\/csucsu\/wp-json\/wp\/v2\/pages"}],"about":[{"href":"https:\/\/itsource.us\/csucsu\/wp-json\/wp\/v2\/types\/page"}],"author":[{"embeddable":true,"href":"https:\/\/itsource.us\/csucsu\/wp-json\/wp\/v2\/users\/1"}],"replies":[{"embeddable":true,"href":"https:\/\/itsource.us\/csucsu\/wp-json\/wp\/v2\/comments?post=284"}],"version-history":[{"count":13,"href":"https:\/\/itsource.us\/csucsu\/wp-json\/wp\/v2\/pages\/284\/revisions"}],"predecessor-version":[{"id":1097,"href":"https:\/\/itsource.us\/csucsu\/wp-json\/wp\/v2\/pages\/284\/revisions\/1097"}],"wp:attachment":[{"href":"https:\/\/itsource.us\/csucsu\/wp-json\/wp\/v2\/media?parent=284"}],"curies":[{"name":"wp","href":"https:\/\/api.w.org\/{rel}","templated":true}]}}