{"id":270,"date":"2016-12-18T09:50:31","date_gmt":"2016-12-18T09:50:31","guid":{"rendered":"http:\/\/itsource.us\/csucsu\/?page_id=270"},"modified":"2020-11-05T21:59:43","modified_gmt":"2020-11-05T21:59:43","slug":"tudnivalok-a-bejarasokrol","status":"publish","type":"page","link":"https:\/\/itsource.us\/csucsu\/tudnivalok-a-bejarasokrol\/","title":{"rendered":"Tudnival\u00f3k a bej\u00e1r\u00e1sokr\u00f3l"},"content":{"rendered":"Last Updated on 2020-11-05 by <a href=\"\" target=\"_blank\" class=\"last-modified-author\">sp<\/a>\n<h2><\/h2>\n<div id=\"navigation\">\n<div id=\"content\" class=\"active\" align=\"justify\">\n<p><strong>Kedves l\u00e1togat\u00f3!<\/strong><\/p>\n<p>&nbsp;<\/p>\n<p>Az oldalon tal\u00e1lhat\u00f3 labirintus bej\u00e1r\u00e1sok els\u0151dlegesen az\u00e9rt sz\u00fclettek, hogy megk\u00f6nny\u00edts\u00e9k az UL-ek meg\u00edr\u00e1s\u00e1t, levegy\u00e9k a terhet az emberr\u0151l, ugyanakkor nem \u00e1rt, ha az al\u00e1bbi dolgokkal tiszt\u00e1ban vagy, miel\u0151tt neki\u00e1llsz UL-t \u00edrni :<\/p>\n<ul>\n<li>A bej\u00e1r\u00e1sok nem foglalkoznak a kapcsol\u00f3k h\u00fazogat\u00e1s\u00e1val. Legyen elegend\u0151 felder\u00edt\u00e9sed, vagy igazl\u00e1t\u00e1sod. A felder\u00edt\u00e9st lehet turb\u00f3zni, lehet f\u0151zni fokhagym\u00e1s oldalast stb. Az igazl\u00e1t\u00e1s pszib\u0151l szint\u00e9n nem el\u00e9rhetetlen.<\/li>\n<li>A bej\u00e1r\u00e1sok csak a kritikus csapd\u00e1kat ker\u00fclik ki, ezek n\u00e9v szerint:\n<ul>\n<li>VP-sz\u00edv\u00f3 csapda<\/li>\n<li>k\u00f6vesed\u00e9st okoz\u00f3 (- TVP) csapda<\/li>\n<li>halmozottan sok b\u00e9n\u00edt\u00f3 m\u00e9reg (-6 t\u00e1mad\u00e1s, sokszor egym\u00e1s mellett) csapda<\/li>\n<li>t\u00e1rgyveszt\u0151\/dezintegr\u00e1l\u00f3 csapda<\/li>\n<li>permanens k\u00e1rosod\u00e1st okoz\u00f3 (-1 er\u00f5, -X max \u00c9P \u00e9s\/vagy max VP) csapda<\/li>\n<li>A bej\u00e1r\u00e1sok nem ker\u00fclik ki a random helyen elhelyezked\u0151 csapd\u00e1kat !<\/li>\n<\/ul>\n<\/li>\n<li>A bej\u00e1r\u00e1sok nem veszik figyelembe a karakter er\u0151ss\u00e9g\u00e9t. Minden bej\u00e1r\u00e1s \u00fagy lett tervezve, hogy a karakter k\u00e9pes leverni az alap\u00e9rtelemezetten a ter\u00fcleten leverhet\u0151 ellenfeleket, azaz ha valaki t\u00falv\u00e1llalja mag\u00e1t, az nem a bej\u00e1r\u00e1s hib\u00e1ja lesz. Ez al\u00f3l kiv\u00e9tel lehet az egy ref. ponton halmozottan elhelyezked\u0151 ellenfelek sz\u00e1ma, ilyen esetekre az azonos ref.pontra mozg\u00e1s ism\u00e9tl\u0151dhet.<\/li>\n<li>Az el\u0151z\u0151ekb\u0151l fakad\u00f3an a bej\u00e1r\u00e1s nem helyettes\u00edti a hyper adatb\u00e1zis haszn\u00e1lat\u00e1t, s\u0151t kifejezetten javasolt az ott le\u00edrtakat elolvasni, csapd\u00e1k \u00fcgy\u00e9ben t\u00e1j\u00e9koz\u00f3dni, v\u00e1rhat\u00f3 ellenfeleknek ut\u00e1na n\u00e9zni.<\/li>\n<li>A bej\u00e1r\u00e1sok z\u00e1rnyit\u00f3s karakterekre vannak \u00edrva (olyanra aki ki is nyitja), vagy olyan kulcsosra, aki el\u0151re felszerelkezik kulcsokb\u00f3l (nem lehetetlen, a boltok tele vannak vel\u00fck). Ha z\u00e1rnyit\u00f3s karakterrel vagyunk, de olyan ajt\u00f3 van a labirintusban ami csak kulccsal nyithat\u00f3, azt szerezz\u00fck be el\u0151re!<\/li>\n<\/ul>\n<p><a href=\"http:\/\/itsource.us\/csucsu\/csak-kulccsal\/\">Itt egy lista<\/a> a csak kulccsal nyithat\u00f3 ajt\u00f3kr\u00f3l \/ l\u00e1d\u00e1kr\u00f3l.<\/p>\n<ul>\n<li><strong>A bej\u00e1r\u00e1sok nem 100%-osan optim\u00e1lisak egyform\u00e1n mindenkinek.<\/strong> Mivel jelenleg kb. 250 labirintus l\u00e9tezik a j\u00e1t\u00e9kban, ha nem is j\u00e1rjuk be mindet, de az\u00e9rt sok id\u00f5t t\u00f6lt\u00fcnk benn\u00fck. A labirintusok bej\u00e1r\u00e1s\u00e1n\u00e1l szempont volt, hogy optim\u00e1lisan (tvp \u00e9s parancshely ar\u00e1nyosan) \u00e9rtelmesen tudjuk fejleszteni a z\u00e1rnyit\u00e1s \u00e9s csapda\u00e9szlel\u00e9s k\u00e9pess\u00e9geket, hogy ezeket azt\u00e1n k\u00e9s\u0151bb egyre kev\u00e9sb\u00e9 kelljen turb\u00f3zni. P\u00e1r szuper-optimaliz\u00e1l\u00f3 nem felt\u00e9tlen\u00fcl fog egyet\u00e9rteni ezzel, de bizony\u00e1ra \u0151k nem is ezt az utat v\u00e1lasztj\u00e1k. Ezen bej\u00e1r\u00e1sok az \u00e1tlag kalandoz\u00f3nak k\u00e9sz\u00fcltek, akik nagyj\u00e1b\u00f3l optim\u00e1lisan, optim\u00e1lis er\u0151forr\u00e1s (TVP, TU, PP, stb) r\u00e1ford\u00edt\u00e1s\u00e1val fejlesztik karakter\u00fcket. Nem felt\u00e9tlen rendelkeznek tonn\u00e1nyi s\u00e1fr\u00e1nyk\u0151vel \u00e9s milli\u00f3nyi aranyakkal.<\/li>\n<li>Ezek egyt\u0151l egyig kipr\u00f3b\u00e1lt bej\u00e1r\u00e1sok, ha net\u00e1n m\u00e9gis hiba van benn\u00fck valahol, akkor j\u00f3 es\u00e9llyel azt a hib\u00e1t \u00e9n magam is elv\u00e9tettem a saj\u00e1t fordul\u00f3mban. Ha ilyet v\u00e9lsz felfedezni, k\u00e9rlek sz\u00f3lj b\u00e1tran. Spunk n\u00e9ven megtal\u00e1lsz GN-en, illetve a Beholder honalpj\u00e1n.<\/li>\n<\/ul>\n<p><span style=\"text-decoration: underline; color: #ff0000;\"><strong>V\u00e1ltoz\u00e1s 2017.04.20<\/strong><\/span><\/p>\n<ul>\n<li>Az \u00f6sszes bej\u00e1r\u00e1s friss\u00fclt <strong>a 215-\u00f6s labirintusig bez\u00e1r\u00f3lag.<\/strong> A legszembet\u0171n\u0151bb v\u00e1ltoz\u00e1s, ami minden bej\u00e1r\u00e1sba beker\u00fclt \u2013 k\u00f6zk\u00edv\u00e1natra \u2013 az a parancsonk\u00e9nt gener\u00e1l\u00f3d\u00f3 sz\u00f6rnyek sz\u00e1ma, ahogy haladunk a labiban. Ennek f\u0151leg azok fognak \u00f6r\u00fclni, akik akt\u00edvan sz\u00e1molj\u00e1k a VP-k\u00f6lts\u00e9get \/ l\u00e1d\u00e1znak stb. Term\u00e9szetesen ez NEM m\u0171k\u00f6dik azon labikban, ahol a sz\u00f6rnyek random ref.pontokon helyezkednek el. Az ilyen labirintusokhoz javaslom tov\u00e1bbra is a t\u00e9rk\u00e9pelemz\u00e9s II-t.<\/li>\n<li>Ez azt is jelenti, hogy j\u00f3 n\u00e9h\u00e1ny olyan bej\u00e1r\u00e1s is felker\u00fclt, ami eddig nem volt m\u00e9g.<\/li>\n<li>Friss\u00fclt a 149-es, 150-es, 158-as \u00e9s 169-es labirintus (saj\u00e1t) t\u00e9rk\u00e9pe<\/li>\n<li>Elk\u00e9sz\u00fclt a 213-as \u00e9s 215-\u00f6s labirintus t\u00e9rk\u00e9pe (ut\u00f3bbi igen sok mel\u00f3ba volt)<\/li>\n<li>A bej\u00e1r\u00e1sokn\u00e1l a l\u00e9pcs\u0151k is jel\u00f6lve lettek oly m\u00f3don, hogy ott sz\u00edneztem a h\u00e1tt\u00e9ren. A k\u00e9kes sz\u00edn a \u201ck\u00f6vetkez\u0151\u201d szintre vezet, a narancsos sz\u00edn az el\u0151z\u0151 szintre utal. Ha csak halv\u00e1nyan k\u00e9k a sz\u00edn (pl. 208-as labirintus ilyen) az a szinten bel\u00fcli fell\u00e9pcs\u0151z\u00e9sre utal. (A \u201cfel\u201d term\u00e9szetesen itt k\u00e9pletes, most abba ne menj\u00fcnk bele, hogy melyik labirintus sz\u00e1m\u00edt toronynak \u00e9s melyik sz\u00e1m\u00edt barlangnak, ahol a tov\u00e1bbhalad\u00e1s lefel\u00e9 mutat\u2026 a k\u00e9k sz\u00edn mindig is a labirintus sorban k\u00f6vetkez\u0151 szint lesz)<\/li>\n<li>Fontos v\u00e1ltoz\u00e1s m\u00e9g a csapd\u00e1k kiker\u00fcl\u00e9s\u00e9nek m\u00f3dja. Az OV 5 -\u00f6t l\u00e9nyeg\u00e9ben el lehet felejteni. Siker\u00fclt ugyanis hossz\u00fa id\u0151 ut\u00e1n (legf\u0151k\u00e9pp a pr\u00f3ba elemz\u00e9se (#485) pszi k\u00e9pess\u00e9gnek k\u00f6sz\u00f6nhet\u0151en r\u00e1j\u00f6nni arra, hogy hogyan is m\u0171k\u00f6dik az <strong>\u00d3VATOSS\u00c1G<\/strong> \u00e9rt\u00e9k.\n<ul>\n<li>Mint azt bizony\u00e1ra mindenki tudja, <strong>OV 0-n\u00e1l mindenk\u00e9pp beles\u00e9t\u00e1lunk a csapd\u00e1ba<\/strong>, kiv\u00e9ve, ha a csapda\u00e9szlel\u00e9s\u00fcnk 100 felett van \u2013 100-as csapda\u00e9szlel\u00e9s felett OV 0 be\u00e1ll\u00edt\u00e1ssal is van es\u00e9ly \u00e9szrevenni a csapd\u00e1kat a labirintusban. Ilyenkor a csapda\u00e9szlel\u00e9s fele olyan hat\u00e9kony, azaz a szak\u00e9rtelem fele sz\u00e1m\u00edt csak (<em>forr\u00e1s: beholder.hu v\u00e1ltoz\u00e1sok list\u00e1ja<\/em>).<\/li>\n<li>Az OV 1-5 \u00e9rt\u00e9k nem m\u00e1s, mint egy b\u00f3nusz, ami hozz\u00e1ad\u00f3dik a csapda\u00e9szlel\u00e9s\u00fcnkh\u00f6z, m\u00e9gpedig 1:1 -ben, egyetlen kit\u00e9tellel: Az OV 1 a bekapcsol\u00f3gomb, ha \u00fagy tetszik ez az \u201cON\u201d gomb, az OV 0 pedig az \u201cOFF\u201d.<\/li>\n<li>Teh\u00e1t OV 1-el odafigy\u00fclnk m\u00e1r a csapd\u00e1kra, DE b\u00f3nuszt nem kapunk r\u00e1. Innent\u0151l pedig minden OV \u00e9rt\u00e9k 1-el n\u00f6veli a csapda\u00e9szlel\u00e9st.<\/li>\n<\/ul>\n<\/li>\n<li>P\u00e9lda :<br \/>\nA pszi-vel kilesett \u00e9rt\u00e9k : <em>\u201cA sikerhez minim\u00e1lisan ezek kellettek: csapda\u00e9szlel\u00e9s szak\u00e9rtelem 19 szint.\u201d<br \/>\n<\/em>Ez azt jelenti, hogy a csapda\u00e9szlel\u00e9s\u00fcnknek meg kell haladnia a csapda k\u00fcsz\u00f6b\u00e9rt\u00e9k\u00e9t, ha ki szeretn\u00e9nk ker\u00fclni a csapd\u00e1t. Vagyis :<\/p>\n<ul>\n<li>csapda\u00e9szlel\u00e9s : 19 + OV 1 \u2013 beles\u00e9t\u00e1lsz a csapd\u00e1ba (mert [19+0] \u2018nem nagyobb\u2019, mint 19 ; <span style=\"text-decoration: underline;\">az OV 1 <em>nem ad b\u00f3nuszt<\/em><\/span>, hi\u00e1ba figyelsz oda)<\/li>\n<li>csapda\u00e9szlel\u00e9s : 19 + OV 2 \u2013 kiker\u00fcl\u00f6d a csapd\u00e1t (mert [19+1] &gt; 19)<\/li>\n<li>csapda\u00e9szlel\u00e9s : 20 + OV 1 \u2013 kiker\u00fcl\u00f6d a csapd\u00e1t (mert [20+0] &gt; 19)<\/li>\n<\/ul>\n<\/li>\n<li>hasonl\u00f3an ha a csapda k\u00fcsz\u00f6b\u00e9rt\u00e9ke 79, akkor a csapda\u00e9szlel\u00e9s 75 + OV 5 kev\u00e9s lesz, mert az OV 5 az +4 b\u00f3nuszt jelent, ami nem nagyobb, mint a c\u00e9l\u00e9rt\u00e9k.<\/li>\n<li>A 100 feletti csapda\u00e9szlel\u00e9s szak\u00e9rtelem annyit csin\u00e1l, hogy automatikusan biztos\u00edt nek\u00fcnk egy \u201cON\u201d \u00e1llapotot (OV 1), extra (1) TVP k\u00f6lts\u00e9g n\u00e9lk\u00fcl. <strong>FONTOS!<\/strong> A felfokozott \u00e9rz\u00e9kel\u00e9s (#406-os var\u00e1zslat) ezt nem kapcsolja be, ha am\u00fagy az alap szak\u00e9rtelm\u00fcnk 100 alatt van (de mondjuk k\u00f6zel 100-hoz), mert az nem a csapda\u00e9szlel\u00e9s\u00fcnket n\u00f6veli, hanem a csapda k\u00fcsz\u00f6b\u00e9rt\u00e9k\u00e9t cs\u00f6kkenti).<\/li>\n<\/ul>\n<p>&nbsp;<\/p>\n<p><a href=\"labirintus-tarhaz\">Ugr\u00e1s a bej\u00e1r\u00e1sokhoz &#8211;&gt;<\/a><\/p>\n<\/div>\n<\/div>\n","protected":false},"excerpt":{"rendered":"<p>Kedves l\u00e1togat\u00f3! &nbsp; Az oldalon tal\u00e1lhat\u00f3 labirintus bej\u00e1r\u00e1sok els\u0151dlegesen az\u00e9rt sz\u00fclettek, hogy megk\u00f6nny\u00edts\u00e9k az UL-ek meg\u00edr\u00e1s\u00e1t, levegy\u00e9k a terhet az emberr\u0151l, ugyanakkor nem \u00e1rt, ha az al\u00e1bbi dolgokkal tiszt\u00e1ban vagy, miel\u0151tt neki\u00e1llsz UL-t \u00edrni : A bej\u00e1r\u00e1sok nem foglalkoznak a kapcsol\u00f3k h\u00fazogat\u00e1s\u00e1val. Legyen elegend\u0151 felder\u00edt\u00e9sed, vagy igazl\u00e1t\u00e1sod. A felder\u00edt\u00e9st lehet turb\u00f3zni, lehet f\u0151zni fokhagym\u00e1s oldalast &hellip; <a href=\"https:\/\/itsource.us\/csucsu\/tudnivalok-a-bejarasokrol\/\" class=\"more-link\"><span class=\"screen-reader-text\">Tudnival\u00f3k a bej\u00e1r\u00e1sokr\u00f3l<\/span> b\u0151vebben&#8230; <span class=\"meta-nav\">&rarr;<\/span><\/a><\/p>\n","protected":false},"author":1,"featured_media":0,"parent":0,"menu_order":0,"comment_status":"closed","ping_status":"closed","template":"","meta":{"_lmt_disableupdate":"no","_lmt_disable":"","footnotes":""},"class_list":["post-270","page","type-page","status-publish","hentry"],"_links":{"self":[{"href":"https:\/\/itsource.us\/csucsu\/wp-json\/wp\/v2\/pages\/270","targetHints":{"allow":["GET"]}}],"collection":[{"href":"https:\/\/itsource.us\/csucsu\/wp-json\/wp\/v2\/pages"}],"about":[{"href":"https:\/\/itsource.us\/csucsu\/wp-json\/wp\/v2\/types\/page"}],"author":[{"embeddable":true,"href":"https:\/\/itsource.us\/csucsu\/wp-json\/wp\/v2\/users\/1"}],"replies":[{"embeddable":true,"href":"https:\/\/itsource.us\/csucsu\/wp-json\/wp\/v2\/comments?post=270"}],"version-history":[{"count":6,"href":"https:\/\/itsource.us\/csucsu\/wp-json\/wp\/v2\/pages\/270\/revisions"}],"predecessor-version":[{"id":1076,"href":"https:\/\/itsource.us\/csucsu\/wp-json\/wp\/v2\/pages\/270\/revisions\/1076"}],"wp:attachment":[{"href":"https:\/\/itsource.us\/csucsu\/wp-json\/wp\/v2\/media?parent=270"}],"curies":[{"name":"wp","href":"https:\/\/api.w.org\/{rel}","templated":true}]}}