{"id":16,"date":"2016-10-29T19:14:38","date_gmt":"2016-10-29T19:14:38","guid":{"rendered":"http:\/\/itsource.us\/csucsu\/?page_id=16"},"modified":"2023-09-03T12:44:18","modified_gmt":"2023-09-03T12:44:18","slug":"teruletek-nyugat","status":"publish","type":"page","link":"https:\/\/itsource.us\/csucsu\/teruletek-nyugat\/","title":{"rendered":"Kalandozzunk &#8211; Ghalla"},"content":{"rendered":"<p>El\u00f5sz\u00f3 helyett&#8230;<\/p>\n<p>&#8230; abba most nem menn\u00e9k bele, hogy pontosan mi az a TF, ha m\u00e1r ezen az oldalon j\u00e1rsz, akkor val\u00f3sz\u00edn\u0171leg tudod, ha pedig m\u00e9gsem akkor n\u00e9zz sz\u00e9t a j\u00e1t\u00e9k <a href=\"http:\/\/http:\/\/beholder.hu\/?m=tf\">hivatalos honlapj\u00e1n<\/a>.<\/p>\n<p>Ez a szekci\u00f3 az\u00e9rt k\u00e9sz\u00fclt el, illetve k\u00e9sz\u00fcl, mert a TF ma m\u00e1r egy igen nagy \u00e9s komplex j\u00e1t\u00e9kk\u00e1 n\u0151tte ki mag\u00e1t, \u00e9s sokan szokt\u00e1k feltenni a k\u00e9rd\u00e9st: &#8222;Innen merre \u00e9s hogyan tov\u00e1bb, mit k\u00e9ne csin\u00e1lnom?&#8221;. A Ghalla N\u00e9pe f\u00f3rum ugyan megfelel\u0151 fel\u00fclet ennek megbesz\u00e9l\u00e9s\u00e9re, m\u00e9gis a hasznos inform\u00e1ci\u00f3 k\u00f6nnyen \u00e9s gyorsan el tud veszni ak\u00e1r egyetlen nap alatt is a hozz\u00e1sz\u00f3l\u00e1sok tenger\u00e9ben, m\u00edg a hyper adatb\u00e1zis, legyen b\u00e1rmily csod\u00e1latos adatb\u00e1zis, m\u00e9gis csak a nyers inform\u00e1ci\u00f3kon alapul.<\/p>\n<p>Ezen oldal cikkei teh\u00e1t a tapasztalati \u00faton t\u00f6rt\u00e9n\u0151 megismer\u00e9s \u00e9s konkr\u00e9t tapasztalatok felhaszn\u00e1l\u00e1s\u00e1val pr\u00f3b\u00e1l \u00e9letszer\u0171 \u00fatmutat\u00f3kat k\u00edn\u00e1lni a j\u00e1t\u00e9kban val\u00f3 boldogul\u00e1shoz.<\/p>\n<h2>Kell egy karakter<\/h2>\n<p>Mindenekel\u0151tt kelleni fog egy karakter. Manaps\u00e1g h\u00e1rom (n\u00e9gy) lehet\u0151s\u00e9g\u00fcnk van elindulni kalandozni:<br \/>\n&#8211; <b>Saj\u00e1t karaktert ind\u00edtunk a honlapon<\/b> : Ezt nem igaz\u00e1n aj\u00e1nlom senkinek ma m\u00e1r. Hatalmas h\u00e1tr\u00e1nyt jelent, hogy a karakter nulla tud\u00e1ssal (hi\u00e1nyz\u00f3 tud\u00e1s a sz\u00f6rnyek \u00e9s t\u00e1rgyak tekintet\u00e9ben &#8222;enciklopedia fantasia &#8211; a tov\u00e1bbiakban enc.&#8221;) \u00e9s lemarad\u00e1s (j\u00e1t\u00e9kh\u00e9t) n\u00e9lk\u00fcl indul. Az enc-eket beszerezni igen sok er\u0151fesz\u00edt\u00e9st ig\u00e9nyel M\u00c1S r\u00e9sz\u00e9r\u0151l aki adja az inform\u00e1ci\u00f3t, a j\u00e1t\u00e9kh\u00e9t pedig zseton=HuF kiad\u00e1s. Ut\u00f3bbit az EXT parancsal az\u00e9rt el\u00e9g j\u00f3l fel lehet hozni, \u00edgy nem kell felt\u00e9tlen kem\u00e9ny p\u00e9nzt fizetni a j\u00e1t\u00e9kh\u00e9t-lemarad\u00e1s v\u00e1s\u00e1rl\u00e1s\u00e1\u00e9rt, de az\u00e9rt persze ha van valamennyi az m\u00e9giscsak jobb. Egy ilyen \u00faj karakter minden esetben a ki\u00e9gett f\u00f6ldekr\u0151l indul, nulla X koordin\u00e1t\u00e1r\u00f3l \u00e9s egy v\u00e9letlenszer\u0171 Y koordin\u00e1t\u00e1r\u00f3l.<br \/>\n&#8211; <b>\u00dajsz\u00fcl\u00f6tt karaktert ind\u00edtunk<\/b> : Ez l\u00e9nyegesen jobb, mint az el\u0151z\u0151 verzi\u00f3. Egy \u00fajsz\u00fcl\u00f6tt karakter az al\u00e1bbi el\u0151ny\u00f6kkel rendelkezik egy saj\u00e1t (ki\u00e9gett f\u00f6ldekr\u0151l) sz\u00e1rmaz\u00f3 \u00faj karakterrel szemben :<\/p>\n<div align=\"left\">\n<ol>\n<li>Az \u00fajsz\u00fcl\u00f6tt rendelkezik az anyja (\u00e9s ha r\u00e9szt vett a nevel\u00e9sben akkor az apja) minden tud\u00e1s\u00e1val (sz\u00f6rny, t\u00e1rgy \u00e9s karakter enc. tekintetben)<\/li>\n<li>Az \u00fajsz\u00fcl\u00f6tt rendelkezik a sz\u00fcl\u0151(k) minden l\u00e9tez\u0151 szak\u00e9rtelm\u00e9vel 1-es szinten (kiv\u00e9ve: teol\u00f3gia, taumaturgia, \u0151steol\u00f3gia, \u0151staumaturgia, \u00fasz\u00e1s, haj\u00f3z\u00e1s, csapatmunka).<\/li>\n<li>Az \u00fajsz\u00fcl\u00f6tt nem \u00f6r\u00f6kli azokat a parancsokat, amiket tapasztalati \u00faton (fordul\u00f3sz\u00e1m, var\u00e1zslatokkal kapcsolatos stb) illetve a KT-kkal kapcsolatos parancsok. A teljes lista: AMT, AT, BEAJ, BEEN, EF, EK, ERKI, ESK, FK, FKER, FOK, FSE, H, HH, KIEN, KOKI, KOTB, KOTF, KOTL, MAK, PBE, PKI, SZV, TF (marad\u00e9k TVP-b\u00f5l), TK, TKB, USZ, V, VV<\/li>\n<li>A gyermek jelleme mindenf\u00e9lek\u00e9ppen semleges lesz, de a sz\u00fcl\u0151(k) jelleme befoly\u00e1solja \u00e9s eltolja abba az ir\u00e1nyba amivel a sz\u00fcl\u0151(k) rendelkezik(nek). pl. gonosz sz\u00fcl\u0151 eset\u00e9n &#8222;semleges (-15)&#8221;.<\/li>\n<li>Az \u00fajsz\u00fcl\u00f6tt karakter kin\u00e9zet\u00e9t TE adhatod meg szabadon, illetve ma m\u00e1r k\u00e9rheted a faj\u00e1nak megv\u00e1ltoztat\u00e1s\u00e1t is, vagyis ak\u00e1r troll \u00e9s kobudera sz\u00fcl\u0151knek is lehet \u00e1rnyman\u00f3 gyermeke \ud83d\ude42<\/li>\n<li>Az \u00fajsz\u00fcl\u00f6tt indul\u00f3 koordin\u00e1t\u00e1ja tetsz\u0151leges, ha a sz\u00fcl\u0151k nyugatiak, egy\u00e9bk\u00e9nt a 140-es X koordin\u00e1ta fix (visszatoloncolt\u00e1k) \u00e9s az Y koordin\u00e1ta tetsz\u0151legesen v\u00e1laszthat\u00f3 &#8211; ezt jelezni kell a JV fel\u00e9 e-mailben, az 1. fordul\u00f3 el\u00f5tt.<\/li>\n<\/ol>\n<p>&#8211; <b>Megl\u00e9v\u0151 karaktert reinkarn\u00e1lunk<\/b> : Ez egy \u00faj opci\u00f3, err\u0151l b\u0151vebben a <a href=\"http:\/\/beholder.hu\/?m=tf&amp;cikk=23766\">hivatalos honlapon<\/a> olvashatsz. A l\u00e9nyege, hogy egy megl\u00e9v\u0151 karaktert ind\u00edtasz \u00fajra (rezetelsz) \u00fagy, hogy h\u0151stettei, enc-ei \u00e9s a j\u00e1t\u00e9khete megmarad, minden m\u00e1s adat t\u00f6rl\u0151dik. \u00dajra 0. fordul\u00f3s lesz, kezdeti ismeretei a vil\u00e1gr\u00f3l (pl. parancsok) att\u00f3l f\u00fcgg\u0151en lesznek vagy nem lesznek, hogy mik\u00e9nt indult el annak idej\u00e9n a karakter; ki\u00e9gett f\u00f6ldekr\u0151l vagy \u00fajsz\u00fcl\u00f6ttk\u00e9nt. Az\u00e9rt ez is sz\u00e1mos el\u0151nnyel j\u00e1r egy sim\u00e1n a ki\u00e9gett f\u00f6ldekr\u0151l ind\u00edtott \u00faj karakterrel szemben.<\/p>\n<div align=\"left\">\n<ol>\n<li>A reinkarn\u00e1lt karakter rendelkezik minden kor\u00e1bbi tud\u00e1s\u00e1val (sz\u00f6rny, t\u00e1rgy \u00e9s karakter enc. tekintetben)<\/li>\n<li>A reinkarn\u00e1lt karakter (amennyiben \u00fajsz\u00fcl\u00f6ttk\u00e9nt indult anno) rendelkezik a sz\u00fcl\u0151(k) minden kor\u00e1bbi szak\u00e9rtelm\u00e9vel 1-es szinten (kiv\u00e9ve: teol\u00f3gia, taumaturgia, \u0151steol\u00f3gia, \u0151staumaturgia, \u00fasz\u00e1s, haj\u00f3z\u00e1s, csapatmunka). Ha a reinkarn\u00e1lt karakter kor\u00e1bban a ki\u00e9gett f\u00f6ldekr\u0151l j\u00f6tt, akkor semmi extra szak\u00e9rtelemmel nem rendelkezik.<\/li>\n<li>A reinkarn\u00e1lt karakter jelleme mindenf\u00e9lek\u00e9ppen semleges (0) lesz.<\/li>\n<li>Megmarad a karaktersz\u00e1m, titkos\u00edt\u00e1s, n\u00e9v, nem, faj, jelenl\u00e9t b\u00f3nusz, magass\u00e1g, s\u00faly, kin\u00e9zet, a karakter apja \u00e9s anyja (ha van), a h\u00e1zast\u00e1rsa, a t\u00e1rgyak\/sz\u00f6rnyek\/j\u00e1t\u00e9kosok ismerete, a h\u0151stettek \u00e9s az EXT sz\u00e1ml\u00e1l\u00f3 (azaz h\u00e1nyszor adott ki az UL fejl\u00e9c\u00e9ben EXT-et). Valamint ismerni fogja azokat a parancsokat, amiket egy 0. fordul\u00f3s, vagy \u00fajsz\u00fcl\u00f6tt karakter alapb\u00f3l ismer, pl. T, FT, BA, SZK, KPB, KPK, BPB, BPK.<\/li>\n<li>A reinkarn\u00e1lt karakter indul\u00f3 koordin\u00e1t\u00e1ja tetsz\u0151leges lehet nyugaton b\u00e1rhonnan indulhat &#8211; ezt jelezni kell a JV fel\u00e9 e-mailben, amikor a reinkarn\u00e1ci\u00f3 miatt \u00edrsz.<\/li>\n<\/ol>\n<\/div>\n<p>Ha megvan a karakter akkor megindulhatunk utunkra. Ak\u00e1rhogy d\u00f6nt\u00fcnk is, ak\u00e1rmilyen \u00faton akarunk indulni, mindenk\u00e9pp Nyugatr\u00f3l indulunk, ez lesz teh\u00e1t kalandoz\u00e1saink els\u0151 helysz\u00edne. J\u00e1t\u00e9kst\u00edlust\u00f3l f\u00fcgg\u0151en nagyj\u00e1b\u00f3l k\u00e9tf\u00e9le k\u00e9ppen lehet nyugatot j\u00e1tszani.<\/p>\n<ul>\n<li>Siet\u0151sen \u00e1tszaladunk rajta, hogy min\u00e9l el\u0151bb keleten legy\u00fcnk. Sokak sz\u00e1m\u00e1ra ez a leglogikusabb v\u00e1laszt\u00e1s \u00e9s minden tapasztaltabb kalandoz\u00f3 ezt fogja v\u00e1lasztani, kiv\u00e9ve, ha c\u00e9ltudatosan nyugati k\u00f6v\u00fclet ind\u00edt\u00e1s\u00e1t c\u00e9lozza meg. Nincs ezzel semmi gond, az \u00e9rdektelen nyugatot c\u00e9lszer\u0171 min\u00e9l el\u0151bb magunk m\u00f6g\u00f6tt tudni, ha a v\u00e9gj\u00e1t\u00e9kot is szeretn\u00e9nk j\u00e1tszani. Keleten majdnem korl\u00e1tlan er\u0151forr\u00e1sok v\u00e1rnak minket, \u00e9s p\u00e9nz\u00e9rt kb. minden kaphat\u00f3.<\/li>\n<li>R\u00e1\u00e9r\u0151sen, laz\u00e1n l\u00e9pked\u00fcnk nyugaton. Ennek is megvan a var\u00e1zsa, sok minden beker\u00fclt nyugatra, sok egyedi k\u00fcldet\u00e9s is, t\u00f6bbszem\u00e9lyes kalandok, \u00e9s akad itt kih\u00edv\u00e1s b\u0151ven az arra v\u00e1gy\u00f3knak. F\u0151leg az er\u0151forr\u00e1sok korl\u00e1tozotts\u00e1ga miatt. Hi\u00e1ba van ak\u00e1rmennyi p\u00e9nz\u00fcnk itt, a legt\u00f6bb dolog vagy beszerezhetetlen\u00fcl ritka, vagy egy\u00e1ltal\u00e1n nincs.<\/li>\n<\/ul>\n<\/div>\n","protected":false},"excerpt":{"rendered":"<p>El\u00f5sz\u00f3 helyett&#8230; &#8230; abba most nem menn\u00e9k bele, hogy pontosan mi az a TF, ha m\u00e1r ezen az oldalon j\u00e1rsz, akkor val\u00f3sz\u00edn\u0171leg tudod, ha pedig m\u00e9gsem akkor n\u00e9zz sz\u00e9t a j\u00e1t\u00e9k hivatalos honlapj\u00e1n. Ez a szekci\u00f3 az\u00e9rt k\u00e9sz\u00fclt el, illetve k\u00e9sz\u00fcl, mert a TF ma m\u00e1r egy igen nagy \u00e9s komplex j\u00e1t\u00e9kk\u00e1 n\u0151tte ki mag\u00e1t, &hellip; <a href=\"https:\/\/itsource.us\/csucsu\/teruletek-nyugat\/\" class=\"more-link\"><span class=\"screen-reader-text\">Kalandozzunk &#8211; Ghalla<\/span> b\u0151vebben&#8230; <span class=\"meta-nav\">&rarr;<\/span><\/a><\/p>\n","protected":false},"author":1,"featured_media":0,"parent":0,"menu_order":0,"comment_status":"closed","ping_status":"closed","template":"","meta":{"_lmt_disableupdate":"no","_lmt_disable":"","footnotes":""},"class_list":["post-16","page","type-page","status-publish","hentry"],"_links":{"self":[{"href":"https:\/\/itsource.us\/csucsu\/wp-json\/wp\/v2\/pages\/16","targetHints":{"allow":["GET"]}}],"collection":[{"href":"https:\/\/itsource.us\/csucsu\/wp-json\/wp\/v2\/pages"}],"about":[{"href":"https:\/\/itsource.us\/csucsu\/wp-json\/wp\/v2\/types\/page"}],"author":[{"embeddable":true,"href":"https:\/\/itsource.us\/csucsu\/wp-json\/wp\/v2\/users\/1"}],"replies":[{"embeddable":true,"href":"https:\/\/itsource.us\/csucsu\/wp-json\/wp\/v2\/comments?post=16"}],"version-history":[{"count":6,"href":"https:\/\/itsource.us\/csucsu\/wp-json\/wp\/v2\/pages\/16\/revisions"}],"predecessor-version":[{"id":1241,"href":"https:\/\/itsource.us\/csucsu\/wp-json\/wp\/v2\/pages\/16\/revisions\/1241"}],"wp:attachment":[{"href":"https:\/\/itsource.us\/csucsu\/wp-json\/wp\/v2\/media?parent=16"}],"curies":[{"name":"wp","href":"https:\/\/api.w.org\/{rel}","templated":true}]}}