{"id":1100,"date":"2020-12-07T13:07:41","date_gmt":"2020-12-07T13:07:41","guid":{"rendered":"https:\/\/itsource.us\/csucsu\/?page_id=1100"},"modified":"2020-12-07T13:07:41","modified_gmt":"2020-12-07T13:07:41","slug":"vlagyi_titanit","status":"publish","type":"page","link":"https:\/\/itsource.us\/csucsu\/vlagyi_titanit\/","title":{"rendered":"Vlagyimir d\u00edj \u00e9s titanit duk\u00e1t aukci\u00f3 eredm\u00e9nyei"},"content":{"rendered":"<p><a href=\"https:\/\/itsource.us\/csucsu\/other\/Vlagyimir d\u00edjazottak \u00e9s titanitduk\u00e1t.xlsx\">Ezen a linken el\u00e9rhet\u0151 t\u00e1bl\u00e1zatban<\/a> vezetem az \u00f6sszes kor\u00e1bbi Vlagyimir dij-hoz tartoz\u00f3 statisztik\u00e1t \u00e9s a b\u00e1rki \u00e1ltal visszakereshet\u0151 titanitduk\u00e1t aukci\u00f3k hiszt\u00f3rikus adatait, azaz melyik f\u00e9l\u00e9vben ki mit \u00e9s mennyi\u00e9rt vett meg.<\/p>\n","protected":false},"excerpt":{"rendered":"<p>Ezen a linken el\u00e9rhet\u0151 t\u00e1bl\u00e1zatban vezetem az \u00f6sszes kor\u00e1bbi Vlagyimir dij-hoz tartoz\u00f3 statisztik\u00e1t \u00e9s a b\u00e1rki \u00e1ltal visszakereshet\u0151 titanitduk\u00e1t aukci\u00f3k hiszt\u00f3rikus adatait, azaz melyik f\u00e9l\u00e9vben ki mit \u00e9s mennyi\u00e9rt vett meg.<\/p>\n","protected":false},"author":1,"featured_media":0,"parent":0,"menu_order":0,"comment_status":"closed","ping_status":"closed","template":"","meta":{"_lmt_disableupdate":"","_lmt_disable":"","footnotes":""},"class_list":["post-1100","page","type-page","status-publish","hentry"],"_links":{"self":[{"href":"https:\/\/itsource.us\/csucsu\/wp-json\/wp\/v2\/pages\/1100","targetHints":{"allow":["GET"]}}],"collection":[{"href":"https:\/\/itsource.us\/csucsu\/wp-json\/wp\/v2\/pages"}],"about":[{"href":"https:\/\/itsource.us\/csucsu\/wp-json\/wp\/v2\/types\/page"}],"author":[{"embeddable":true,"href":"https:\/\/itsource.us\/csucsu\/wp-json\/wp\/v2\/users\/1"}],"replies":[{"embeddable":true,"href":"https:\/\/itsource.us\/csucsu\/wp-json\/wp\/v2\/comments?post=1100"}],"version-history":[{"count":1,"href":"https:\/\/itsource.us\/csucsu\/wp-json\/wp\/v2\/pages\/1100\/revisions"}],"predecessor-version":[{"id":1102,"href":"https:\/\/itsource.us\/csucsu\/wp-json\/wp\/v2\/pages\/1100\/revisions\/1102"}],"wp:attachment":[{"href":"https:\/\/itsource.us\/csucsu\/wp-json\/wp\/v2\/media?parent=1100"}],"curies":[{"name":"wp","href":"https:\/\/api.w.org\/{rel}","templated":true}]}}